{"id":9278,"date":"2018-09-24T08:01:59","date_gmt":"2018-09-24T08:01:59","guid":{"rendered":"http:\/\/alps2riviera.it\/?page_id=9278"},"modified":"2018-09-24T08:01:59","modified_gmt":"2018-09-24T08:01:59","slug":"extra-insurance","status":"publish","type":"page","link":"https:\/\/alps2riviera.it\/fr\/extra-insurance\/","title":{"rendered":"Extra Insurance"},"content":{"rendered":"<p>The policy protects residents abroad during travels and stays for tourism and study within the territories of the Nations Parties to the Schengen Convention.<\/p>\n<p>The policy covers foreign residents for trips and stays carried out for the purposes of tourism and study throughout all the States that adhere to the Schengen Convention. The policy also constitutes a document that is valid for obtaining a consular visa or permit of stay for reasons of tourism\/study on behalf of citizens who come from countries that are outside the European Union.<\/p>\n<p>The policy is valid for persons under 70 years old.<\/p>\n<p><strong>WARRANTIES:<\/strong><\/p>\n<p>Personal assistance 24h \/24<\/p>\n<p>Medical expenses: direct payment of urgent medical expenses up to \u20ac30.000.<\/p>\n","protected":false},"excerpt":{"rendered":"<p>The policy protects residents abroad during travels and stays for tourism and study within the territories of the Nations Parties to the Schengen Convention. The policy covers foreign residents for trips and stays carried out for the purposes of tourism and study throughout all the States that adhere to the Schengen Convention. The policy also [&hellip;]<\/p>\n","protected":false},"author":1,"featured_media":0,"parent":0,"menu_order":0,"comment_status":"closed","ping_status":"closed","template":"","meta":[],"yoast_head":"<!-- This site is optimized with the Yoast SEO plugin v20.13 - https:\/\/yoast.com\/wordpress\/plugins\/seo\/ -->\n<title>Extra Insurance - Alps2Riviera Randonn\u00e9e de cyclisme<\/title>\n<meta name=\"robots\" content=\"index, follow, max-snippet:-1, max-image-preview:large, max-video-preview:-1\" \/>\n<link rel=\"canonical\" href=\"https:\/\/alps2riviera.it\/fr\/extra-insurance\/\" \/>\n<meta property=\"og:locale\" content=\"fr_FR\" \/>\n<meta property=\"og:type\" content=\"article\" \/>\n<meta property=\"og:title\" content=\"Extra Insurance - Alps2Riviera Randonn\u00e9e de cyclisme\" \/>\n<meta property=\"og:description\" content=\"The policy protects residents abroad during travels and stays for tourism and study within the territories of the Nations Parties to the Schengen Convention. The policy covers foreign residents for trips and stays carried out for the purposes of tourism and study throughout all the States that adhere to the Schengen Convention. The policy also [&hellip;]\" \/>\n<meta property=\"og:url\" content=\"https:\/\/alps2riviera.it\/fr\/extra-insurance\/\" \/>\n<meta property=\"og:site_name\" content=\"Alps2Riviera Randonn\u00e9e de cyclisme\" \/>\n<meta name=\"twitter:label1\" content=\"Dur\u00e9e de lecture estim\u00e9e\" \/>\n\t<meta name=\"twitter:data1\" content=\"1 minute\" \/>\n<script type=\"application\/ld+json\" class=\"yoast-schema-graph\">{\"@context\":\"https:\/\/schema.org\",\"@graph\":[{\"@type\":\"WebPage\",\"@id\":\"https:\/\/alps2riviera.it\/fr\/extra-insurance\/\",\"url\":\"https:\/\/alps2riviera.it\/fr\/extra-insurance\/\",\"name\":\"Extra Insurance - Alps2Riviera Randonn\u00e9e de cyclisme\",\"isPartOf\":{\"@id\":\"https:\/\/alps2riviera.it\/#website\"},\"datePublished\":\"2018-09-24T08:01:59+00:00\",\"dateModified\":\"2018-09-24T08:01:59+00:00\",\"breadcrumb\":{\"@id\":\"https:\/\/alps2riviera.it\/fr\/extra-insurance\/#breadcrumb\"},\"inLanguage\":\"fr-FR\",\"potentialAction\":[{\"@type\":\"ReadAction\",\"target\":[\"https:\/\/alps2riviera.it\/fr\/extra-insurance\/\"]}]},{\"@type\":\"BreadcrumbList\",\"@id\":\"https:\/\/alps2riviera.it\/fr\/extra-insurance\/#breadcrumb\",\"itemListElement\":[{\"@type\":\"ListItem\",\"position\":1,\"name\":\"Home\",\"item\":\"https:\/\/alps2riviera.it\/fr\/\"},{\"@type\":\"ListItem\",\"position\":2,\"name\":\"Extra Insurance\"}]},{\"@type\":\"WebSite\",\"@id\":\"https:\/\/alps2riviera.it\/#website\",\"url\":\"https:\/\/alps2riviera.it\/\",\"name\":\"Alps2Riviera Randonn\u00e9e de cyclisme\",\"description\":\"12-19 maggio 2019 | tour ciclistico attraverso Piemonte e Liguria\",\"potentialAction\":[{\"@type\":\"SearchAction\",\"target\":{\"@type\":\"EntryPoint\",\"urlTemplate\":\"https:\/\/alps2riviera.it\/?s={search_term_string}\"},\"query-input\":\"required name=search_term_string\"}],\"inLanguage\":\"fr-FR\"}]}<\/script>\n<!-- \/ Yoast SEO plugin. -->","yoast_head_json":{"title":"Extra Insurance - Alps2Riviera Randonn\u00e9e de cyclisme","robots":{"index":"index","follow":"follow","max-snippet":"max-snippet:-1","max-image-preview":"max-image-preview:large","max-video-preview":"max-video-preview:-1"},"canonical":"https:\/\/alps2riviera.it\/fr\/extra-insurance\/","og_locale":"fr_FR","og_type":"article","og_title":"Extra Insurance - Alps2Riviera Randonn\u00e9e de cyclisme","og_description":"The policy protects residents abroad during travels and stays for tourism and study within the territories of the Nations Parties to the Schengen Convention. The policy covers foreign residents for trips and stays carried out for the purposes of tourism and study throughout all the States that adhere to the Schengen Convention. The policy also [&hellip;]","og_url":"https:\/\/alps2riviera.it\/fr\/extra-insurance\/","og_site_name":"Alps2Riviera Randonn\u00e9e de cyclisme","twitter_misc":{"Dur\u00e9e de lecture estim\u00e9e":"1 minute"},"schema":{"@context":"https:\/\/schema.org","@graph":[{"@type":"WebPage","@id":"https:\/\/alps2riviera.it\/fr\/extra-insurance\/","url":"https:\/\/alps2riviera.it\/fr\/extra-insurance\/","name":"Extra Insurance - Alps2Riviera Randonn\u00e9e de cyclisme","isPartOf":{"@id":"https:\/\/alps2riviera.it\/#website"},"datePublished":"2018-09-24T08:01:59+00:00","dateModified":"2018-09-24T08:01:59+00:00","breadcrumb":{"@id":"https:\/\/alps2riviera.it\/fr\/extra-insurance\/#breadcrumb"},"inLanguage":"fr-FR","potentialAction":[{"@type":"ReadAction","target":["https:\/\/alps2riviera.it\/fr\/extra-insurance\/"]}]},{"@type":"BreadcrumbList","@id":"https:\/\/alps2riviera.it\/fr\/extra-insurance\/#breadcrumb","itemListElement":[{"@type":"ListItem","position":1,"name":"Home","item":"https:\/\/alps2riviera.it\/fr\/"},{"@type":"ListItem","position":2,"name":"Extra Insurance"}]},{"@type":"WebSite","@id":"https:\/\/alps2riviera.it\/#website","url":"https:\/\/alps2riviera.it\/","name":"Alps2Riviera Randonn\u00e9e de cyclisme","description":"12-19 maggio 2019 | tour ciclistico attraverso Piemonte e Liguria","potentialAction":[{"@type":"SearchAction","target":{"@type":"EntryPoint","urlTemplate":"https:\/\/alps2riviera.it\/?s={search_term_string}"},"query-input":"required name=search_term_string"}],"inLanguage":"fr-FR"}]}},"_links":{"self":[{"href":"https:\/\/alps2riviera.it\/fr\/wp-json\/wp\/v2\/pages\/9278"}],"collection":[{"href":"https:\/\/alps2riviera.it\/fr\/wp-json\/wp\/v2\/pages"}],"about":[{"href":"https:\/\/alps2riviera.it\/fr\/wp-json\/wp\/v2\/types\/page"}],"author":[{"embeddable":true,"href":"https:\/\/alps2riviera.it\/fr\/wp-json\/wp\/v2\/users\/1"}],"replies":[{"embeddable":true,"href":"https:\/\/alps2riviera.it\/fr\/wp-json\/wp\/v2\/comments?post=9278"}],"version-history":[{"count":1,"href":"https:\/\/alps2riviera.it\/fr\/wp-json\/wp\/v2\/pages\/9278\/revisions"}],"predecessor-version":[{"id":9280,"href":"https:\/\/alps2riviera.it\/fr\/wp-json\/wp\/v2\/pages\/9278\/revisions\/9280"}],"wp:attachment":[{"href":"https:\/\/alps2riviera.it\/fr\/wp-json\/wp\/v2\/media?parent=9278"}],"curies":[{"name":"wp","href":"https:\/\/api.w.org\/{rel}","templated":true}]}}