{"id":8874,"date":"2018-06-11T09:43:46","date_gmt":"2018-06-11T09:43:46","guid":{"rendered":"http:\/\/alps2riviera.it\/randonnee-alpes2riviera\/stage-1\/"},"modified":"2018-09-19T10:21:21","modified_gmt":"2018-09-19T10:21:21","slug":"etape-1","status":"publish","type":"page","link":"https:\/\/alps2riviera.it\/fr\/randonnee-alpes2riviera\/etape-1\/","title":{"rendered":"Etape 1 Alps2Riviera"},"content":{"rendered":"<h2>La premi\u00e8re \u00e9tape de la randonn\u00e9e Alps2Riviera se d\u00e9roule le long de la r\u00e9gion de Biella, entre Bielmonte et Sandigliano.<\/h2>\n<h3>Bielmonte (Oasi Zegna) \u2013 Sandigliano (BI)<br \/>\nKm 82,00<br \/>\nDiff\u00e9rence d\u2019altitude : +1250 m &#8211; 2410 m<\/h3>\n\n\t\t<style type=\"text\/css\">\n\t\t\t#gallery-1 {\n\t\t\t\tmargin: auto;\n\t\t\t}\n\t\t\t#gallery-1 .gallery-item {\n\t\t\t\tfloat: left;\n\t\t\t\tmargin-top: 10px;\n\t\t\t\ttext-align: center;\n\t\t\t\twidth: 25%;\n\t\t\t}\n\t\t\t#gallery-1 img {\n\t\t\t\tborder: 2px solid #cfcfcf;\n\t\t\t}\n\t\t\t#gallery-1 .gallery-caption {\n\t\t\t\tmargin-left: 0;\n\t\t\t}\n\t\t\t\/* see gallery_shortcode() in wp-includes\/media.php *\/\n\t\t<\/style>\n\t\t<div id='gallery-1' class='gallery galleryid-8874 gallery-columns-4 gallery-size-thumbnail'><dl class='gallery-item'>\n\t\t\t<dt class='gallery-icon landscape'>\n\t\t\t\t<a onclick=\"javascript:pageTracker._trackPageview('\/outgoing\/alps2riviera.it\/wp-content\/uploads\/2018\/06\/22s.jpg');\"  href='https:\/\/alps2riviera.it\/wp-content\/uploads\/2018\/06\/22s.jpg'><img width=\"150\" height=\"150\" src=\"https:\/\/alps2riviera.it\/wp-content\/uploads\/2018\/06\/22s-150x150.jpg\" class=\"attachment-thumbnail size-thumbnail\" alt=\"\" decoding=\"async\" loading=\"lazy\" \/><\/a>\n\t\t\t<\/dt><\/dl><dl class='gallery-item'>\n\t\t\t<dt class='gallery-icon landscape'>\n\t\t\t\t<a onclick=\"javascript:pageTracker._trackPageview('\/outgoing\/alps2riviera.it\/wp-content\/uploads\/2018\/06\/3330389771_fe37bdaecb.jpg');\"  href='https:\/\/alps2riviera.it\/wp-content\/uploads\/2018\/06\/3330389771_fe37bdaecb.jpg'><img width=\"150\" height=\"150\" src=\"https:\/\/alps2riviera.it\/wp-content\/uploads\/2018\/06\/3330389771_fe37bdaecb-150x150.jpg\" class=\"attachment-thumbnail size-thumbnail\" alt=\"\" decoding=\"async\" loading=\"lazy\" \/><\/a>\n\t\t\t<\/dt><\/dl><dl class='gallery-item'>\n\t\t\t<dt class='gallery-icon landscape'>\n\t\t\t\t<a onclick=\"javascript:pageTracker._trackPageview('\/outgoing\/alps2riviera.it\/wp-content\/uploads\/2018\/06\/alps-2-riviera-tappe-le-dure-rampe-galleria-rosazza-.jpg');\"  href='https:\/\/alps2riviera.it\/wp-content\/uploads\/2018\/06\/alps-2-riviera-tappe-le-dure-rampe-galleria-rosazza-.jpg'><img width=\"150\" height=\"150\" src=\"https:\/\/alps2riviera.it\/wp-content\/uploads\/2018\/06\/alps-2-riviera-tappe-le-dure-rampe-galleria-rosazza--150x150.jpg\" class=\"attachment-thumbnail size-thumbnail\" alt=\"\" decoding=\"async\" loading=\"lazy\" \/><\/a>\n\t\t\t<\/dt><\/dl><dl class='gallery-item'>\n\t\t\t<dt class='gallery-icon landscape'>\n\t\t\t\t<a onclick=\"javascript:pageTracker._trackPageview('\/outgoing\/alps2riviera.it\/wp-content\/uploads\/2018\/06\/Bucaneve-stanze.jpg');\"  href='https:\/\/alps2riviera.it\/wp-content\/uploads\/2018\/06\/Bucaneve-stanze.jpg'><img width=\"150\" height=\"150\" src=\"https:\/\/alps2riviera.it\/wp-content\/uploads\/2018\/06\/Bucaneve-stanze-150x150.jpg\" class=\"attachment-thumbnail size-thumbnail\" alt=\"\" decoding=\"async\" loading=\"lazy\" \/><\/a>\n\t\t\t<\/dt><\/dl><br style=\"clear: both\" \/><dl class='gallery-item'>\n\t\t\t<dt class='gallery-icon landscape'>\n\t\t\t\t<a onclick=\"javascript:pageTracker._trackPageview('\/outgoing\/alps2riviera.it\/wp-content\/uploads\/2018\/06\/CASTELLENGO-Aerea-FL.jpg');\"  href='https:\/\/alps2riviera.it\/wp-content\/uploads\/2018\/06\/CASTELLENGO-Aerea-FL.jpg'><img width=\"150\" height=\"150\" src=\"https:\/\/alps2riviera.it\/wp-content\/uploads\/2018\/06\/CASTELLENGO-Aerea-FL-150x150.jpg\" class=\"attachment-thumbnail size-thumbnail\" alt=\"\" decoding=\"async\" loading=\"lazy\" \/><\/a>\n\t\t\t<\/dt><\/dl><dl class='gallery-item'>\n\t\t\t<dt class='gallery-icon landscape'>\n\t\t\t\t<a onclick=\"javascript:pageTracker._trackPageview('\/outgoing\/alps2riviera.it\/wp-content\/uploads\/2018\/06\/le-dure-rampe-galleria-rosazza.jpg');\"  href='https:\/\/alps2riviera.it\/wp-content\/uploads\/2018\/06\/le-dure-rampe-galleria-rosazza.jpg'><img width=\"150\" height=\"150\" src=\"https:\/\/alps2riviera.it\/wp-content\/uploads\/2018\/06\/le-dure-rampe-galleria-rosazza-150x150.jpg\" class=\"attachment-thumbnail size-thumbnail\" alt=\"\" decoding=\"async\" loading=\"lazy\" \/><\/a>\n\t\t\t<\/dt><\/dl><dl class='gallery-item'>\n\t\t\t<dt class='gallery-icon landscape'>\n\t\t\t\t<a onclick=\"javascript:pageTracker._trackPageview('\/outgoing\/alps2riviera.it\/wp-content\/uploads\/2018\/06\/Oropa-bici1.jpg');\"  href='https:\/\/alps2riviera.it\/wp-content\/uploads\/2018\/06\/Oropa-bici1.jpg'><img width=\"150\" height=\"150\" src=\"https:\/\/alps2riviera.it\/wp-content\/uploads\/2018\/06\/Oropa-bici1-150x150.jpg\" class=\"attachment-thumbnail size-thumbnail\" alt=\"\" decoding=\"async\" loading=\"lazy\" \/><\/a>\n\t\t\t<\/dt><\/dl><dl class='gallery-item'>\n\t\t\t<dt class='gallery-icon portrait'>\n\t\t\t\t<a onclick=\"javascript:pageTracker._trackPageview('\/outgoing\/alps2riviera.it\/wp-content\/uploads\/2018\/06\/POLENTA-concia1-FL-Copia.jpg');\"  href='https:\/\/alps2riviera.it\/wp-content\/uploads\/2018\/06\/POLENTA-concia1-FL-Copia.jpg'><img width=\"150\" height=\"150\" src=\"https:\/\/alps2riviera.it\/wp-content\/uploads\/2018\/06\/POLENTA-concia1-FL-Copia-150x150.jpg\" class=\"attachment-thumbnail size-thumbnail\" alt=\"\" decoding=\"async\" loading=\"lazy\" \/><\/a>\n\t\t\t<\/dt><\/dl><br style=\"clear: both\" \/><dl class='gallery-item'>\n\t\t\t<dt class='gallery-icon landscape'>\n\t\t\t\t<a onclick=\"javascript:pageTracker._trackPageview('\/outgoing\/alps2riviera.it\/wp-content\/uploads\/2018\/06\/rosazza_w.jpg');\"  href='https:\/\/alps2riviera.it\/wp-content\/uploads\/2018\/06\/rosazza_w.jpg'><img width=\"150\" height=\"150\" src=\"https:\/\/alps2riviera.it\/wp-content\/uploads\/2018\/06\/rosazza_w-150x150.jpg\" class=\"attachment-thumbnail size-thumbnail\" alt=\"\" decoding=\"async\" loading=\"lazy\" \/><\/a>\n\t\t\t<\/dt><\/dl>\n\t\t\t<br style='clear: both' \/>\n\t\t<\/div>\n\n<p align=\"justify\">C\u2019est parti ! De Bielmonte \u00e0 Oasi Zegna, Alps2Riviera commence \u00e0 partir de la place centrale, avec une vue magnifique sur les plaines et les collines de Monferrato en arri\u00e8re-plan\u00a0; collines que nous allons traverser sur les prochaines \u00e9tapes. La premi\u00e8re partie est en descente (14 km) vers Valle Cervo et le village de Rosazza, le village le plus myst\u00e9rieux de Biella, plein de symboles architecturaux, li\u00e9s \u00e0 des myst\u00e8res fascinants.<\/p>\n<p align=\"justify\">La route monte de l&rsquo;autre c\u00f4t\u00e9 de la vall\u00e9e en passant par le premier sanctuaire que nous rencontrerons, le sanctuaire de San Giovanni. Difficile de grimper (7,8 km &#8211; D + 655 m de d\u00e9nivel\u00e9 moyen 7,8%), mais cette ascension est r\u00e9compens\u00e9e, apr\u00e8s avoir travers\u00e9 un petit tunnel, par une vue plongeante sur le sanctuaire d&rsquo;Oropa, le plus grand Sanctuaire marial des Alpes.<\/p>\n<p align=\"justify\">Apr\u00e8s un arr\u00eat pour prendre un caf\u00e9 ou un chocolat chaud, nous continuons sur la route appel\u00e9e \u00ab\u00a0Il Tracciolino\u00a0\u00bb, avec une vue constante et grandiose de la plaine \u00e0 vos pieds. Dans un environnement montagneux et sauvage, nous arrivons ensuite \u00e0 La Bossola et continuons tout droit jusqu&rsquo;\u00e0 une bifurcation \u00e0 gauche. Elle nous m\u00e8nera en descente \u00e0 Netro pour atteindre une autre magnifique route panoramique qui, en traversant de jolis villages, nous conduira \u00e0 Graglia, Muzzano puis en descente vers Biella.<\/p>\n<p align=\"justify\">Mais avant d&rsquo;arriver dans la ville, nous quittons la route nationale pour monter, \u00e0 gauche, vers Sordevolo, o\u00f9, tous les 5 ans, une repr\u00e9sentation c\u00e9l\u00e8bre de la Passion du Christ a lieu\u00a0; puis Pollone. En traversant ce joli village, nous atteindrons l&rsquo;entr\u00e9e du parc naturel de Burcina. Apr\u00e8s avoir travers\u00e9 les collines de Biella, nous arriverons \u00e0 Biella, en passant par les rues m\u00e9di\u00e9vales et les b\u00e2timents historiques de la Piazzo, la partie la plus ancienne de la ville. L&rsquo;\u00e9tape se terminera \u00e0 Sandigliano pour un repos bien m\u00e9rit\u00e9 dans un h\u00f4tel de la r\u00e9gion.<\/p>\n<p>&nbsp;<\/p>\n<div style=\"position: relative; padding-bottom: 75%; height: 0; overflow: hidden;\"><iframe style=\"border: 0; position: absolute; top: 0; left: 0; width: 100%; height: 100%;\" src=\"https:\/\/www.openrunner.com\/route\/8547241\/embed\/fr\/6c347048753133695a6330426c3466556e53394c697771786856356c556f4644636b2b7065746d7a384c733d3a3af541183d2f3ed2d675cd95edef9b5690\" frameborder=\"0\" scrolling=\"no\" allowfullscreen=\"allowfullscreen\"><\/iframe><\/div>\n<p>&nbsp;<\/p>\n","protected":false},"excerpt":{"rendered":"<p>La premi\u00e8re \u00e9tape de la randonn\u00e9e Alps2Riviera se d\u00e9roule le long de la r\u00e9gion de Biella, entre Bielmonte et Sandigliano. Bielmonte (Oasi Zegna) \u2013 Sandigliano (BI) Km 82,00 Diff\u00e9rence d\u2019altitude : +1250 m &#8211; 2410 m C\u2019est parti ! De Bielmonte \u00e0 Oasi Zegna, Alps2Riviera commence \u00e0 partir de la place centrale, avec une vue [&hellip;]<\/p>\n","protected":false},"author":1,"featured_media":0,"parent":8861,"menu_order":0,"comment_status":"closed","ping_status":"closed","template":"","meta":[],"yoast_head":"<!-- This site is optimized with the Yoast SEO plugin v20.13 - https:\/\/yoast.com\/wordpress\/plugins\/seo\/ -->\n<title>Etape 1 Alps2Riviera - Alps2Riviera Randonn\u00e9e de cyclisme<\/title>\n<meta name=\"description\" content=\"La premi\u00e8re \u00e9tape de la randonn\u00e9e Alps2Riviera se d\u00e9roule le long de la r\u00e9gion de Biella, entre Bielmonte et Sandigliano.\" \/>\n<meta name=\"robots\" content=\"index, follow, max-snippet:-1, max-image-preview:large, max-video-preview:-1\" \/>\n<link rel=\"canonical\" href=\"https:\/\/alps2riviera.it\/fr\/randonnee-alpes2riviera\/etape-1\/\" \/>\n<meta property=\"og:locale\" content=\"fr_FR\" \/>\n<meta property=\"og:type\" content=\"article\" \/>\n<meta property=\"og:title\" content=\"Etape 1 Alps2Riviera - Alps2Riviera Randonn\u00e9e de cyclisme\" \/>\n<meta property=\"og:description\" content=\"La premi\u00e8re \u00e9tape de la randonn\u00e9e Alps2Riviera se d\u00e9roule le long de la r\u00e9gion de Biella, entre Bielmonte et Sandigliano.\" \/>\n<meta property=\"og:url\" content=\"https:\/\/alps2riviera.it\/fr\/randonnee-alpes2riviera\/etape-1\/\" \/>\n<meta property=\"og:site_name\" content=\"Alps2Riviera Randonn\u00e9e de cyclisme\" \/>\n<meta property=\"article:modified_time\" content=\"2018-09-19T10:21:21+00:00\" \/>\n<meta property=\"og:image\" content=\"https:\/\/alps2riviera.it\/wp-content\/uploads\/2018\/06\/22s-150x150.jpg\" \/>\n<meta name=\"twitter:label1\" content=\"Dur\u00e9e de lecture estim\u00e9e\" \/>\n\t<meta name=\"twitter:data1\" content=\"2 minutes\" \/>\n<script type=\"application\/ld+json\" class=\"yoast-schema-graph\">{\"@context\":\"https:\/\/schema.org\",\"@graph\":[{\"@type\":\"WebPage\",\"@id\":\"https:\/\/alps2riviera.it\/fr\/randonnee-alpes2riviera\/etape-1\/\",\"url\":\"https:\/\/alps2riviera.it\/fr\/randonnee-alpes2riviera\/etape-1\/\",\"name\":\"Etape 1 Alps2Riviera - Alps2Riviera Randonn\u00e9e de cyclisme\",\"isPartOf\":{\"@id\":\"https:\/\/alps2riviera.it\/#website\"},\"datePublished\":\"2018-06-11T09:43:46+00:00\",\"dateModified\":\"2018-09-19T10:21:21+00:00\",\"description\":\"La premi\u00e8re \u00e9tape de la randonn\u00e9e Alps2Riviera se d\u00e9roule le long de la r\u00e9gion de Biella, entre Bielmonte et Sandigliano.\",\"breadcrumb\":{\"@id\":\"https:\/\/alps2riviera.it\/fr\/randonnee-alpes2riviera\/etape-1\/#breadcrumb\"},\"inLanguage\":\"fr-FR\",\"potentialAction\":[{\"@type\":\"ReadAction\",\"target\":[\"https:\/\/alps2riviera.it\/fr\/randonnee-alpes2riviera\/etape-1\/\"]}]},{\"@type\":\"BreadcrumbList\",\"@id\":\"https:\/\/alps2riviera.it\/fr\/randonnee-alpes2riviera\/etape-1\/#breadcrumb\",\"itemListElement\":[{\"@type\":\"ListItem\",\"position\":1,\"name\":\"Home\",\"item\":\"https:\/\/alps2riviera.it\/fr\/\"},{\"@type\":\"ListItem\",\"position\":2,\"name\":\"Randonn\u00e9e Alps2Riviera\",\"item\":\"https:\/\/alps2riviera.it\/fr\/randonnee-alpes2riviera\/\"},{\"@type\":\"ListItem\",\"position\":3,\"name\":\"Etape 1 Alps2Riviera\"}]},{\"@type\":\"WebSite\",\"@id\":\"https:\/\/alps2riviera.it\/#website\",\"url\":\"https:\/\/alps2riviera.it\/\",\"name\":\"Alps2Riviera Randonn\u00e9e de cyclisme\",\"description\":\"12-19 maggio 2019 | tour ciclistico attraverso Piemonte e Liguria\",\"potentialAction\":[{\"@type\":\"SearchAction\",\"target\":{\"@type\":\"EntryPoint\",\"urlTemplate\":\"https:\/\/alps2riviera.it\/?s={search_term_string}\"},\"query-input\":\"required name=search_term_string\"}],\"inLanguage\":\"fr-FR\"}]}<\/script>\n<!-- \/ Yoast SEO plugin. -->","yoast_head_json":{"title":"Etape 1 Alps2Riviera - Alps2Riviera Randonn\u00e9e de cyclisme","description":"La premi\u00e8re \u00e9tape de la randonn\u00e9e Alps2Riviera se d\u00e9roule le long de la r\u00e9gion de Biella, entre Bielmonte et Sandigliano.","robots":{"index":"index","follow":"follow","max-snippet":"max-snippet:-1","max-image-preview":"max-image-preview:large","max-video-preview":"max-video-preview:-1"},"canonical":"https:\/\/alps2riviera.it\/fr\/randonnee-alpes2riviera\/etape-1\/","og_locale":"fr_FR","og_type":"article","og_title":"Etape 1 Alps2Riviera - Alps2Riviera Randonn\u00e9e de cyclisme","og_description":"La premi\u00e8re \u00e9tape de la randonn\u00e9e Alps2Riviera se d\u00e9roule le long de la r\u00e9gion de Biella, entre Bielmonte et Sandigliano.","og_url":"https:\/\/alps2riviera.it\/fr\/randonnee-alpes2riviera\/etape-1\/","og_site_name":"Alps2Riviera Randonn\u00e9e de cyclisme","article_modified_time":"2018-09-19T10:21:21+00:00","og_image":[{"url":"https:\/\/alps2riviera.it\/wp-content\/uploads\/2018\/06\/22s-150x150.jpg"}],"twitter_misc":{"Dur\u00e9e de lecture estim\u00e9e":"2 minutes"},"schema":{"@context":"https:\/\/schema.org","@graph":[{"@type":"WebPage","@id":"https:\/\/alps2riviera.it\/fr\/randonnee-alpes2riviera\/etape-1\/","url":"https:\/\/alps2riviera.it\/fr\/randonnee-alpes2riviera\/etape-1\/","name":"Etape 1 Alps2Riviera - Alps2Riviera Randonn\u00e9e de cyclisme","isPartOf":{"@id":"https:\/\/alps2riviera.it\/#website"},"datePublished":"2018-06-11T09:43:46+00:00","dateModified":"2018-09-19T10:21:21+00:00","description":"La premi\u00e8re \u00e9tape de la randonn\u00e9e Alps2Riviera se d\u00e9roule le long de la r\u00e9gion de Biella, entre Bielmonte et Sandigliano.","breadcrumb":{"@id":"https:\/\/alps2riviera.it\/fr\/randonnee-alpes2riviera\/etape-1\/#breadcrumb"},"inLanguage":"fr-FR","potentialAction":[{"@type":"ReadAction","target":["https:\/\/alps2riviera.it\/fr\/randonnee-alpes2riviera\/etape-1\/"]}]},{"@type":"BreadcrumbList","@id":"https:\/\/alps2riviera.it\/fr\/randonnee-alpes2riviera\/etape-1\/#breadcrumb","itemListElement":[{"@type":"ListItem","position":1,"name":"Home","item":"https:\/\/alps2riviera.it\/fr\/"},{"@type":"ListItem","position":2,"name":"Randonn\u00e9e Alps2Riviera","item":"https:\/\/alps2riviera.it\/fr\/randonnee-alpes2riviera\/"},{"@type":"ListItem","position":3,"name":"Etape 1 Alps2Riviera"}]},{"@type":"WebSite","@id":"https:\/\/alps2riviera.it\/#website","url":"https:\/\/alps2riviera.it\/","name":"Alps2Riviera Randonn\u00e9e de cyclisme","description":"12-19 maggio 2019 | tour ciclistico attraverso Piemonte e Liguria","potentialAction":[{"@type":"SearchAction","target":{"@type":"EntryPoint","urlTemplate":"https:\/\/alps2riviera.it\/?s={search_term_string}"},"query-input":"required name=search_term_string"}],"inLanguage":"fr-FR"}]}},"_links":{"self":[{"href":"https:\/\/alps2riviera.it\/fr\/wp-json\/wp\/v2\/pages\/8874"}],"collection":[{"href":"https:\/\/alps2riviera.it\/fr\/wp-json\/wp\/v2\/pages"}],"about":[{"href":"https:\/\/alps2riviera.it\/fr\/wp-json\/wp\/v2\/types\/page"}],"author":[{"embeddable":true,"href":"https:\/\/alps2riviera.it\/fr\/wp-json\/wp\/v2\/users\/1"}],"replies":[{"embeddable":true,"href":"https:\/\/alps2riviera.it\/fr\/wp-json\/wp\/v2\/comments?post=8874"}],"version-history":[{"count":3,"href":"https:\/\/alps2riviera.it\/fr\/wp-json\/wp\/v2\/pages\/8874\/revisions"}],"predecessor-version":[{"id":9222,"href":"https:\/\/alps2riviera.it\/fr\/wp-json\/wp\/v2\/pages\/8874\/revisions\/9222"}],"up":[{"embeddable":true,"href":"https:\/\/alps2riviera.it\/fr\/wp-json\/wp\/v2\/pages\/8861"}],"wp:attachment":[{"href":"https:\/\/alps2riviera.it\/fr\/wp-json\/wp\/v2\/media?parent=8874"}],"curies":[{"name":"wp","href":"https:\/\/api.w.org\/{rel}","templated":true}]}}