{"id":8861,"date":"2018-07-26T14:10:42","date_gmt":"2018-07-26T14:10:42","guid":{"rendered":"http:\/\/alps2riviera.it\/randonnee-alpes2riviera\/"},"modified":"2018-09-20T10:52:14","modified_gmt":"2018-09-20T10:52:14","slug":"randonnee-alpes2riviera","status":"publish","type":"page","link":"https:\/\/alps2riviera.it\/fr\/randonnee-alpes2riviera\/","title":{"rendered":"Randonn\u00e9e Alps2Riviera"},"content":{"rendered":"<h2>La randonn\u00e9e Alps2Riviera s&rsquo;\u00e9tend sur environ 600 km des Alpes de Bielles jusqu&rsquo;\u00e0 la mer de Ligurie.<\/h2>\n<p>Des Alpes face au Mont Rose au bord de la Riviera Ligurienne, venez d\u00e9couvrir le Pi\u00e9mont et la Ligurie: la vari\u00e9t\u00e9 de leurs paysages, de la gastronomie et du vin, les histoires de champions de cyclisme et de courses l\u00e9gendaires (Pantani, Coppi, MilanoSanremo &#8230;), la culture et exp\u00e9rimentez les rencontres avec les locaux.<\/p>\n<p>Une exp\u00e9rience de v\u00e9lo en 6 \u00e9tapes \u00e0 vivre avec vos amis, votre famille, vos amis cyclistes &#8230; Ou venez seul et rencontrez de nouveaux amis tout au long du parcours!<\/p>\n<p>D\u00e9couvrez les routes de montagne marqu\u00e9es par les exploits mythiques du \u00abPirate\u00bb (Pantani), au nord du Pi\u00e9mont, la \u00abmer au carr\u00e9\u00bb des rizi\u00e8res des provinces de Vercelli et de Novara, les collines du Monferrato, o\u00f9 est n\u00e9 Fausto Coppi , Langhe, les grands vins rouges Barolo et Barbaresco et la truffe blanche d&rsquo;Alba, la r\u00e9gion de Cuneo et la vall\u00e9e de Tanaro, les fortifications du col de la Nava. Profitez de la derni\u00e8re descente vers la mer de Ligurie et d\u00e9tendez-vous face \u00e0 la mer!<\/p>\n<p>Chaque \u00e9tape: un nouveau paysage, un nouveau d\u00e9fi, une nouvelle exp\u00e9rience, tous les jours!<\/p>\n<p><iframe loading=\"lazy\" src=\"https:\/\/www.google.com\/maps\/d\/embed?mid=1Muo0Z7XSyvQO4ExREz_ugVhSJACsWeCk\" width=\"800\" height=\"600\" data-mce-fragment=\"1\"><\/iframe><\/p>\n<div>\n<table class=\"easy-table easy-table-default \" style=\"width: 100%;\" border=\"0\">\n<caption>ETAPES<\/caption>\n<tbody>\n<tr>\n<td style=\"text-align: center;\">\n<div>\u00e9tape<\/div>\n<\/td>\n<td style=\"text-align: center;\">de<\/td>\n<td style=\"text-align: center;\">\u00e0<\/td>\n<td style=\"text-align: center;\">km<\/td>\n<\/tr>\n<tr>\n<td style=\"text-align: center;\">\n<div>1<\/div>\n<\/td>\n<td style=\"text-align: center;\">Falletti-Guelpa<\/td>\n<td style=\"text-align: center;\">Sandigliano<\/td>\n<td style=\"text-align: center;\">82<\/td>\n<\/tr>\n<tr>\n<td style=\"text-align: center;\">\n<div>2<\/div>\n<\/td>\n<td style=\"text-align: center;\">Sandigliano<\/td>\n<td style=\"text-align: center;\">Cantone Cerreto<\/td>\n<td style=\"text-align: center;\">110<\/td>\n<\/tr>\n<tr>\n<td style=\"text-align: center;\">\n<div>3<\/div>\n<\/td>\n<td style=\"text-align: center;\">Cantone Cerreto<\/td>\n<td style=\"text-align: center;\">Zerbe Superiori<\/td>\n<td style=\"text-align: center;\">139<\/td>\n<\/tr>\n<tr>\n<td style=\"text-align: center;\">\n<div>4<\/div>\n<\/td>\n<td style=\"text-align: center;\">Fabbricone<\/td>\n<td style=\"text-align: center;\">Alba<\/td>\n<td style=\"text-align: center;\">122<\/td>\n<\/tr>\n<tr>\n<td style=\"text-align: center;\">\n<div>5<\/div>\n<\/td>\n<td style=\"text-align: center;\">Alba<\/td>\n<td style=\"text-align: center;\">Bossieta<\/td>\n<td style=\"text-align: center;\">97<\/td>\n<\/tr>\n<tr>\n<td style=\"text-align: center;\">\n<div>6<\/div>\n<\/td>\n<td style=\"text-align: center;\">Bossieta<\/td>\n<td style=\"text-align: center;\">San Remo<\/td>\n<td style=\"text-align: center;\">79<\/td>\n<\/tr>\n<\/tbody>\n<\/table>\n<\/div>\n","protected":false},"excerpt":{"rendered":"<p>La randonn\u00e9e Alps2Riviera s&rsquo;\u00e9tend sur environ 600 km des Alpes de Bielles jusqu&rsquo;\u00e0 la mer de Ligurie. Des Alpes face au Mont Rose au bord de la Riviera Ligurienne, venez d\u00e9couvrir le Pi\u00e9mont et la Ligurie: la vari\u00e9t\u00e9 de leurs paysages, de la gastronomie et du vin, les histoires de champions de cyclisme et de [&hellip;]<\/p>\n","protected":false},"author":1,"featured_media":0,"parent":0,"menu_order":0,"comment_status":"closed","ping_status":"closed","template":"","meta":[],"yoast_head":"<!-- This site is optimized with the Yoast SEO plugin v20.13 - https:\/\/yoast.com\/wordpress\/plugins\/seo\/ -->\n<title>Randonn\u00e9e Alps2Riviera - Alps2Riviera Randonn\u00e9e de cyclisme<\/title>\n<meta name=\"description\" content=\"La randonn\u00e9e Alps2Riviera s&#039;\u00e9tend sur environ 600 km des Alpes de Bielles jusqu&#039;\u00e0 la mer de Ligurie. Une exp\u00e9rience de v\u00e9lo en 6 \u00e9tapes, Inscriptions en ligne\" \/>\n<meta name=\"robots\" content=\"index, follow, max-snippet:-1, max-image-preview:large, max-video-preview:-1\" \/>\n<link rel=\"canonical\" href=\"https:\/\/alps2riviera.it\/fr\/randonnee-alpes2riviera\/\" \/>\n<meta property=\"og:locale\" content=\"fr_FR\" \/>\n<meta property=\"og:type\" content=\"article\" \/>\n<meta property=\"og:title\" content=\"Randonn\u00e9e Alps2Riviera - Alps2Riviera Randonn\u00e9e de cyclisme\" \/>\n<meta property=\"og:description\" content=\"La randonn\u00e9e Alps2Riviera s&#039;\u00e9tend sur environ 600 km des Alpes de Bielles jusqu&#039;\u00e0 la mer de Ligurie. Une exp\u00e9rience de v\u00e9lo en 6 \u00e9tapes, Inscriptions en ligne\" \/>\n<meta property=\"og:url\" content=\"https:\/\/alps2riviera.it\/fr\/randonnee-alpes2riviera\/\" \/>\n<meta property=\"og:site_name\" content=\"Alps2Riviera Randonn\u00e9e de cyclisme\" \/>\n<meta property=\"article:modified_time\" content=\"2018-09-20T10:52:14+00:00\" \/>\n<meta name=\"twitter:label1\" content=\"Dur\u00e9e de lecture estim\u00e9e\" \/>\n\t<meta name=\"twitter:data1\" content=\"1 minute\" \/>\n<script type=\"application\/ld+json\" class=\"yoast-schema-graph\">{\"@context\":\"https:\/\/schema.org\",\"@graph\":[{\"@type\":\"WebPage\",\"@id\":\"https:\/\/alps2riviera.it\/fr\/randonnee-alpes2riviera\/\",\"url\":\"https:\/\/alps2riviera.it\/fr\/randonnee-alpes2riviera\/\",\"name\":\"Randonn\u00e9e Alps2Riviera - Alps2Riviera Randonn\u00e9e de cyclisme\",\"isPartOf\":{\"@id\":\"https:\/\/alps2riviera.it\/#website\"},\"datePublished\":\"2018-07-26T14:10:42+00:00\",\"dateModified\":\"2018-09-20T10:52:14+00:00\",\"description\":\"La randonn\u00e9e Alps2Riviera s'\u00e9tend sur environ 600 km des Alpes de Bielles jusqu'\u00e0 la mer de Ligurie. Une exp\u00e9rience de v\u00e9lo en 6 \u00e9tapes, Inscriptions en ligne\",\"breadcrumb\":{\"@id\":\"https:\/\/alps2riviera.it\/fr\/randonnee-alpes2riviera\/#breadcrumb\"},\"inLanguage\":\"fr-FR\",\"potentialAction\":[{\"@type\":\"ReadAction\",\"target\":[\"https:\/\/alps2riviera.it\/fr\/randonnee-alpes2riviera\/\"]}]},{\"@type\":\"BreadcrumbList\",\"@id\":\"https:\/\/alps2riviera.it\/fr\/randonnee-alpes2riviera\/#breadcrumb\",\"itemListElement\":[{\"@type\":\"ListItem\",\"position\":1,\"name\":\"Home\",\"item\":\"https:\/\/alps2riviera.it\/fr\/\"},{\"@type\":\"ListItem\",\"position\":2,\"name\":\"Randonn\u00e9e Alps2Riviera\"}]},{\"@type\":\"WebSite\",\"@id\":\"https:\/\/alps2riviera.it\/#website\",\"url\":\"https:\/\/alps2riviera.it\/\",\"name\":\"Alps2Riviera Randonn\u00e9e de cyclisme\",\"description\":\"12-19 maggio 2019 | tour ciclistico attraverso Piemonte e Liguria\",\"potentialAction\":[{\"@type\":\"SearchAction\",\"target\":{\"@type\":\"EntryPoint\",\"urlTemplate\":\"https:\/\/alps2riviera.it\/?s={search_term_string}\"},\"query-input\":\"required name=search_term_string\"}],\"inLanguage\":\"fr-FR\"}]}<\/script>\n<!-- \/ Yoast SEO plugin. -->","yoast_head_json":{"title":"Randonn\u00e9e Alps2Riviera - Alps2Riviera Randonn\u00e9e de cyclisme","description":"La randonn\u00e9e Alps2Riviera s'\u00e9tend sur environ 600 km des Alpes de Bielles jusqu'\u00e0 la mer de Ligurie. Une exp\u00e9rience de v\u00e9lo en 6 \u00e9tapes, Inscriptions en ligne","robots":{"index":"index","follow":"follow","max-snippet":"max-snippet:-1","max-image-preview":"max-image-preview:large","max-video-preview":"max-video-preview:-1"},"canonical":"https:\/\/alps2riviera.it\/fr\/randonnee-alpes2riviera\/","og_locale":"fr_FR","og_type":"article","og_title":"Randonn\u00e9e Alps2Riviera - Alps2Riviera Randonn\u00e9e de cyclisme","og_description":"La randonn\u00e9e Alps2Riviera s'\u00e9tend sur environ 600 km des Alpes de Bielles jusqu'\u00e0 la mer de Ligurie. Une exp\u00e9rience de v\u00e9lo en 6 \u00e9tapes, Inscriptions en ligne","og_url":"https:\/\/alps2riviera.it\/fr\/randonnee-alpes2riviera\/","og_site_name":"Alps2Riviera Randonn\u00e9e de cyclisme","article_modified_time":"2018-09-20T10:52:14+00:00","twitter_misc":{"Dur\u00e9e de lecture estim\u00e9e":"1 minute"},"schema":{"@context":"https:\/\/schema.org","@graph":[{"@type":"WebPage","@id":"https:\/\/alps2riviera.it\/fr\/randonnee-alpes2riviera\/","url":"https:\/\/alps2riviera.it\/fr\/randonnee-alpes2riviera\/","name":"Randonn\u00e9e Alps2Riviera - Alps2Riviera Randonn\u00e9e de cyclisme","isPartOf":{"@id":"https:\/\/alps2riviera.it\/#website"},"datePublished":"2018-07-26T14:10:42+00:00","dateModified":"2018-09-20T10:52:14+00:00","description":"La randonn\u00e9e Alps2Riviera s'\u00e9tend sur environ 600 km des Alpes de Bielles jusqu'\u00e0 la mer de Ligurie. Une exp\u00e9rience de v\u00e9lo en 6 \u00e9tapes, Inscriptions en ligne","breadcrumb":{"@id":"https:\/\/alps2riviera.it\/fr\/randonnee-alpes2riviera\/#breadcrumb"},"inLanguage":"fr-FR","potentialAction":[{"@type":"ReadAction","target":["https:\/\/alps2riviera.it\/fr\/randonnee-alpes2riviera\/"]}]},{"@type":"BreadcrumbList","@id":"https:\/\/alps2riviera.it\/fr\/randonnee-alpes2riviera\/#breadcrumb","itemListElement":[{"@type":"ListItem","position":1,"name":"Home","item":"https:\/\/alps2riviera.it\/fr\/"},{"@type":"ListItem","position":2,"name":"Randonn\u00e9e Alps2Riviera"}]},{"@type":"WebSite","@id":"https:\/\/alps2riviera.it\/#website","url":"https:\/\/alps2riviera.it\/","name":"Alps2Riviera Randonn\u00e9e de cyclisme","description":"12-19 maggio 2019 | tour ciclistico attraverso Piemonte e Liguria","potentialAction":[{"@type":"SearchAction","target":{"@type":"EntryPoint","urlTemplate":"https:\/\/alps2riviera.it\/?s={search_term_string}"},"query-input":"required name=search_term_string"}],"inLanguage":"fr-FR"}]}},"_links":{"self":[{"href":"https:\/\/alps2riviera.it\/fr\/wp-json\/wp\/v2\/pages\/8861"}],"collection":[{"href":"https:\/\/alps2riviera.it\/fr\/wp-json\/wp\/v2\/pages"}],"about":[{"href":"https:\/\/alps2riviera.it\/fr\/wp-json\/wp\/v2\/types\/page"}],"author":[{"embeddable":true,"href":"https:\/\/alps2riviera.it\/fr\/wp-json\/wp\/v2\/users\/1"}],"replies":[{"embeddable":true,"href":"https:\/\/alps2riviera.it\/fr\/wp-json\/wp\/v2\/comments?post=8861"}],"version-history":[{"count":4,"href":"https:\/\/alps2riviera.it\/fr\/wp-json\/wp\/v2\/pages\/8861\/revisions"}],"predecessor-version":[{"id":9270,"href":"https:\/\/alps2riviera.it\/fr\/wp-json\/wp\/v2\/pages\/8861\/revisions\/9270"}],"wp:attachment":[{"href":"https:\/\/alps2riviera.it\/fr\/wp-json\/wp\/v2\/media?parent=8861"}],"curies":[{"name":"wp","href":"https:\/\/api.w.org\/{rel}","templated":true}]}}