{"id":8846,"date":"2018-07-26T14:02:45","date_gmt":"2018-07-26T14:02:45","guid":{"rendered":"http:\/\/alps2riviera.it\/etape-2\/"},"modified":"2018-09-20T08:42:04","modified_gmt":"2018-09-20T08:42:04","slug":"etape-2","status":"publish","type":"page","link":"https:\/\/alps2riviera.it\/fr\/randonnee-alpes2riviera\/etape-2\/","title":{"rendered":"Etape 2 Alps2Riviera"},"content":{"rendered":"<h2>La deuxi\u00e8me \u00e9tape de la randonn\u00e9e Alps2Riviera d\u00e9bute \u00e0 Sandigliano et se termine \u00e0 Casale Monferrato.<\/h2>\n<h3>Sandigliano (BI) \u2013 Casale Monferrato (AL)<\/h3>\n<h3>110 Km<\/h3>\n<h3>Diff\u00e9rence d&rsquo;altitude: +680 m &#8211; 880 m<\/h3>\n\n\t\t<style type=\"text\/css\">\n\t\t\t#gallery-1 {\n\t\t\t\tmargin: auto;\n\t\t\t}\n\t\t\t#gallery-1 .gallery-item {\n\t\t\t\tfloat: left;\n\t\t\t\tmargin-top: 10px;\n\t\t\t\ttext-align: center;\n\t\t\t\twidth: 25%;\n\t\t\t}\n\t\t\t#gallery-1 img {\n\t\t\t\tborder: 2px solid #cfcfcf;\n\t\t\t}\n\t\t\t#gallery-1 .gallery-caption {\n\t\t\t\tmargin-left: 0;\n\t\t\t}\n\t\t\t\/* see gallery_shortcode() in wp-includes\/media.php *\/\n\t\t<\/style>\n\t\t<div id='gallery-1' class='gallery galleryid-8846 gallery-columns-4 gallery-size-thumbnail'><dl class='gallery-item'>\n\t\t\t<dt class='gallery-icon landscape'>\n\t\t\t\t<a onclick=\"javascript:pageTracker._trackPageview('\/outgoing\/alps2riviera.it\/wp-content\/uploads\/2018\/06\/12BBF-rando_0071.jpg');\"  href='https:\/\/alps2riviera.it\/wp-content\/uploads\/2018\/06\/12BBF-rando_0071.jpg'><img width=\"150\" height=\"150\" src=\"https:\/\/alps2riviera.it\/wp-content\/uploads\/2018\/06\/12BBF-rando_0071-150x150.jpg\" class=\"attachment-thumbnail size-thumbnail\" alt=\"\" decoding=\"async\" loading=\"lazy\" \/><\/a>\n\t\t\t<\/dt><\/dl><dl class='gallery-item'>\n\t\t\t<dt class='gallery-icon landscape'>\n\t\t\t\t<a onclick=\"javascript:pageTracker._trackPageview('\/outgoing\/alps2riviera.it\/wp-content\/uploads\/2018\/06\/3745177173_73fb343cc7.jpg');\"  href='https:\/\/alps2riviera.it\/wp-content\/uploads\/2018\/06\/3745177173_73fb343cc7.jpg'><img width=\"150\" height=\"150\" src=\"https:\/\/alps2riviera.it\/wp-content\/uploads\/2018\/06\/3745177173_73fb343cc7-150x150.jpg\" class=\"attachment-thumbnail size-thumbnail\" alt=\"\" decoding=\"async\" loading=\"lazy\" \/><\/a>\n\t\t\t<\/dt><\/dl><dl class='gallery-item'>\n\t\t\t<dt class='gallery-icon landscape'>\n\t\t\t\t<a onclick=\"javascript:pageTracker._trackPageview('\/outgoing\/alps2riviera.it\/wp-content\/uploads\/2018\/06\/arriviamo-alla-laguna_bootstrap_res_photo.jpg');\"  href='https:\/\/alps2riviera.it\/wp-content\/uploads\/2018\/06\/arriviamo-alla-laguna_bootstrap_res_photo.jpg'><img width=\"150\" height=\"150\" src=\"https:\/\/alps2riviera.it\/wp-content\/uploads\/2018\/06\/arriviamo-alla-laguna_bootstrap_res_photo-150x150.jpg\" class=\"attachment-thumbnail size-thumbnail\" alt=\"\" decoding=\"async\" loading=\"lazy\" \/><\/a>\n\t\t\t<\/dt><\/dl><dl class='gallery-item'>\n\t\t\t<dt class='gallery-icon landscape'>\n\t\t\t\t<a onclick=\"javascript:pageTracker._trackPageview('\/outgoing\/alps2riviera.it\/wp-content\/uploads\/2018\/06\/Baraggia1.jpg');\"  href='https:\/\/alps2riviera.it\/wp-content\/uploads\/2018\/06\/Baraggia1.jpg'><img width=\"150\" height=\"150\" src=\"https:\/\/alps2riviera.it\/wp-content\/uploads\/2018\/06\/Baraggia1-150x150.jpg\" class=\"attachment-thumbnail size-thumbnail\" alt=\"\" decoding=\"async\" loading=\"lazy\" \/><\/a>\n\t\t\t<\/dt><\/dl><br style=\"clear: both\" \/><dl class='gallery-item'>\n\t\t\t<dt class='gallery-icon landscape'>\n\t\t\t\t<a onclick=\"javascript:pageTracker._trackPageview('\/outgoing\/alps2riviera.it\/wp-content\/uploads\/2018\/06\/LAbbazia-di-SantAndraa-Vercelli_bootstrap_res_photo.jpg');\"  href='https:\/\/alps2riviera.it\/wp-content\/uploads\/2018\/06\/LAbbazia-di-SantAndraa-Vercelli_bootstrap_res_photo.jpg'><img width=\"150\" height=\"150\" src=\"https:\/\/alps2riviera.it\/wp-content\/uploads\/2018\/06\/LAbbazia-di-SantAndraa-Vercelli_bootstrap_res_photo-150x150.jpg\" class=\"attachment-thumbnail size-thumbnail\" alt=\"\" decoding=\"async\" loading=\"lazy\" \/><\/a>\n\t\t\t<\/dt><\/dl><dl class='gallery-item'>\n\t\t\t<dt class='gallery-icon landscape'>\n\t\t\t\t<a onclick=\"javascript:pageTracker._trackPageview('\/outgoing\/alps2riviera.it\/wp-content\/uploads\/2018\/06\/Lago-Viverone.jpg');\"  href='https:\/\/alps2riviera.it\/wp-content\/uploads\/2018\/06\/Lago-Viverone.jpg'><img width=\"150\" height=\"150\" src=\"https:\/\/alps2riviera.it\/wp-content\/uploads\/2018\/06\/Lago-Viverone-150x150.jpg\" class=\"attachment-thumbnail size-thumbnail\" alt=\"\" decoding=\"async\" loading=\"lazy\" \/><\/a>\n\t\t\t<\/dt><\/dl><dl class='gallery-item'>\n\t\t\t<dt class='gallery-icon landscape'>\n\t\t\t\t<a onclick=\"javascript:pageTracker._trackPageview('\/outgoing\/alps2riviera.it\/wp-content\/uploads\/2018\/06\/lago-di-viverone-sullo-sfondo.jpg');\"  href='https:\/\/alps2riviera.it\/wp-content\/uploads\/2018\/06\/lago-di-viverone-sullo-sfondo.jpg'><img width=\"150\" height=\"150\" src=\"https:\/\/alps2riviera.it\/wp-content\/uploads\/2018\/06\/lago-di-viverone-sullo-sfondo-150x150.jpg\" class=\"attachment-thumbnail size-thumbnail\" alt=\"\" decoding=\"async\" loading=\"lazy\" \/><\/a>\n\t\t\t<\/dt><\/dl><dl class='gallery-item'>\n\t\t\t<dt class='gallery-icon landscape'>\n\t\t\t\t<a onclick=\"javascript:pageTracker._trackPageview('\/outgoing\/alps2riviera.it\/wp-content\/uploads\/2018\/06\/Risaie1.jpg');\"  href='https:\/\/alps2riviera.it\/wp-content\/uploads\/2018\/06\/Risaie1.jpg'><img width=\"150\" height=\"150\" src=\"https:\/\/alps2riviera.it\/wp-content\/uploads\/2018\/06\/Risaie1-150x150.jpg\" class=\"attachment-thumbnail size-thumbnail\" alt=\"\" decoding=\"async\" loading=\"lazy\" \/><\/a>\n\t\t\t<\/dt><\/dl><br style=\"clear: both\" \/><dl class='gallery-item'>\n\t\t\t<dt class='gallery-icon landscape'>\n\t\t\t\t<a onclick=\"javascript:pageTracker._trackPageview('\/outgoing\/alps2riviera.it\/wp-content\/uploads\/2018\/06\/storia-biellese.jpg');\"  href='https:\/\/alps2riviera.it\/wp-content\/uploads\/2018\/06\/storia-biellese.jpg'><img width=\"150\" height=\"150\" src=\"https:\/\/alps2riviera.it\/wp-content\/uploads\/2018\/06\/storia-biellese-150x150.jpg\" class=\"attachment-thumbnail size-thumbnail\" alt=\"\" decoding=\"async\" loading=\"lazy\" \/><\/a>\n\t\t\t<\/dt><\/dl><dl class='gallery-item'>\n\t\t\t<dt class='gallery-icon landscape'>\n\t\t\t\t<a onclick=\"javascript:pageTracker._trackPageview('\/outgoing\/alps2riviera.it\/wp-content\/uploads\/2018\/06\/Vediamo-castelli-ovunque-oramai..._bootstrap_res_photo.jpg');\"  href='https:\/\/alps2riviera.it\/wp-content\/uploads\/2018\/06\/Vediamo-castelli-ovunque-oramai..._bootstrap_res_photo.jpg'><img width=\"150\" height=\"150\" src=\"https:\/\/alps2riviera.it\/wp-content\/uploads\/2018\/06\/Vediamo-castelli-ovunque-oramai..._bootstrap_res_photo-150x150.jpg\" class=\"attachment-thumbnail size-thumbnail\" alt=\"\" decoding=\"async\" loading=\"lazy\" \/><\/a>\n\t\t\t<\/dt><\/dl>\n\t\t\t<br style='clear: both' \/>\n\t\t<\/div>\n\n<p>En quittant les montagnes de Biella, les 30 premiers kilom\u00e8tres de la deuxi\u00e8me \u00e9tape traverseront les collines au sud de Biella pour un trajet facile et agr\u00e9able en traversant Borriana, Mongrando et au kilom\u00e8tre 8, en tournant \u00e0 gauche \u00e0 Vermogno, maison des associations locales de doreurs et si\u00e8ge de deux champions mondiaux en recherche d&rsquo;or.<\/p>\n<p>Nous sommes \u00e0 c\u00f4t\u00e9 du parc naturel de Bessa, une ancienne mine \u00e0 ciel ouvert de l&rsquo;\u00e9poque romaine. Puis nous approchons de Salussola et la quittons, en tournant \u00e0 droite, pour Frazione Prelle. La route, sans aucune circulation, traverse la Serra, la plus longue colline morainique d&rsquo;Europe et atteint Zimone, au sommet de la Serra, d&rsquo;o\u00f9 vous pourrez profiter d&rsquo;une vue magnifique sur le lac de Viverone qui se trouvera \u00e0 vos pieds.<\/p>\n<p>Nous descendons vers le lac, nous passons pr\u00e8s du ch\u00e2teau de Roppolo et, \u00e0 partir de ce point, la route devient totalement plate jusqu&rsquo;\u00e0 notre destination finale. Nous traversons ensuite la plaine de Biella jusqu&rsquo;\u00e0 Cavagli\u00e0 et, en traversant l&rsquo;autoroute A4, nous arrivons \u00e0 Santhi\u00e0, San Germano Canavese, en arrivant \u00e0 Vercelli, avec une partie de la piste cyclable Francigena. Nous traversons ce qui s&rsquo;appelle \u00ab\u00a0La mer au carr\u00e9\u00a0\u00bb, \u00e0 cause des nombreuses rizi\u00e8res qui, remplies d&rsquo;eau, transforment le territoire en autant de peintures carr\u00e9es, clairement visibles depuis un avion et depuis la maison de nombreuses esp\u00e8ces d&rsquo;oiseaux.<\/p>\n<p>Nous entrons dans Vercelli (72 km) et nous continuons notre \u00e9tape \u00e0 travers les villages agricoles de Prarolo (Castello), Pezzana, Caresana (Sanctuaire de la Madonna del Morone), Motta de &lsquo;Conti (ruines du palais fortifi\u00e9) et Terranova. En parcourant le P\u00f4 et le parc de la rivi\u00e8re Orba, nous arriverons \u00e0 Casale pour l&rsquo;enregistrement et la nuit dans un h\u00f4tel de la r\u00e9gion.<\/p>\n<div style=\"position: relative; padding-bottom: 75%; height: 0; overflow: hidden;\"><iframe style=\"border: 0; position: absolute; top: 0; left: 0; width: 100%; height: 100%;\" src=\"https:\/\/www.openrunner.com\/route\/8549094\/embed\/fr\/663843544a54594a6b34375975546a484c5331734b535a706f364568756f783049644c2f476374523348773d3a3a238d15c77957e9db0b817107e06e6ab5\" frameborder=\"0\" scrolling=\"no\" allowfullscreen=\"allowfullscreen\"><\/iframe><\/div>\n","protected":false},"excerpt":{"rendered":"<p>La deuxi\u00e8me \u00e9tape de la randonn\u00e9e Alps2Riviera d\u00e9bute \u00e0 Sandigliano et se termine \u00e0 Casale Monferrato. Sandigliano (BI) \u2013 Casale Monferrato (AL) 110 Km Diff\u00e9rence d&rsquo;altitude: +680 m &#8211; 880 m En quittant les montagnes de Biella, les 30 premiers kilom\u00e8tres de la deuxi\u00e8me \u00e9tape traverseront les collines au sud de Biella pour un trajet [&hellip;]<\/p>\n","protected":false},"author":1,"featured_media":0,"parent":8861,"menu_order":0,"comment_status":"closed","ping_status":"closed","template":"","meta":[],"yoast_head":"<!-- This site is optimized with the Yoast SEO plugin v20.13 - https:\/\/yoast.com\/wordpress\/plugins\/seo\/ -->\n<title>Etape 2 Alps2Riviera - Alps2Riviera Randonn\u00e9e de cyclisme<\/title>\n<meta name=\"description\" content=\"La deuxi\u00e8me \u00e9tape de la randonn\u00e9e Alps2Riviera d\u00e9bute \u00e0 Sandigliano et se termine \u00e0 Casale Monferrato. Inscriptions ouvertes!\" \/>\n<meta name=\"robots\" content=\"index, follow, max-snippet:-1, max-image-preview:large, max-video-preview:-1\" \/>\n<link rel=\"canonical\" href=\"https:\/\/alps2riviera.it\/fr\/randonnee-alpes2riviera\/etape-2\/\" \/>\n<meta property=\"og:locale\" content=\"fr_FR\" \/>\n<meta property=\"og:type\" content=\"article\" \/>\n<meta property=\"og:title\" content=\"Etape 2 Alps2Riviera - Alps2Riviera Randonn\u00e9e de cyclisme\" \/>\n<meta property=\"og:description\" content=\"La deuxi\u00e8me \u00e9tape de la randonn\u00e9e Alps2Riviera d\u00e9bute \u00e0 Sandigliano et se termine \u00e0 Casale Monferrato. Inscriptions ouvertes!\" \/>\n<meta property=\"og:url\" content=\"https:\/\/alps2riviera.it\/fr\/randonnee-alpes2riviera\/etape-2\/\" \/>\n<meta property=\"og:site_name\" content=\"Alps2Riviera Randonn\u00e9e de cyclisme\" \/>\n<meta property=\"article:modified_time\" content=\"2018-09-20T08:42:04+00:00\" \/>\n<meta property=\"og:image\" content=\"https:\/\/alps2riviera.it\/wp-content\/uploads\/2018\/06\/12BBF-rando_0071-150x150.jpg\" \/>\n<meta name=\"twitter:label1\" content=\"Dur\u00e9e de lecture estim\u00e9e\" \/>\n\t<meta name=\"twitter:data1\" content=\"2 minutes\" \/>\n<script type=\"application\/ld+json\" class=\"yoast-schema-graph\">{\"@context\":\"https:\/\/schema.org\",\"@graph\":[{\"@type\":\"WebPage\",\"@id\":\"https:\/\/alps2riviera.it\/fr\/randonnee-alpes2riviera\/etape-2\/\",\"url\":\"https:\/\/alps2riviera.it\/fr\/randonnee-alpes2riviera\/etape-2\/\",\"name\":\"Etape 2 Alps2Riviera - Alps2Riviera Randonn\u00e9e de cyclisme\",\"isPartOf\":{\"@id\":\"https:\/\/alps2riviera.it\/#website\"},\"datePublished\":\"2018-07-26T14:02:45+00:00\",\"dateModified\":\"2018-09-20T08:42:04+00:00\",\"description\":\"La deuxi\u00e8me \u00e9tape de la randonn\u00e9e Alps2Riviera d\u00e9bute \u00e0 Sandigliano et se termine \u00e0 Casale Monferrato. Inscriptions ouvertes!\",\"breadcrumb\":{\"@id\":\"https:\/\/alps2riviera.it\/fr\/randonnee-alpes2riviera\/etape-2\/#breadcrumb\"},\"inLanguage\":\"fr-FR\",\"potentialAction\":[{\"@type\":\"ReadAction\",\"target\":[\"https:\/\/alps2riviera.it\/fr\/randonnee-alpes2riviera\/etape-2\/\"]}]},{\"@type\":\"BreadcrumbList\",\"@id\":\"https:\/\/alps2riviera.it\/fr\/randonnee-alpes2riviera\/etape-2\/#breadcrumb\",\"itemListElement\":[{\"@type\":\"ListItem\",\"position\":1,\"name\":\"Home\",\"item\":\"https:\/\/alps2riviera.it\/fr\/\"},{\"@type\":\"ListItem\",\"position\":2,\"name\":\"Randonn\u00e9e Alps2Riviera\",\"item\":\"https:\/\/alps2riviera.it\/fr\/randonnee-alpes2riviera\/\"},{\"@type\":\"ListItem\",\"position\":3,\"name\":\"Etape 2 Alps2Riviera\"}]},{\"@type\":\"WebSite\",\"@id\":\"https:\/\/alps2riviera.it\/#website\",\"url\":\"https:\/\/alps2riviera.it\/\",\"name\":\"Alps2Riviera Randonn\u00e9e de cyclisme\",\"description\":\"12-19 maggio 2019 | tour ciclistico attraverso Piemonte e Liguria\",\"potentialAction\":[{\"@type\":\"SearchAction\",\"target\":{\"@type\":\"EntryPoint\",\"urlTemplate\":\"https:\/\/alps2riviera.it\/?s={search_term_string}\"},\"query-input\":\"required name=search_term_string\"}],\"inLanguage\":\"fr-FR\"}]}<\/script>\n<!-- \/ Yoast SEO plugin. -->","yoast_head_json":{"title":"Etape 2 Alps2Riviera - Alps2Riviera Randonn\u00e9e de cyclisme","description":"La deuxi\u00e8me \u00e9tape de la randonn\u00e9e Alps2Riviera d\u00e9bute \u00e0 Sandigliano et se termine \u00e0 Casale Monferrato. Inscriptions ouvertes!","robots":{"index":"index","follow":"follow","max-snippet":"max-snippet:-1","max-image-preview":"max-image-preview:large","max-video-preview":"max-video-preview:-1"},"canonical":"https:\/\/alps2riviera.it\/fr\/randonnee-alpes2riviera\/etape-2\/","og_locale":"fr_FR","og_type":"article","og_title":"Etape 2 Alps2Riviera - Alps2Riviera Randonn\u00e9e de cyclisme","og_description":"La deuxi\u00e8me \u00e9tape de la randonn\u00e9e Alps2Riviera d\u00e9bute \u00e0 Sandigliano et se termine \u00e0 Casale Monferrato. Inscriptions ouvertes!","og_url":"https:\/\/alps2riviera.it\/fr\/randonnee-alpes2riviera\/etape-2\/","og_site_name":"Alps2Riviera Randonn\u00e9e de cyclisme","article_modified_time":"2018-09-20T08:42:04+00:00","og_image":[{"url":"https:\/\/alps2riviera.it\/wp-content\/uploads\/2018\/06\/12BBF-rando_0071-150x150.jpg"}],"twitter_misc":{"Dur\u00e9e de lecture estim\u00e9e":"2 minutes"},"schema":{"@context":"https:\/\/schema.org","@graph":[{"@type":"WebPage","@id":"https:\/\/alps2riviera.it\/fr\/randonnee-alpes2riviera\/etape-2\/","url":"https:\/\/alps2riviera.it\/fr\/randonnee-alpes2riviera\/etape-2\/","name":"Etape 2 Alps2Riviera - Alps2Riviera Randonn\u00e9e de cyclisme","isPartOf":{"@id":"https:\/\/alps2riviera.it\/#website"},"datePublished":"2018-07-26T14:02:45+00:00","dateModified":"2018-09-20T08:42:04+00:00","description":"La deuxi\u00e8me \u00e9tape de la randonn\u00e9e Alps2Riviera d\u00e9bute \u00e0 Sandigliano et se termine \u00e0 Casale Monferrato. Inscriptions ouvertes!","breadcrumb":{"@id":"https:\/\/alps2riviera.it\/fr\/randonnee-alpes2riviera\/etape-2\/#breadcrumb"},"inLanguage":"fr-FR","potentialAction":[{"@type":"ReadAction","target":["https:\/\/alps2riviera.it\/fr\/randonnee-alpes2riviera\/etape-2\/"]}]},{"@type":"BreadcrumbList","@id":"https:\/\/alps2riviera.it\/fr\/randonnee-alpes2riviera\/etape-2\/#breadcrumb","itemListElement":[{"@type":"ListItem","position":1,"name":"Home","item":"https:\/\/alps2riviera.it\/fr\/"},{"@type":"ListItem","position":2,"name":"Randonn\u00e9e Alps2Riviera","item":"https:\/\/alps2riviera.it\/fr\/randonnee-alpes2riviera\/"},{"@type":"ListItem","position":3,"name":"Etape 2 Alps2Riviera"}]},{"@type":"WebSite","@id":"https:\/\/alps2riviera.it\/#website","url":"https:\/\/alps2riviera.it\/","name":"Alps2Riviera Randonn\u00e9e de cyclisme","description":"12-19 maggio 2019 | tour ciclistico attraverso Piemonte e Liguria","potentialAction":[{"@type":"SearchAction","target":{"@type":"EntryPoint","urlTemplate":"https:\/\/alps2riviera.it\/?s={search_term_string}"},"query-input":"required name=search_term_string"}],"inLanguage":"fr-FR"}]}},"_links":{"self":[{"href":"https:\/\/alps2riviera.it\/fr\/wp-json\/wp\/v2\/pages\/8846"}],"collection":[{"href":"https:\/\/alps2riviera.it\/fr\/wp-json\/wp\/v2\/pages"}],"about":[{"href":"https:\/\/alps2riviera.it\/fr\/wp-json\/wp\/v2\/types\/page"}],"author":[{"embeddable":true,"href":"https:\/\/alps2riviera.it\/fr\/wp-json\/wp\/v2\/users\/1"}],"replies":[{"embeddable":true,"href":"https:\/\/alps2riviera.it\/fr\/wp-json\/wp\/v2\/comments?post=8846"}],"version-history":[{"count":3,"href":"https:\/\/alps2riviera.it\/fr\/wp-json\/wp\/v2\/pages\/8846\/revisions"}],"predecessor-version":[{"id":9243,"href":"https:\/\/alps2riviera.it\/fr\/wp-json\/wp\/v2\/pages\/8846\/revisions\/9243"}],"up":[{"embeddable":true,"href":"https:\/\/alps2riviera.it\/fr\/wp-json\/wp\/v2\/pages\/8861"}],"wp:attachment":[{"href":"https:\/\/alps2riviera.it\/fr\/wp-json\/wp\/v2\/media?parent=8846"}],"curies":[{"name":"wp","href":"https:\/\/api.w.org\/{rel}","templated":true}]}}