{"id":8838,"date":"2018-07-25T15:21:10","date_gmt":"2018-07-25T15:21:10","guid":{"rendered":"http:\/\/alps2riviera.it\/etape-3\/"},"modified":"2018-09-20T08:43:29","modified_gmt":"2018-09-20T08:43:29","slug":"etape-3","status":"publish","type":"page","link":"https:\/\/alps2riviera.it\/fr\/randonnee-alpes2riviera\/etape-3\/","title":{"rendered":"Etape 3 Alps2Riviera"},"content":{"rendered":"<h3>Casale Monferrato (AL) \u2013 Serravalle Scrivia (AL)<\/h3>\n<h3>Km 137,00<br \/>\nDiff\u00e9rence d&rsquo;altitude: +994 m \u2013 868 m<\/h3>\n\n\t\t<style type=\"text\/css\">\n\t\t\t#gallery-1 {\n\t\t\t\tmargin: auto;\n\t\t\t}\n\t\t\t#gallery-1 .gallery-item {\n\t\t\t\tfloat: left;\n\t\t\t\tmargin-top: 10px;\n\t\t\t\ttext-align: center;\n\t\t\t\twidth: 25%;\n\t\t\t}\n\t\t\t#gallery-1 img {\n\t\t\t\tborder: 2px solid #cfcfcf;\n\t\t\t}\n\t\t\t#gallery-1 .gallery-caption {\n\t\t\t\tmargin-left: 0;\n\t\t\t}\n\t\t\t\/* see gallery_shortcode() in wp-includes\/media.php *\/\n\t\t<\/style>\n\t\t<div id='gallery-1' class='gallery galleryid-8838 gallery-columns-4 gallery-size-thumbnail'><dl class='gallery-item'>\n\t\t\t<dt class='gallery-icon landscape'>\n\t\t\t\t<a onclick=\"javascript:pageTracker._trackPageview('\/outgoing\/alps2riviera.it\/wp-content\/uploads\/2018\/06\/C1-Baraggia.jpg');\"  href='https:\/\/alps2riviera.it\/wp-content\/uploads\/2018\/06\/C1-Baraggia.jpg'><img width=\"150\" height=\"150\" src=\"https:\/\/alps2riviera.it\/wp-content\/uploads\/2018\/06\/C1-Baraggia-150x150.jpg\" class=\"attachment-thumbnail size-thumbnail\" alt=\"\" decoding=\"async\" loading=\"lazy\" \/><\/a>\n\t\t\t<\/dt><\/dl><dl class='gallery-item'>\n\t\t\t<dt class='gallery-icon landscape'>\n\t\t\t\t<a onclick=\"javascript:pageTracker._trackPageview('\/outgoing\/alps2riviera.it\/wp-content\/uploads\/2018\/06\/Il-Castello-di-Sannazzaro-a-Giarole_bootstrap_res_photo.jpg');\"  href='https:\/\/alps2riviera.it\/wp-content\/uploads\/2018\/06\/Il-Castello-di-Sannazzaro-a-Giarole_bootstrap_res_photo.jpg'><img width=\"150\" height=\"150\" src=\"https:\/\/alps2riviera.it\/wp-content\/uploads\/2018\/06\/Il-Castello-di-Sannazzaro-a-Giarole_bootstrap_res_photo-150x150.jpg\" class=\"attachment-thumbnail size-thumbnail\" alt=\"\" decoding=\"async\" loading=\"lazy\" \/><\/a>\n\t\t\t<\/dt><\/dl><dl class='gallery-item'>\n\t\t\t<dt class='gallery-icon landscape'>\n\t\t\t\t<a onclick=\"javascript:pageTracker._trackPageview('\/outgoing\/alps2riviera.it\/wp-content\/uploads\/2018\/06\/La-ciclabile-attrezzata_bootstrap_res_photo.jpg');\"  href='https:\/\/alps2riviera.it\/wp-content\/uploads\/2018\/06\/La-ciclabile-attrezzata_bootstrap_res_photo.jpg'><img width=\"150\" height=\"150\" src=\"https:\/\/alps2riviera.it\/wp-content\/uploads\/2018\/06\/La-ciclabile-attrezzata_bootstrap_res_photo-150x150.jpg\" class=\"attachment-thumbnail size-thumbnail\" alt=\"\" decoding=\"async\" loading=\"lazy\" \/><\/a>\n\t\t\t<\/dt><\/dl><dl class='gallery-item'>\n\t\t\t<dt class='gallery-icon landscape'>\n\t\t\t\t<a onclick=\"javascript:pageTracker._trackPageview('\/outgoing\/alps2riviera.it\/wp-content\/uploads\/2018\/06\/Le-cascine-fortificate-della-zona_bootstrap_res_photo.jpg');\"  href='https:\/\/alps2riviera.it\/wp-content\/uploads\/2018\/06\/Le-cascine-fortificate-della-zona_bootstrap_res_photo.jpg'><img width=\"150\" height=\"150\" src=\"https:\/\/alps2riviera.it\/wp-content\/uploads\/2018\/06\/Le-cascine-fortificate-della-zona_bootstrap_res_photo-150x150.jpg\" class=\"attachment-thumbnail size-thumbnail\" alt=\"\" decoding=\"async\" loading=\"lazy\" \/><\/a>\n\t\t\t<\/dt><\/dl><br style=\"clear: both\" \/><dl class='gallery-item'>\n\t\t\t<dt class='gallery-icon landscape'>\n\t\t\t\t<a onclick=\"javascript:pageTracker._trackPageview('\/outgoing\/alps2riviera.it\/wp-content\/uploads\/2018\/06\/Museo-dei-Campionissimi-Novi-Ligure-1.jpg');\"  href='https:\/\/alps2riviera.it\/wp-content\/uploads\/2018\/06\/Museo-dei-Campionissimi-Novi-Ligure-1.jpg'><img width=\"150\" height=\"150\" src=\"https:\/\/alps2riviera.it\/wp-content\/uploads\/2018\/06\/Museo-dei-Campionissimi-Novi-Ligure-1-150x150.jpg\" class=\"attachment-thumbnail size-thumbnail\" alt=\"\" decoding=\"async\" loading=\"lazy\" \/><\/a>\n\t\t\t<\/dt><\/dl><dl class='gallery-item'>\n\t\t\t<dt class='gallery-icon landscape'>\n\t\t\t\t<a onclick=\"javascript:pageTracker._trackPageview('\/outgoing\/alps2riviera.it\/wp-content\/uploads\/2018\/06\/Museo-dei-Campionissimi-Novi-Ligure-2.jpg');\"  href='https:\/\/alps2riviera.it\/wp-content\/uploads\/2018\/06\/Museo-dei-Campionissimi-Novi-Ligure-2.jpg'><img width=\"150\" height=\"150\" src=\"https:\/\/alps2riviera.it\/wp-content\/uploads\/2018\/06\/Museo-dei-Campionissimi-Novi-Ligure-2-150x150.jpg\" class=\"attachment-thumbnail size-thumbnail\" alt=\"\" decoding=\"async\" loading=\"lazy\" \/><\/a>\n\t\t\t<\/dt><\/dl><dl class='gallery-item'>\n\t\t\t<dt class='gallery-icon landscape'>\n\t\t\t\t<a onclick=\"javascript:pageTracker._trackPageview('\/outgoing\/alps2riviera.it\/wp-content\/uploads\/2018\/06\/Museo-dei-Campionissimi-Novi-Ligure.jpg');\"  href='https:\/\/alps2riviera.it\/wp-content\/uploads\/2018\/06\/Museo-dei-Campionissimi-Novi-Ligure.jpg'><img width=\"150\" height=\"150\" src=\"https:\/\/alps2riviera.it\/wp-content\/uploads\/2018\/06\/Museo-dei-Campionissimi-Novi-Ligure-150x150.jpg\" class=\"attachment-thumbnail size-thumbnail\" alt=\"\" decoding=\"async\" loading=\"lazy\" \/><\/a>\n\t\t\t<\/dt><\/dl>\n\t\t\t<br style='clear: both' \/>\n\t\t<\/div>\n\n<p>Il s&rsquo;agit de la plus longue \u00e9tape d&rsquo;Alps2Riviera, mais peut-\u00eatre la plus riche en \u00e9motions et en souvenirs pour les fans de cyclisme: l&rsquo;arriv\u00e9e \u00e0 Castellania, berceau du Grand Airone, le grand et inoubliable champion du cyclisme italien et mondial Fausto Coppi!<\/p>\n<p>Nous quittons Casale et traversons les villages de Pomaro Monferrato (ch\u00e2teau du 12\u00e8me si\u00e8cle), Castello di Sannazzaro, Giarole. L&rsquo;itin\u00e9raire commence \u00e0 monter vers San Salvatore Monferrato, o\u00f9 nous pouvons monter jusqu&rsquo;\u00e0 la tour historique. De l\u00e0, une agr\u00e9able descente nous ram\u00e8ne dans les plaines pour arriver \u00e0 Alexandrie. Pour visiter la Citadelle, l&rsquo;un des plus grands exemples de l&rsquo;architecture militaire du XVIIIe si\u00e8cle, l&rsquo;un des rares encore existants et mieux conserv\u00e9s en Europe.<\/p>\n<p>En partant d&rsquo;Alessandria, pass\u00e9 par Marengo (bataille entre Napol\u00e9on et l&rsquo;arm\u00e9e autrichienne) et Castelceriolo, vous marchez 4 km le long du quai jusqu&rsquo;\u00e0 la Piovera, caract\u00e9ris\u00e9e par une forteresse massive.<br \/>\nEntre Alluvioni Cambi\u00f2 et Sale, nous empruntons la belle piste cyclable bord\u00e9e d&rsquo;arbres. Apr\u00e8s avoir d\u00e9pass\u00e9 Castelnuovo Scrivia (ch\u00e2teau domin\u00e9 par une tour cr\u00e9nel\u00e9e de 39 m\u00e8tres de haut), l&rsquo;itin\u00e9raire serpente le long des routes de campagne jusqu&rsquo;\u00e0 Viguzzolo puis \u00e0 Tortona.<\/p>\n<p>Nous traversons le centre de Tortona et Villaromagnano le long de la piste cyclable de Costa Vescovato, en profitant du magnifique paysage sans nous soucier de la circulation.<br \/>\nDe l\u00e0 commencent les signes qui nous conduiront \u00e0 Castellania, la ville natale de Fausto et Serse Coppi. Une visite de sa maison vaut le d\u00e9tour, et les salles ont \u00e9t\u00e9 transform\u00e9es en mus\u00e9e d\u00e9di\u00e9 au Grand H\u00e9ron. Nous descendons ensuite vers Novi Ligure. \u00c0 Novi, le Museo dei Campionissimi nous attend pour une visite tr\u00e8s int\u00e9ressante de l&rsquo;histoire du cyclisme h\u00e9ro\u00efque italien \u00e0 Coppo, Bartali, Girardengo. Ensuite, nous atteignons Serravalle Scrivia pour le d\u00eener et la nuit.<\/p>\n<div style=\"position: relative; padding-bottom: 75%; height: 0; overflow: hidden;\"><iframe style=\"border: 0; position: absolute; top: 0; left: 0; width: 100%; height: 100%;\" src=\"https:\/\/www.openrunner.com\/route\/8549208\/embed\/fr\/5a397073584f456c3750454f794f6b46434677634a3734476e317a775a7248534f56795061564b574a416b3d3a3aa1d89ab7f7404791173b832f1f233e81\" frameborder=\"0\" scrolling=\"no\" allowfullscreen=\"allowfullscreen\"><span style=\"display: inline-block; width: 0px; overflow: hidden; line-height: 0;\" data-mce-type=\"bookmark\" class=\"mce_SELRES_start\">\ufeff<\/span><\/iframe><\/div>\n","protected":false},"excerpt":{"rendered":"<p>Casale Monferrato (AL) \u2013 Serravalle Scrivia (AL) Km 137,00 Diff\u00e9rence d&rsquo;altitude: +994 m \u2013 868 m Il s&rsquo;agit de la plus longue \u00e9tape d&rsquo;Alps2Riviera, mais peut-\u00eatre la plus riche en \u00e9motions et en souvenirs pour les fans de cyclisme: l&rsquo;arriv\u00e9e \u00e0 Castellania, berceau du Grand Airone, le grand et inoubliable champion du cyclisme italien et [&hellip;]<\/p>\n","protected":false},"author":1,"featured_media":0,"parent":8861,"menu_order":0,"comment_status":"closed","ping_status":"closed","template":"","meta":[],"yoast_head":"<!-- This site is optimized with the Yoast SEO plugin v20.13 - https:\/\/yoast.com\/wordpress\/plugins\/seo\/ -->\n<title>Etape 3 Alps2Riviera - Alps2Riviera Randonn\u00e9e de cyclisme<\/title>\n<meta name=\"description\" content=\"Il s&#039;agit de la plus longue \u00e9tape d&#039;Alps2Riviera, mais peut-\u00eatre la plus riche en \u00e9motions et en souvenirs pour les fans de cyclisme...Fausto Coppi...\" \/>\n<meta name=\"robots\" content=\"index, follow, max-snippet:-1, max-image-preview:large, max-video-preview:-1\" \/>\n<link rel=\"canonical\" href=\"https:\/\/alps2riviera.it\/fr\/randonnee-alpes2riviera\/etape-3\/\" \/>\n<meta property=\"og:locale\" content=\"fr_FR\" \/>\n<meta property=\"og:type\" content=\"article\" \/>\n<meta property=\"og:title\" content=\"Etape 3 Alps2Riviera - Alps2Riviera Randonn\u00e9e de cyclisme\" \/>\n<meta property=\"og:description\" content=\"Il s&#039;agit de la plus longue \u00e9tape d&#039;Alps2Riviera, mais peut-\u00eatre la plus riche en \u00e9motions et en souvenirs pour les fans de cyclisme...Fausto Coppi...\" \/>\n<meta property=\"og:url\" content=\"https:\/\/alps2riviera.it\/fr\/randonnee-alpes2riviera\/etape-3\/\" \/>\n<meta property=\"og:site_name\" content=\"Alps2Riviera Randonn\u00e9e de cyclisme\" \/>\n<meta property=\"article:modified_time\" content=\"2018-09-20T08:43:29+00:00\" \/>\n<meta property=\"og:image\" content=\"https:\/\/alps2riviera.it\/wp-content\/uploads\/2018\/06\/C1-Baraggia-150x150.jpg\" \/>\n<meta name=\"twitter:label1\" content=\"Dur\u00e9e de lecture estim\u00e9e\" \/>\n\t<meta name=\"twitter:data1\" content=\"2 minutes\" \/>\n<script type=\"application\/ld+json\" class=\"yoast-schema-graph\">{\"@context\":\"https:\/\/schema.org\",\"@graph\":[{\"@type\":\"WebPage\",\"@id\":\"https:\/\/alps2riviera.it\/fr\/randonnee-alpes2riviera\/etape-3\/\",\"url\":\"https:\/\/alps2riviera.it\/fr\/randonnee-alpes2riviera\/etape-3\/\",\"name\":\"Etape 3 Alps2Riviera - Alps2Riviera Randonn\u00e9e de cyclisme\",\"isPartOf\":{\"@id\":\"https:\/\/alps2riviera.it\/#website\"},\"datePublished\":\"2018-07-25T15:21:10+00:00\",\"dateModified\":\"2018-09-20T08:43:29+00:00\",\"description\":\"Il s'agit de la plus longue \u00e9tape d'Alps2Riviera, mais peut-\u00eatre la plus riche en \u00e9motions et en souvenirs pour les fans de cyclisme...Fausto Coppi...\",\"breadcrumb\":{\"@id\":\"https:\/\/alps2riviera.it\/fr\/randonnee-alpes2riviera\/etape-3\/#breadcrumb\"},\"inLanguage\":\"fr-FR\",\"potentialAction\":[{\"@type\":\"ReadAction\",\"target\":[\"https:\/\/alps2riviera.it\/fr\/randonnee-alpes2riviera\/etape-3\/\"]}]},{\"@type\":\"BreadcrumbList\",\"@id\":\"https:\/\/alps2riviera.it\/fr\/randonnee-alpes2riviera\/etape-3\/#breadcrumb\",\"itemListElement\":[{\"@type\":\"ListItem\",\"position\":1,\"name\":\"Home\",\"item\":\"https:\/\/alps2riviera.it\/fr\/\"},{\"@type\":\"ListItem\",\"position\":2,\"name\":\"Randonn\u00e9e Alps2Riviera\",\"item\":\"https:\/\/alps2riviera.it\/fr\/randonnee-alpes2riviera\/\"},{\"@type\":\"ListItem\",\"position\":3,\"name\":\"Etape 3 Alps2Riviera\"}]},{\"@type\":\"WebSite\",\"@id\":\"https:\/\/alps2riviera.it\/#website\",\"url\":\"https:\/\/alps2riviera.it\/\",\"name\":\"Alps2Riviera Randonn\u00e9e de cyclisme\",\"description\":\"12-19 maggio 2019 | tour ciclistico attraverso Piemonte e Liguria\",\"potentialAction\":[{\"@type\":\"SearchAction\",\"target\":{\"@type\":\"EntryPoint\",\"urlTemplate\":\"https:\/\/alps2riviera.it\/?s={search_term_string}\"},\"query-input\":\"required name=search_term_string\"}],\"inLanguage\":\"fr-FR\"}]}<\/script>\n<!-- \/ Yoast SEO plugin. -->","yoast_head_json":{"title":"Etape 3 Alps2Riviera - Alps2Riviera Randonn\u00e9e de cyclisme","description":"Il s'agit de la plus longue \u00e9tape d'Alps2Riviera, mais peut-\u00eatre la plus riche en \u00e9motions et en souvenirs pour les fans de cyclisme...Fausto Coppi...","robots":{"index":"index","follow":"follow","max-snippet":"max-snippet:-1","max-image-preview":"max-image-preview:large","max-video-preview":"max-video-preview:-1"},"canonical":"https:\/\/alps2riviera.it\/fr\/randonnee-alpes2riviera\/etape-3\/","og_locale":"fr_FR","og_type":"article","og_title":"Etape 3 Alps2Riviera - Alps2Riviera Randonn\u00e9e de cyclisme","og_description":"Il s'agit de la plus longue \u00e9tape d'Alps2Riviera, mais peut-\u00eatre la plus riche en \u00e9motions et en souvenirs pour les fans de cyclisme...Fausto Coppi...","og_url":"https:\/\/alps2riviera.it\/fr\/randonnee-alpes2riviera\/etape-3\/","og_site_name":"Alps2Riviera Randonn\u00e9e de cyclisme","article_modified_time":"2018-09-20T08:43:29+00:00","og_image":[{"url":"https:\/\/alps2riviera.it\/wp-content\/uploads\/2018\/06\/C1-Baraggia-150x150.jpg"}],"twitter_misc":{"Dur\u00e9e de lecture estim\u00e9e":"2 minutes"},"schema":{"@context":"https:\/\/schema.org","@graph":[{"@type":"WebPage","@id":"https:\/\/alps2riviera.it\/fr\/randonnee-alpes2riviera\/etape-3\/","url":"https:\/\/alps2riviera.it\/fr\/randonnee-alpes2riviera\/etape-3\/","name":"Etape 3 Alps2Riviera - Alps2Riviera Randonn\u00e9e de cyclisme","isPartOf":{"@id":"https:\/\/alps2riviera.it\/#website"},"datePublished":"2018-07-25T15:21:10+00:00","dateModified":"2018-09-20T08:43:29+00:00","description":"Il s'agit de la plus longue \u00e9tape d'Alps2Riviera, mais peut-\u00eatre la plus riche en \u00e9motions et en souvenirs pour les fans de cyclisme...Fausto Coppi...","breadcrumb":{"@id":"https:\/\/alps2riviera.it\/fr\/randonnee-alpes2riviera\/etape-3\/#breadcrumb"},"inLanguage":"fr-FR","potentialAction":[{"@type":"ReadAction","target":["https:\/\/alps2riviera.it\/fr\/randonnee-alpes2riviera\/etape-3\/"]}]},{"@type":"BreadcrumbList","@id":"https:\/\/alps2riviera.it\/fr\/randonnee-alpes2riviera\/etape-3\/#breadcrumb","itemListElement":[{"@type":"ListItem","position":1,"name":"Home","item":"https:\/\/alps2riviera.it\/fr\/"},{"@type":"ListItem","position":2,"name":"Randonn\u00e9e Alps2Riviera","item":"https:\/\/alps2riviera.it\/fr\/randonnee-alpes2riviera\/"},{"@type":"ListItem","position":3,"name":"Etape 3 Alps2Riviera"}]},{"@type":"WebSite","@id":"https:\/\/alps2riviera.it\/#website","url":"https:\/\/alps2riviera.it\/","name":"Alps2Riviera Randonn\u00e9e de cyclisme","description":"12-19 maggio 2019 | tour ciclistico attraverso Piemonte e Liguria","potentialAction":[{"@type":"SearchAction","target":{"@type":"EntryPoint","urlTemplate":"https:\/\/alps2riviera.it\/?s={search_term_string}"},"query-input":"required name=search_term_string"}],"inLanguage":"fr-FR"}]}},"_links":{"self":[{"href":"https:\/\/alps2riviera.it\/fr\/wp-json\/wp\/v2\/pages\/8838"}],"collection":[{"href":"https:\/\/alps2riviera.it\/fr\/wp-json\/wp\/v2\/pages"}],"about":[{"href":"https:\/\/alps2riviera.it\/fr\/wp-json\/wp\/v2\/types\/page"}],"author":[{"embeddable":true,"href":"https:\/\/alps2riviera.it\/fr\/wp-json\/wp\/v2\/users\/1"}],"replies":[{"embeddable":true,"href":"https:\/\/alps2riviera.it\/fr\/wp-json\/wp\/v2\/comments?post=8838"}],"version-history":[{"count":3,"href":"https:\/\/alps2riviera.it\/fr\/wp-json\/wp\/v2\/pages\/8838\/revisions"}],"predecessor-version":[{"id":9245,"href":"https:\/\/alps2riviera.it\/fr\/wp-json\/wp\/v2\/pages\/8838\/revisions\/9245"}],"up":[{"embeddable":true,"href":"https:\/\/alps2riviera.it\/fr\/wp-json\/wp\/v2\/pages\/8861"}],"wp:attachment":[{"href":"https:\/\/alps2riviera.it\/fr\/wp-json\/wp\/v2\/media?parent=8838"}],"curies":[{"name":"wp","href":"https:\/\/api.w.org\/{rel}","templated":true}]}}