{"id":8837,"date":"2018-07-25T15:14:40","date_gmt":"2018-07-25T15:14:40","guid":{"rendered":"http:\/\/alps2riviera.it\/etape-4\/"},"modified":"2018-09-20T08:46:19","modified_gmt":"2018-09-20T08:46:19","slug":"etape-4","status":"publish","type":"page","link":"https:\/\/alps2riviera.it\/fr\/randonnee-alpes2riviera\/etape-4\/","title":{"rendered":"Etape 4 Alps2Riviera"},"content":{"rendered":"<h3>Serravalle Scrivia (AL) \u2013 Alba (CN)<\/h3>\n<h3>Km 122,00<br \/>\nDiff\u00e9rence d&rsquo;altitude: +2080 m &#8211; 2140 m<\/h3>\n\n\t\t<style type=\"text\/css\">\n\t\t\t#gallery-1 {\n\t\t\t\tmargin: auto;\n\t\t\t}\n\t\t\t#gallery-1 .gallery-item {\n\t\t\t\tfloat: left;\n\t\t\t\tmargin-top: 10px;\n\t\t\t\ttext-align: center;\n\t\t\t\twidth: 33%;\n\t\t\t}\n\t\t\t#gallery-1 img {\n\t\t\t\tborder: 2px solid #cfcfcf;\n\t\t\t}\n\t\t\t#gallery-1 .gallery-caption {\n\t\t\t\tmargin-left: 0;\n\t\t\t}\n\t\t\t\/* see gallery_shortcode() in wp-includes\/media.php *\/\n\t\t<\/style>\n\t\t<div id='gallery-1' class='gallery galleryid-8837 gallery-columns-3 gallery-size-thumbnail'><dl class='gallery-item'>\n\t\t\t<dt class='gallery-icon landscape'>\n\t\t\t\t<a onclick=\"javascript:pageTracker._trackPageview('\/outgoing\/alps2riviera.it\/wp-content\/uploads\/2018\/06\/bagna-cauda.jpg');\"  href='https:\/\/alps2riviera.it\/wp-content\/uploads\/2018\/06\/bagna-cauda.jpg'><img width=\"150\" height=\"150\" src=\"https:\/\/alps2riviera.it\/wp-content\/uploads\/2018\/06\/bagna-cauda-150x150.jpg\" class=\"attachment-thumbnail size-thumbnail\" alt=\"\" decoding=\"async\" loading=\"lazy\" \/><\/a>\n\t\t\t<\/dt><\/dl><dl class='gallery-item'>\n\t\t\t<dt class='gallery-icon landscape'>\n\t\t\t\t<a onclick=\"javascript:pageTracker._trackPageview('\/outgoing\/alps2riviera.it\/wp-content\/uploads\/2018\/06\/fritto-misto-piemontese.jpg');\"  href='https:\/\/alps2riviera.it\/wp-content\/uploads\/2018\/06\/fritto-misto-piemontese.jpg'><img width=\"150\" height=\"150\" src=\"https:\/\/alps2riviera.it\/wp-content\/uploads\/2018\/06\/fritto-misto-piemontese-150x150.jpg\" class=\"attachment-thumbnail size-thumbnail\" alt=\"\" decoding=\"async\" loading=\"lazy\" srcset=\"https:\/\/alps2riviera.it\/wp-content\/uploads\/2018\/06\/fritto-misto-piemontese-150x150.jpg 150w, https:\/\/alps2riviera.it\/wp-content\/uploads\/2018\/06\/fritto-misto-piemontese-300x300.jpg 300w, https:\/\/alps2riviera.it\/wp-content\/uploads\/2018\/06\/fritto-misto-piemontese.jpg 450w\" sizes=\"(max-width: 150px) 100vw, 150px\" \/><\/a>\n\t\t\t<\/dt><\/dl><dl class='gallery-item'>\n\t\t\t<dt class='gallery-icon landscape'>\n\t\t\t\t<a onclick=\"javascript:pageTracker._trackPageview('\/outgoing\/alps2riviera.it\/wp-content\/uploads\/2018\/06\/Gavi-Il-Forte.jpg');\"  href='https:\/\/alps2riviera.it\/wp-content\/uploads\/2018\/06\/Gavi-Il-Forte.jpg'><img width=\"150\" height=\"150\" src=\"https:\/\/alps2riviera.it\/wp-content\/uploads\/2018\/06\/Gavi-Il-Forte-150x150.jpg\" class=\"attachment-thumbnail size-thumbnail\" alt=\"\" decoding=\"async\" loading=\"lazy\" \/><\/a>\n\t\t\t<\/dt><\/dl><br style=\"clear: both\" \/><dl class='gallery-item'>\n\t\t\t<dt class='gallery-icon landscape'>\n\t\t\t\t<a onclick=\"javascript:pageTracker._trackPageview('\/outgoing\/alps2riviera.it\/wp-content\/uploads\/2018\/06\/Le-strade-del-Monferrato-1.jpg');\"  href='https:\/\/alps2riviera.it\/wp-content\/uploads\/2018\/06\/Le-strade-del-Monferrato-1.jpg'><img width=\"150\" height=\"150\" src=\"https:\/\/alps2riviera.it\/wp-content\/uploads\/2018\/06\/Le-strade-del-Monferrato-1-150x150.jpg\" class=\"attachment-thumbnail size-thumbnail\" alt=\"\" decoding=\"async\" loading=\"lazy\" \/><\/a>\n\t\t\t<\/dt><\/dl><dl class='gallery-item'>\n\t\t\t<dt class='gallery-icon landscape'>\n\t\t\t\t<a onclick=\"javascript:pageTracker._trackPageview('\/outgoing\/alps2riviera.it\/wp-content\/uploads\/2018\/06\/Neive.jpg');\"  href='https:\/\/alps2riviera.it\/wp-content\/uploads\/2018\/06\/Neive.jpg'><img width=\"150\" height=\"150\" src=\"https:\/\/alps2riviera.it\/wp-content\/uploads\/2018\/06\/Neive-150x150.jpg\" class=\"attachment-thumbnail size-thumbnail\" alt=\"\" decoding=\"async\" loading=\"lazy\" \/><\/a>\n\t\t\t<\/dt><\/dl><dl class='gallery-item'>\n\t\t\t<dt class='gallery-icon landscape'>\n\t\t\t\t<a onclick=\"javascript:pageTracker._trackPageview('\/outgoing\/alps2riviera.it\/wp-content\/uploads\/2018\/06\/SantoStefano05.jpg');\"  href='https:\/\/alps2riviera.it\/wp-content\/uploads\/2018\/06\/SantoStefano05.jpg'><img width=\"150\" height=\"150\" src=\"https:\/\/alps2riviera.it\/wp-content\/uploads\/2018\/06\/SantoStefano05-150x150.jpg\" class=\"attachment-thumbnail size-thumbnail\" alt=\"\" decoding=\"async\" loading=\"lazy\" \/><\/a>\n\t\t\t<\/dt><\/dl><br style=\"clear: both\" \/>\n\t\t<\/div>\n\n<p>Etape plus courte que la pr\u00e9c\u00e9dente, avec une diff\u00e9rence de niveau plus \u00e9lev\u00e9e, mais avec des hauts et des bas prononc\u00e9s, avec des mont\u00e9es raides mais courtes. D\u00e9part de Serravalle Scrivia pour rejoindre Gavi, c\u00e9l\u00e8bre pour son vin blanc homonyme, son ch\u00e2teau, les amaretti, les raviolis (on dit qu&rsquo;ils ont \u00e9t\u00e9 invent\u00e9s ici).<\/p>\n<p>Profitons de la route plate jusqu&rsquo;\u00e0 Capriata d&rsquo;Orba, qui conserve quelques vestiges des fortifications du X-XII si\u00e8cle. En suivant le cours de la rivi\u00e8re Orba, vous arrivez peu apr\u00e8s au pied de la Rocca Grimalda. Une mont\u00e9e tr\u00e8s courte mais raide nous m\u00e8ne \u00e0 son ch\u00e2teau. Une route descendante nous conduit ensuite aux portes d&rsquo;Ovada, d&rsquo;o\u00f9 la panoramique Strada Costa, de la localit\u00e9 de Santo Stefano, nous conduit doucement vers le haut puis vers Carpeneto, avec son ch\u00e2teau (non accessible aux visiteurs).<\/p>\n<p>L&rsquo;itin\u00e9raire continue vers Trisobbio, l&rsquo;un des plus anciens villages de Monferrato, o\u00f9 le ch\u00e2teau m\u00e9rite une visite. Apr\u00e8s quelques kilom\u00e8tres l\u00e9g\u00e8rement vallonn\u00e9s, nous montons vers le petit village de Morsasco, domin\u00e9 par le ch\u00e2teau, accessible par une ruelle \u00e9troite.<br \/>\nApr\u00e8s environ 11 km, nous atteignons Acqui Terme (ses thermes, Villa Ottolenghi, le ch\u00e2teau Paleologi, et les restes de l&rsquo;aqueduc romain).<\/p>\n<p>Les hauts et les bas de 17 km qui nous s\u00e9parent de Nizza Monferrato, la capitale du vin de Barbera, nous feront traverser les paysages viticoles des Langhe, Monferrato et Roero d\u00e9cr\u00e9t\u00e9s par l&rsquo;UNESCO, en 2014, site class\u00e9 au patrimoine mondial. Nous voici donc, en passant de Castagnole delle Lanze, d&rsquo;abord \u00e0 Neive et son fascinant r\u00e9seau de b\u00e2timents et de rues, puis \u00e0 Barbaresco, lieux de production de Barbaresco, le grand vin rouge du Pi\u00e9mont. Et puis nous atteindrons Alba, la capitale des Langhe, c\u00e9l\u00e8bre dans le monde entier pour le Barolo et pour les c\u00e9l\u00e8bres truffes blanches. Un repos bien m\u00e9rit\u00e9 nous attend dans l&rsquo;un de ses h\u00f4tels.<\/p>\n<div style=\"position: relative; padding-bottom: 75%; height: 0; overflow: hidden;\"><iframe style=\"border: 0; position: absolute; top: 0; left: 0; width: 100%; height: 100%;\" src=\"https:\/\/www.openrunner.com\/route\/8556291\/embed\/fr\/494d4c513250525250446e3778517647627333322f55424c414666493730456369564f5861336a2f5749493d3a3a4b7a01a216c7ced924f96d530aad3a06\" frameborder=\"0\" scrolling=\"no\" allowfullscreen=\"allowfullscreen\"><\/iframe><\/div>\n","protected":false},"excerpt":{"rendered":"<p>Serravalle Scrivia (AL) \u2013 Alba (CN) Km 122,00 Diff\u00e9rence d&rsquo;altitude: +2080 m &#8211; 2140 m Etape plus courte que la pr\u00e9c\u00e9dente, avec une diff\u00e9rence de niveau plus \u00e9lev\u00e9e, mais avec des hauts et des bas prononc\u00e9s, avec des mont\u00e9es raides mais courtes. D\u00e9part de Serravalle Scrivia pour rejoindre Gavi, c\u00e9l\u00e8bre pour son vin blanc homonyme, [&hellip;]<\/p>\n","protected":false},"author":1,"featured_media":0,"parent":8861,"menu_order":0,"comment_status":"closed","ping_status":"closed","template":"","meta":[],"yoast_head":"<!-- This site is optimized with the Yoast SEO plugin v20.13 - https:\/\/yoast.com\/wordpress\/plugins\/seo\/ -->\n<title>Etape 4 Alps2Riviera - Alps2Riviera Randonn\u00e9e de cyclisme<\/title>\n<meta name=\"description\" content=\"Etape plus courte que la pr\u00e9c\u00e9dente, avec une diff\u00e9rence de niveau plus \u00e9lev\u00e9e. Inscrivez vous \u00e0 la Alps2Riviera en ligne, inscriptions ouvertes\" \/>\n<meta name=\"robots\" content=\"index, follow, max-snippet:-1, max-image-preview:large, max-video-preview:-1\" \/>\n<link rel=\"canonical\" href=\"https:\/\/alps2riviera.it\/fr\/randonnee-alpes2riviera\/etape-4\/\" \/>\n<meta property=\"og:locale\" content=\"fr_FR\" \/>\n<meta property=\"og:type\" content=\"article\" \/>\n<meta property=\"og:title\" content=\"Etape 4 Alps2Riviera - Alps2Riviera Randonn\u00e9e de cyclisme\" \/>\n<meta property=\"og:description\" content=\"Etape plus courte que la pr\u00e9c\u00e9dente, avec une diff\u00e9rence de niveau plus \u00e9lev\u00e9e. Inscrivez vous \u00e0 la Alps2Riviera en ligne, inscriptions ouvertes\" \/>\n<meta property=\"og:url\" content=\"https:\/\/alps2riviera.it\/fr\/randonnee-alpes2riviera\/etape-4\/\" \/>\n<meta property=\"og:site_name\" content=\"Alps2Riviera Randonn\u00e9e de cyclisme\" \/>\n<meta property=\"article:modified_time\" content=\"2018-09-20T08:46:19+00:00\" \/>\n<meta property=\"og:image\" content=\"https:\/\/alps2riviera.it\/wp-content\/uploads\/2018\/06\/bagna-cauda-150x150.jpg\" \/>\n<meta name=\"twitter:label1\" content=\"Dur\u00e9e de lecture estim\u00e9e\" \/>\n\t<meta name=\"twitter:data1\" content=\"2 minutes\" \/>\n<script type=\"application\/ld+json\" class=\"yoast-schema-graph\">{\"@context\":\"https:\/\/schema.org\",\"@graph\":[{\"@type\":\"WebPage\",\"@id\":\"https:\/\/alps2riviera.it\/fr\/randonnee-alpes2riviera\/etape-4\/\",\"url\":\"https:\/\/alps2riviera.it\/fr\/randonnee-alpes2riviera\/etape-4\/\",\"name\":\"Etape 4 Alps2Riviera - Alps2Riviera Randonn\u00e9e de cyclisme\",\"isPartOf\":{\"@id\":\"https:\/\/alps2riviera.it\/#website\"},\"datePublished\":\"2018-07-25T15:14:40+00:00\",\"dateModified\":\"2018-09-20T08:46:19+00:00\",\"description\":\"Etape plus courte que la pr\u00e9c\u00e9dente, avec une diff\u00e9rence de niveau plus \u00e9lev\u00e9e. Inscrivez vous \u00e0 la Alps2Riviera en ligne, inscriptions ouvertes\",\"breadcrumb\":{\"@id\":\"https:\/\/alps2riviera.it\/fr\/randonnee-alpes2riviera\/etape-4\/#breadcrumb\"},\"inLanguage\":\"fr-FR\",\"potentialAction\":[{\"@type\":\"ReadAction\",\"target\":[\"https:\/\/alps2riviera.it\/fr\/randonnee-alpes2riviera\/etape-4\/\"]}]},{\"@type\":\"BreadcrumbList\",\"@id\":\"https:\/\/alps2riviera.it\/fr\/randonnee-alpes2riviera\/etape-4\/#breadcrumb\",\"itemListElement\":[{\"@type\":\"ListItem\",\"position\":1,\"name\":\"Home\",\"item\":\"https:\/\/alps2riviera.it\/fr\/\"},{\"@type\":\"ListItem\",\"position\":2,\"name\":\"Randonn\u00e9e Alps2Riviera\",\"item\":\"https:\/\/alps2riviera.it\/fr\/randonnee-alpes2riviera\/\"},{\"@type\":\"ListItem\",\"position\":3,\"name\":\"Etape 4 Alps2Riviera\"}]},{\"@type\":\"WebSite\",\"@id\":\"https:\/\/alps2riviera.it\/#website\",\"url\":\"https:\/\/alps2riviera.it\/\",\"name\":\"Alps2Riviera Randonn\u00e9e de cyclisme\",\"description\":\"12-19 maggio 2019 | tour ciclistico attraverso Piemonte e Liguria\",\"potentialAction\":[{\"@type\":\"SearchAction\",\"target\":{\"@type\":\"EntryPoint\",\"urlTemplate\":\"https:\/\/alps2riviera.it\/?s={search_term_string}\"},\"query-input\":\"required name=search_term_string\"}],\"inLanguage\":\"fr-FR\"}]}<\/script>\n<!-- \/ Yoast SEO plugin. -->","yoast_head_json":{"title":"Etape 4 Alps2Riviera - Alps2Riviera Randonn\u00e9e de cyclisme","description":"Etape plus courte que la pr\u00e9c\u00e9dente, avec une diff\u00e9rence de niveau plus \u00e9lev\u00e9e. Inscrivez vous \u00e0 la Alps2Riviera en ligne, inscriptions ouvertes","robots":{"index":"index","follow":"follow","max-snippet":"max-snippet:-1","max-image-preview":"max-image-preview:large","max-video-preview":"max-video-preview:-1"},"canonical":"https:\/\/alps2riviera.it\/fr\/randonnee-alpes2riviera\/etape-4\/","og_locale":"fr_FR","og_type":"article","og_title":"Etape 4 Alps2Riviera - Alps2Riviera Randonn\u00e9e de cyclisme","og_description":"Etape plus courte que la pr\u00e9c\u00e9dente, avec une diff\u00e9rence de niveau plus \u00e9lev\u00e9e. Inscrivez vous \u00e0 la Alps2Riviera en ligne, inscriptions ouvertes","og_url":"https:\/\/alps2riviera.it\/fr\/randonnee-alpes2riviera\/etape-4\/","og_site_name":"Alps2Riviera Randonn\u00e9e de cyclisme","article_modified_time":"2018-09-20T08:46:19+00:00","og_image":[{"url":"https:\/\/alps2riviera.it\/wp-content\/uploads\/2018\/06\/bagna-cauda-150x150.jpg"}],"twitter_misc":{"Dur\u00e9e de lecture estim\u00e9e":"2 minutes"},"schema":{"@context":"https:\/\/schema.org","@graph":[{"@type":"WebPage","@id":"https:\/\/alps2riviera.it\/fr\/randonnee-alpes2riviera\/etape-4\/","url":"https:\/\/alps2riviera.it\/fr\/randonnee-alpes2riviera\/etape-4\/","name":"Etape 4 Alps2Riviera - Alps2Riviera Randonn\u00e9e de cyclisme","isPartOf":{"@id":"https:\/\/alps2riviera.it\/#website"},"datePublished":"2018-07-25T15:14:40+00:00","dateModified":"2018-09-20T08:46:19+00:00","description":"Etape plus courte que la pr\u00e9c\u00e9dente, avec une diff\u00e9rence de niveau plus \u00e9lev\u00e9e. Inscrivez vous \u00e0 la Alps2Riviera en ligne, inscriptions ouvertes","breadcrumb":{"@id":"https:\/\/alps2riviera.it\/fr\/randonnee-alpes2riviera\/etape-4\/#breadcrumb"},"inLanguage":"fr-FR","potentialAction":[{"@type":"ReadAction","target":["https:\/\/alps2riviera.it\/fr\/randonnee-alpes2riviera\/etape-4\/"]}]},{"@type":"BreadcrumbList","@id":"https:\/\/alps2riviera.it\/fr\/randonnee-alpes2riviera\/etape-4\/#breadcrumb","itemListElement":[{"@type":"ListItem","position":1,"name":"Home","item":"https:\/\/alps2riviera.it\/fr\/"},{"@type":"ListItem","position":2,"name":"Randonn\u00e9e Alps2Riviera","item":"https:\/\/alps2riviera.it\/fr\/randonnee-alpes2riviera\/"},{"@type":"ListItem","position":3,"name":"Etape 4 Alps2Riviera"}]},{"@type":"WebSite","@id":"https:\/\/alps2riviera.it\/#website","url":"https:\/\/alps2riviera.it\/","name":"Alps2Riviera Randonn\u00e9e de cyclisme","description":"12-19 maggio 2019 | tour ciclistico attraverso Piemonte e Liguria","potentialAction":[{"@type":"SearchAction","target":{"@type":"EntryPoint","urlTemplate":"https:\/\/alps2riviera.it\/?s={search_term_string}"},"query-input":"required name=search_term_string"}],"inLanguage":"fr-FR"}]}},"_links":{"self":[{"href":"https:\/\/alps2riviera.it\/fr\/wp-json\/wp\/v2\/pages\/8837"}],"collection":[{"href":"https:\/\/alps2riviera.it\/fr\/wp-json\/wp\/v2\/pages"}],"about":[{"href":"https:\/\/alps2riviera.it\/fr\/wp-json\/wp\/v2\/types\/page"}],"author":[{"embeddable":true,"href":"https:\/\/alps2riviera.it\/fr\/wp-json\/wp\/v2\/users\/1"}],"replies":[{"embeddable":true,"href":"https:\/\/alps2riviera.it\/fr\/wp-json\/wp\/v2\/comments?post=8837"}],"version-history":[{"count":4,"href":"https:\/\/alps2riviera.it\/fr\/wp-json\/wp\/v2\/pages\/8837\/revisions"}],"predecessor-version":[{"id":9247,"href":"https:\/\/alps2riviera.it\/fr\/wp-json\/wp\/v2\/pages\/8837\/revisions\/9247"}],"up":[{"embeddable":true,"href":"https:\/\/alps2riviera.it\/fr\/wp-json\/wp\/v2\/pages\/8861"}],"wp:attachment":[{"href":"https:\/\/alps2riviera.it\/fr\/wp-json\/wp\/v2\/media?parent=8837"}],"curies":[{"name":"wp","href":"https:\/\/api.w.org\/{rel}","templated":true}]}}