{"id":8836,"date":"2018-07-25T15:05:34","date_gmt":"2018-07-25T15:05:34","guid":{"rendered":"http:\/\/alps2riviera.it\/etape-5\/"},"modified":"2018-09-20T08:48:59","modified_gmt":"2018-09-20T08:48:59","slug":"etape-5","status":"publish","type":"page","link":"https:\/\/alps2riviera.it\/fr\/randonnee-alpes2riviera\/etape-5\/","title":{"rendered":"Etape 5 Alps2Riviera"},"content":{"rendered":"<h2>Alba (CN) \u2013 Ormea (CN)<\/h2>\n<h3>Km 97,00<br \/>\nDiff\u00e9rence d&rsquo;altitude: +1564 m \u2013 990 m<\/h3>\n\n\t\t<style type=\"text\/css\">\n\t\t\t#gallery-1 {\n\t\t\t\tmargin: auto;\n\t\t\t}\n\t\t\t#gallery-1 .gallery-item {\n\t\t\t\tfloat: left;\n\t\t\t\tmargin-top: 10px;\n\t\t\t\ttext-align: center;\n\t\t\t\twidth: 25%;\n\t\t\t}\n\t\t\t#gallery-1 img {\n\t\t\t\tborder: 2px solid #cfcfcf;\n\t\t\t}\n\t\t\t#gallery-1 .gallery-caption {\n\t\t\t\tmargin-left: 0;\n\t\t\t}\n\t\t\t\/* see gallery_shortcode() in wp-includes\/media.php *\/\n\t\t<\/style>\n\t\t<div id='gallery-1' class='gallery galleryid-8836 gallery-columns-4 gallery-size-thumbnail'><dl class='gallery-item'>\n\t\t\t<dt class='gallery-icon landscape'>\n\t\t\t\t<a onclick=\"javascript:pageTracker._trackPageview('\/outgoing\/alps2riviera.it\/wp-content\/uploads\/2018\/06\/Barolo-e-La-Morra-2.jpg');\"  href='https:\/\/alps2riviera.it\/wp-content\/uploads\/2018\/06\/Barolo-e-La-Morra-2.jpg'><img width=\"150\" height=\"150\" src=\"https:\/\/alps2riviera.it\/wp-content\/uploads\/2018\/06\/Barolo-e-La-Morra-2-150x150.jpg\" class=\"attachment-thumbnail size-thumbnail\" alt=\"\" decoding=\"async\" loading=\"lazy\" \/><\/a>\n\t\t\t<\/dt><\/dl><dl class='gallery-item'>\n\t\t\t<dt class='gallery-icon landscape'>\n\t\t\t\t<a onclick=\"javascript:pageTracker._trackPageview('\/outgoing\/alps2riviera.it\/wp-content\/uploads\/2018\/06\/Barolo-e-La-Morra-7.jpg');\"  href='https:\/\/alps2riviera.it\/wp-content\/uploads\/2018\/06\/Barolo-e-La-Morra-7.jpg'><img width=\"150\" height=\"150\" src=\"https:\/\/alps2riviera.it\/wp-content\/uploads\/2018\/06\/Barolo-e-La-Morra-7-150x150.jpg\" class=\"attachment-thumbnail size-thumbnail\" alt=\"\" decoding=\"async\" loading=\"lazy\" \/><\/a>\n\t\t\t<\/dt><\/dl><dl class='gallery-item'>\n\t\t\t<dt class='gallery-icon landscape'>\n\t\t\t\t<a onclick=\"javascript:pageTracker._trackPageview('\/outgoing\/alps2riviera.it\/wp-content\/uploads\/2018\/06\/Barolo.jpg');\"  href='https:\/\/alps2riviera.it\/wp-content\/uploads\/2018\/06\/Barolo.jpg'><img width=\"150\" height=\"150\" src=\"https:\/\/alps2riviera.it\/wp-content\/uploads\/2018\/06\/Barolo-150x150.jpg\" class=\"attachment-thumbnail size-thumbnail\" alt=\"\" decoding=\"async\" loading=\"lazy\" \/><\/a>\n\t\t\t<\/dt><\/dl><dl class='gallery-item'>\n\t\t\t<dt class='gallery-icon landscape'>\n\t\t\t\t<a onclick=\"javascript:pageTracker._trackPageview('\/outgoing\/alps2riviera.it\/wp-content\/uploads\/2018\/06\/BAROLO-E-LANGHE.jpg');\"  href='https:\/\/alps2riviera.it\/wp-content\/uploads\/2018\/06\/BAROLO-E-LANGHE.jpg'><img width=\"150\" height=\"150\" src=\"https:\/\/alps2riviera.it\/wp-content\/uploads\/2018\/06\/BAROLO-E-LANGHE-150x150.jpg\" class=\"attachment-thumbnail size-thumbnail\" alt=\"\" decoding=\"async\" loading=\"lazy\" \/><\/a>\n\t\t\t<\/dt><\/dl><br style=\"clear: both\" \/><dl class='gallery-item'>\n\t\t\t<dt class='gallery-icon landscape'>\n\t\t\t\t<a onclick=\"javascript:pageTracker._trackPageview('\/outgoing\/alps2riviera.it\/wp-content\/uploads\/2018\/06\/Degustazione-rossi.jpg');\"  href='https:\/\/alps2riviera.it\/wp-content\/uploads\/2018\/06\/Degustazione-rossi.jpg'><img width=\"150\" height=\"150\" src=\"https:\/\/alps2riviera.it\/wp-content\/uploads\/2018\/06\/Degustazione-rossi-150x150.jpg\" class=\"attachment-thumbnail size-thumbnail\" alt=\"\" decoding=\"async\" loading=\"lazy\" \/><\/a>\n\t\t\t<\/dt><\/dl><dl class='gallery-item'>\n\t\t\t<dt class='gallery-icon landscape'>\n\t\t\t\t<a onclick=\"javascript:pageTracker._trackPageview('\/outgoing\/alps2riviera.it\/wp-content\/uploads\/2018\/06\/Foto-T13.jpg');\"  href='https:\/\/alps2riviera.it\/wp-content\/uploads\/2018\/06\/Foto-T13.jpg'><img width=\"150\" height=\"150\" src=\"https:\/\/alps2riviera.it\/wp-content\/uploads\/2018\/06\/Foto-T13-150x150.jpg\" class=\"attachment-thumbnail size-thumbnail\" alt=\"\" decoding=\"async\" loading=\"lazy\" \/><\/a>\n\t\t\t<\/dt><\/dl><dl class='gallery-item'>\n\t\t\t<dt class='gallery-icon landscape'>\n\t\t\t\t<a onclick=\"javascript:pageTracker._trackPageview('\/outgoing\/alps2riviera.it\/wp-content\/uploads\/2018\/06\/I-formaggi-piemontesi.jpg');\"  href='https:\/\/alps2riviera.it\/wp-content\/uploads\/2018\/06\/I-formaggi-piemontesi.jpg'><img width=\"150\" height=\"150\" src=\"https:\/\/alps2riviera.it\/wp-content\/uploads\/2018\/06\/I-formaggi-piemontesi-150x150.jpg\" class=\"attachment-thumbnail size-thumbnail\" alt=\"\" decoding=\"async\" loading=\"lazy\" \/><\/a>\n\t\t\t<\/dt><\/dl><dl class='gallery-item'>\n\t\t\t<dt class='gallery-icon landscape'>\n\t\t\t\t<a onclick=\"javascript:pageTracker._trackPageview('\/outgoing\/alps2riviera.it\/wp-content\/uploads\/2018\/06\/I-vigneti-di-Barolo.jpg');\"  href='https:\/\/alps2riviera.it\/wp-content\/uploads\/2018\/06\/I-vigneti-di-Barolo.jpg'><img width=\"150\" height=\"150\" src=\"https:\/\/alps2riviera.it\/wp-content\/uploads\/2018\/06\/I-vigneti-di-Barolo-150x150.jpg\" class=\"attachment-thumbnail size-thumbnail\" alt=\"\" decoding=\"async\" loading=\"lazy\" \/><\/a>\n\t\t\t<\/dt><\/dl><br style=\"clear: both\" \/><dl class='gallery-item'>\n\t\t\t<dt class='gallery-icon landscape'>\n\t\t\t\t<a onclick=\"javascript:pageTracker._trackPageview('\/outgoing\/alps2riviera.it\/wp-content\/uploads\/2018\/06\/Le-colline-del-Monferrato.jpg');\"  href='https:\/\/alps2riviera.it\/wp-content\/uploads\/2018\/06\/Le-colline-del-Monferrato.jpg'><img width=\"150\" height=\"150\" src=\"https:\/\/alps2riviera.it\/wp-content\/uploads\/2018\/06\/Le-colline-del-Monferrato-150x150.jpg\" class=\"attachment-thumbnail size-thumbnail\" alt=\"\" decoding=\"async\" loading=\"lazy\" \/><\/a>\n\t\t\t<\/dt><\/dl><dl class='gallery-item'>\n\t\t\t<dt class='gallery-icon landscape'>\n\t\t\t\t<a onclick=\"javascript:pageTracker._trackPageview('\/outgoing\/alps2riviera.it\/wp-content\/uploads\/2018\/06\/Le-colline-delle-Langhe.jpg');\"  href='https:\/\/alps2riviera.it\/wp-content\/uploads\/2018\/06\/Le-colline-delle-Langhe.jpg'><img width=\"150\" height=\"150\" src=\"https:\/\/alps2riviera.it\/wp-content\/uploads\/2018\/06\/Le-colline-delle-Langhe-150x150.jpg\" class=\"attachment-thumbnail size-thumbnail\" alt=\"\" decoding=\"async\" loading=\"lazy\" \/><\/a>\n\t\t\t<\/dt><\/dl><dl class='gallery-item'>\n\t\t\t<dt class='gallery-icon landscape'>\n\t\t\t\t<a onclick=\"javascript:pageTracker._trackPageview('\/outgoing\/alps2riviera.it\/wp-content\/uploads\/2018\/06\/Tagliolini-e-tartufo.jpg');\"  href='https:\/\/alps2riviera.it\/wp-content\/uploads\/2018\/06\/Tagliolini-e-tartufo.jpg'><img width=\"150\" height=\"150\" src=\"https:\/\/alps2riviera.it\/wp-content\/uploads\/2018\/06\/Tagliolini-e-tartufo-150x150.jpg\" class=\"attachment-thumbnail size-thumbnail\" alt=\"\" decoding=\"async\" loading=\"lazy\" \/><\/a>\n\t\t\t<\/dt><\/dl><dl class='gallery-item'>\n\t\t\t<dt class='gallery-icon landscape'>\n\t\t\t\t<a onclick=\"javascript:pageTracker._trackPageview('\/outgoing\/alps2riviera.it\/wp-content\/uploads\/2018\/06\/Tartufo-bianco-dAlba.jpg');\"  href='https:\/\/alps2riviera.it\/wp-content\/uploads\/2018\/06\/Tartufo-bianco-dAlba.jpg'><img width=\"150\" height=\"150\" src=\"https:\/\/alps2riviera.it\/wp-content\/uploads\/2018\/06\/Tartufo-bianco-dAlba-150x150.jpg\" class=\"attachment-thumbnail size-thumbnail\" alt=\"\" decoding=\"async\" loading=\"lazy\" \/><\/a>\n\t\t\t<\/dt><\/dl><br style=\"clear: both\" \/>\n\t\t<\/div>\n\n<p>Nous entrons maintenant dans les vignobles \u00e0 perte de vue, o\u00f9 naissent les plus grands vins rouges italiens, ch\u00e2teaux, villages et tours perch\u00e9s sur les collines, villes riches en histoire et en art, \u00e0 c\u00f4t\u00e9 de villages de quelques maisons. Nous quittons le centre historique d&rsquo;Alba, avec un trac\u00e9 m\u00e9di\u00e9val et une forme circulaire (il est agr\u00e9able de marcher parmi les tours et les forteresses pittoresques, puis de traverser les grandes \u00e9glises, le Duomo et surtout San Domenico, l&rsquo;un des plus beaux monument romano-gothique en Italie du Nord).<\/p>\n<p>D&rsquo;abord sur du plat puis l\u00e9g\u00e8rement en mont\u00e9e, nous arrivons apr\u00e8s 11,5 km \u00e0 Castigliole Falletto et son ch\u00e2teau. Nous suivons le fleuve Tanaro qui nous accompagnera jusqu&rsquo;\u00e0 la ligne d&rsquo;arriv\u00e9e. Quelques kilom\u00e8tres, d&rsquo;abord en descente puis l\u00e9g\u00e8rement en mont\u00e9e, nous s\u00e9parent de Barolo et de WIMU, le mus\u00e9e du vin du ch\u00e2teau de Barolo, pour vous faire vivre une exp\u00e9rience \u00e0 mi-chemin entre culture et \u0153notourisme. Arriv\u00e9e ensuite \u00e0 Monforte, dans une position enchanteresse, avec les maisons de la vieille partie toutes appuy\u00e9es sur les pentes d\u2019une colline escarp\u00e9e.<\/p>\n<p>La descente vers Dogliani, qui donne son nom au vin DOCG du Dolcetto, \u00e0 environ 7,5 km, vous permettra de r\u00e9cup\u00e9rer pour la prochaine mont\u00e9e (environ 12 km, mais plus raide jusqu&rsquo;\u00e0 Lovera) pour arriver \u00e0 Murazzano. Le nom du grand fromage AOP conserve l&rsquo;un des centres historiques les plus int\u00e9ressants (vestiges du seul moulin \u00e0 vent des Langhe).<\/p>\n<p>Nous sommes dans l&rsquo;Alta Langa, avec sa nature bois\u00e9e, ses noisetiers et ses fromages dont la vari\u00e9t\u00e9 est vraiment capable de satisfaire tous les go\u00fbts. De Murazzano nous arriverons par une descente agr\u00e9able \u00e0 l&rsquo;ancien village m\u00e9di\u00e9val de Ceva, avec les rues typiques du centre historique. Les derniers 38 km dans la lumi\u00e8re, l&rsquo;ascension constante nous conduira d&rsquo;abord \u00e0 travers Priola, puis Garessio et enfin arriver \u00e0 Ormea, la destination finale de la journ\u00e9e.<\/p>\n<div style=\"position: relative; padding-bottom: 75%; height: 0; overflow: hidden;\"><iframe style=\"border: 0; position: absolute; top: 0; left: 0; width: 100%; height: 100%;\" src=\"https:\/\/www.openrunner.com\/route\/8558381\/embed\/fr\/424d475843706c682f484e394263594a6d693669754e7462325730725875375270634457543571567258513d3a3a2f951257220fda5d4264abe1b2dcda03\" frameborder=\"0\" scrolling=\"no\" allowfullscreen=\"allowfullscreen\"><\/iframe><\/div>\n","protected":false},"excerpt":{"rendered":"<p>Alba (CN) \u2013 Ormea (CN) Km 97,00 Diff\u00e9rence d&rsquo;altitude: +1564 m \u2013 990 m Nous entrons maintenant dans les vignobles \u00e0 perte de vue, o\u00f9 naissent les plus grands vins rouges italiens, ch\u00e2teaux, villages et tours perch\u00e9s sur les collines, villes riches en histoire et en art, \u00e0 c\u00f4t\u00e9 de villages de quelques maisons. Nous [&hellip;]<\/p>\n","protected":false},"author":1,"featured_media":0,"parent":8861,"menu_order":0,"comment_status":"closed","ping_status":"closed","template":"","meta":[],"yoast_head":"<!-- This site is optimized with the Yoast SEO plugin v20.13 - https:\/\/yoast.com\/wordpress\/plugins\/seo\/ -->\n<title>Etape 5 Alps2Riviera - Alps2Riviera Randonn\u00e9e de cyclisme<\/title>\n<meta name=\"description\" content=\"Nous entrons maintenant dans les vignobles \u00e0 perte de vue, o\u00f9 naissent les plus grands vins rouges italiens, ch\u00e2teaux...inscrivez vous \u00e0 la randonne\u00e9!\" \/>\n<meta name=\"robots\" content=\"index, follow, max-snippet:-1, max-image-preview:large, max-video-preview:-1\" \/>\n<link rel=\"canonical\" href=\"https:\/\/alps2riviera.it\/fr\/randonnee-alpes2riviera\/etape-5\/\" \/>\n<meta property=\"og:locale\" content=\"fr_FR\" \/>\n<meta property=\"og:type\" content=\"article\" \/>\n<meta property=\"og:title\" content=\"Etape 5 Alps2Riviera - Alps2Riviera Randonn\u00e9e de cyclisme\" \/>\n<meta property=\"og:description\" content=\"Nous entrons maintenant dans les vignobles \u00e0 perte de vue, o\u00f9 naissent les plus grands vins rouges italiens, ch\u00e2teaux...inscrivez vous \u00e0 la randonne\u00e9!\" \/>\n<meta property=\"og:url\" content=\"https:\/\/alps2riviera.it\/fr\/randonnee-alpes2riviera\/etape-5\/\" \/>\n<meta property=\"og:site_name\" content=\"Alps2Riviera Randonn\u00e9e de cyclisme\" \/>\n<meta property=\"article:modified_time\" content=\"2018-09-20T08:48:59+00:00\" \/>\n<meta property=\"og:image\" content=\"https:\/\/alps2riviera.it\/wp-content\/uploads\/2018\/06\/Barolo-e-La-Morra-2-150x150.jpg\" \/>\n<meta name=\"twitter:label1\" content=\"Dur\u00e9e de lecture estim\u00e9e\" \/>\n\t<meta name=\"twitter:data1\" content=\"2 minutes\" \/>\n<script type=\"application\/ld+json\" class=\"yoast-schema-graph\">{\"@context\":\"https:\/\/schema.org\",\"@graph\":[{\"@type\":\"WebPage\",\"@id\":\"https:\/\/alps2riviera.it\/fr\/randonnee-alpes2riviera\/etape-5\/\",\"url\":\"https:\/\/alps2riviera.it\/fr\/randonnee-alpes2riviera\/etape-5\/\",\"name\":\"Etape 5 Alps2Riviera - Alps2Riviera Randonn\u00e9e de cyclisme\",\"isPartOf\":{\"@id\":\"https:\/\/alps2riviera.it\/#website\"},\"datePublished\":\"2018-07-25T15:05:34+00:00\",\"dateModified\":\"2018-09-20T08:48:59+00:00\",\"description\":\"Nous entrons maintenant dans les vignobles \u00e0 perte de vue, o\u00f9 naissent les plus grands vins rouges italiens, ch\u00e2teaux...inscrivez vous \u00e0 la randonne\u00e9!\",\"breadcrumb\":{\"@id\":\"https:\/\/alps2riviera.it\/fr\/randonnee-alpes2riviera\/etape-5\/#breadcrumb\"},\"inLanguage\":\"fr-FR\",\"potentialAction\":[{\"@type\":\"ReadAction\",\"target\":[\"https:\/\/alps2riviera.it\/fr\/randonnee-alpes2riviera\/etape-5\/\"]}]},{\"@type\":\"BreadcrumbList\",\"@id\":\"https:\/\/alps2riviera.it\/fr\/randonnee-alpes2riviera\/etape-5\/#breadcrumb\",\"itemListElement\":[{\"@type\":\"ListItem\",\"position\":1,\"name\":\"Home\",\"item\":\"https:\/\/alps2riviera.it\/fr\/\"},{\"@type\":\"ListItem\",\"position\":2,\"name\":\"Randonn\u00e9e Alps2Riviera\",\"item\":\"https:\/\/alps2riviera.it\/fr\/randonnee-alpes2riviera\/\"},{\"@type\":\"ListItem\",\"position\":3,\"name\":\"Etape 5 Alps2Riviera\"}]},{\"@type\":\"WebSite\",\"@id\":\"https:\/\/alps2riviera.it\/#website\",\"url\":\"https:\/\/alps2riviera.it\/\",\"name\":\"Alps2Riviera Randonn\u00e9e de cyclisme\",\"description\":\"12-19 maggio 2019 | tour ciclistico attraverso Piemonte e Liguria\",\"potentialAction\":[{\"@type\":\"SearchAction\",\"target\":{\"@type\":\"EntryPoint\",\"urlTemplate\":\"https:\/\/alps2riviera.it\/?s={search_term_string}\"},\"query-input\":\"required name=search_term_string\"}],\"inLanguage\":\"fr-FR\"}]}<\/script>\n<!-- \/ Yoast SEO plugin. -->","yoast_head_json":{"title":"Etape 5 Alps2Riviera - Alps2Riviera Randonn\u00e9e de cyclisme","description":"Nous entrons maintenant dans les vignobles \u00e0 perte de vue, o\u00f9 naissent les plus grands vins rouges italiens, ch\u00e2teaux...inscrivez vous \u00e0 la randonne\u00e9!","robots":{"index":"index","follow":"follow","max-snippet":"max-snippet:-1","max-image-preview":"max-image-preview:large","max-video-preview":"max-video-preview:-1"},"canonical":"https:\/\/alps2riviera.it\/fr\/randonnee-alpes2riviera\/etape-5\/","og_locale":"fr_FR","og_type":"article","og_title":"Etape 5 Alps2Riviera - Alps2Riviera Randonn\u00e9e de cyclisme","og_description":"Nous entrons maintenant dans les vignobles \u00e0 perte de vue, o\u00f9 naissent les plus grands vins rouges italiens, ch\u00e2teaux...inscrivez vous \u00e0 la randonne\u00e9!","og_url":"https:\/\/alps2riviera.it\/fr\/randonnee-alpes2riviera\/etape-5\/","og_site_name":"Alps2Riviera Randonn\u00e9e de cyclisme","article_modified_time":"2018-09-20T08:48:59+00:00","og_image":[{"url":"https:\/\/alps2riviera.it\/wp-content\/uploads\/2018\/06\/Barolo-e-La-Morra-2-150x150.jpg"}],"twitter_misc":{"Dur\u00e9e de lecture estim\u00e9e":"2 minutes"},"schema":{"@context":"https:\/\/schema.org","@graph":[{"@type":"WebPage","@id":"https:\/\/alps2riviera.it\/fr\/randonnee-alpes2riviera\/etape-5\/","url":"https:\/\/alps2riviera.it\/fr\/randonnee-alpes2riviera\/etape-5\/","name":"Etape 5 Alps2Riviera - Alps2Riviera Randonn\u00e9e de cyclisme","isPartOf":{"@id":"https:\/\/alps2riviera.it\/#website"},"datePublished":"2018-07-25T15:05:34+00:00","dateModified":"2018-09-20T08:48:59+00:00","description":"Nous entrons maintenant dans les vignobles \u00e0 perte de vue, o\u00f9 naissent les plus grands vins rouges italiens, ch\u00e2teaux...inscrivez vous \u00e0 la randonne\u00e9!","breadcrumb":{"@id":"https:\/\/alps2riviera.it\/fr\/randonnee-alpes2riviera\/etape-5\/#breadcrumb"},"inLanguage":"fr-FR","potentialAction":[{"@type":"ReadAction","target":["https:\/\/alps2riviera.it\/fr\/randonnee-alpes2riviera\/etape-5\/"]}]},{"@type":"BreadcrumbList","@id":"https:\/\/alps2riviera.it\/fr\/randonnee-alpes2riviera\/etape-5\/#breadcrumb","itemListElement":[{"@type":"ListItem","position":1,"name":"Home","item":"https:\/\/alps2riviera.it\/fr\/"},{"@type":"ListItem","position":2,"name":"Randonn\u00e9e Alps2Riviera","item":"https:\/\/alps2riviera.it\/fr\/randonnee-alpes2riviera\/"},{"@type":"ListItem","position":3,"name":"Etape 5 Alps2Riviera"}]},{"@type":"WebSite","@id":"https:\/\/alps2riviera.it\/#website","url":"https:\/\/alps2riviera.it\/","name":"Alps2Riviera Randonn\u00e9e de cyclisme","description":"12-19 maggio 2019 | tour ciclistico attraverso Piemonte e Liguria","potentialAction":[{"@type":"SearchAction","target":{"@type":"EntryPoint","urlTemplate":"https:\/\/alps2riviera.it\/?s={search_term_string}"},"query-input":"required name=search_term_string"}],"inLanguage":"fr-FR"}]}},"_links":{"self":[{"href":"https:\/\/alps2riviera.it\/fr\/wp-json\/wp\/v2\/pages\/8836"}],"collection":[{"href":"https:\/\/alps2riviera.it\/fr\/wp-json\/wp\/v2\/pages"}],"about":[{"href":"https:\/\/alps2riviera.it\/fr\/wp-json\/wp\/v2\/types\/page"}],"author":[{"embeddable":true,"href":"https:\/\/alps2riviera.it\/fr\/wp-json\/wp\/v2\/users\/1"}],"replies":[{"embeddable":true,"href":"https:\/\/alps2riviera.it\/fr\/wp-json\/wp\/v2\/comments?post=8836"}],"version-history":[{"count":3,"href":"https:\/\/alps2riviera.it\/fr\/wp-json\/wp\/v2\/pages\/8836\/revisions"}],"predecessor-version":[{"id":9249,"href":"https:\/\/alps2riviera.it\/fr\/wp-json\/wp\/v2\/pages\/8836\/revisions\/9249"}],"up":[{"embeddable":true,"href":"https:\/\/alps2riviera.it\/fr\/wp-json\/wp\/v2\/pages\/8861"}],"wp:attachment":[{"href":"https:\/\/alps2riviera.it\/fr\/wp-json\/wp\/v2\/media?parent=8836"}],"curies":[{"name":"wp","href":"https:\/\/api.w.org\/{rel}","templated":true}]}}