{"id":8835,"date":"2018-07-25T14:55:25","date_gmt":"2018-07-25T14:55:25","guid":{"rendered":"http:\/\/alps2riviera.it\/etape-6\/"},"modified":"2018-09-20T09:16:11","modified_gmt":"2018-09-20T09:16:11","slug":"etape-6","status":"publish","type":"page","link":"https:\/\/alps2riviera.it\/fr\/randonnee-alpes2riviera\/etape-6\/","title":{"rendered":"Etape 6 Alps2Riviera"},"content":{"rendered":"<h2>Ormea (CN) \u2013 Sanremo (IM)<\/h2>\n<h3>Km 78,5<br \/>\nDiff\u00e9rence d&rsquo;altitude: +1225 m \u2013 1966 m<\/h3>\n\n\t\t<style type=\"text\/css\">\n\t\t\t#gallery-1 {\n\t\t\t\tmargin: auto;\n\t\t\t}\n\t\t\t#gallery-1 .gallery-item {\n\t\t\t\tfloat: left;\n\t\t\t\tmargin-top: 10px;\n\t\t\t\ttext-align: center;\n\t\t\t\twidth: 25%;\n\t\t\t}\n\t\t\t#gallery-1 img {\n\t\t\t\tborder: 2px solid #cfcfcf;\n\t\t\t}\n\t\t\t#gallery-1 .gallery-caption {\n\t\t\t\tmargin-left: 0;\n\t\t\t}\n\t\t\t\/* see gallery_shortcode() in wp-includes\/media.php *\/\n\t\t<\/style>\n\t\t<div id='gallery-1' class='gallery galleryid-8835 gallery-columns-4 gallery-size-thumbnail'><dl class='gallery-item'>\n\t\t\t<dt class='gallery-icon landscape'>\n\t\t\t\t<a onclick=\"javascript:pageTracker._trackPageview('\/outgoing\/alps2riviera.it\/wp-content\/uploads\/2018\/06\/Campi-di-lavanda.jpg');\"  href='https:\/\/alps2riviera.it\/wp-content\/uploads\/2018\/06\/Campi-di-lavanda.jpg'><img width=\"150\" height=\"150\" src=\"https:\/\/alps2riviera.it\/wp-content\/uploads\/2018\/06\/Campi-di-lavanda-150x150.jpg\" class=\"attachment-thumbnail size-thumbnail\" alt=\"\" decoding=\"async\" loading=\"lazy\" \/><\/a>\n\t\t\t<\/dt><\/dl><dl class='gallery-item'>\n\t\t\t<dt class='gallery-icon landscape'>\n\t\t\t\t<a onclick=\"javascript:pageTracker._trackPageview('\/outgoing\/alps2riviera.it\/wp-content\/uploads\/2018\/06\/Colle-di-Nava-Forti.jpg');\"  href='https:\/\/alps2riviera.it\/wp-content\/uploads\/2018\/06\/Colle-di-Nava-Forti.jpg'><img width=\"150\" height=\"150\" src=\"https:\/\/alps2riviera.it\/wp-content\/uploads\/2018\/06\/Colle-di-Nava-Forti-150x150.jpg\" class=\"attachment-thumbnail size-thumbnail\" alt=\"\" decoding=\"async\" loading=\"lazy\" \/><\/a>\n\t\t\t<\/dt><\/dl><dl class='gallery-item'>\n\t\t\t<dt class='gallery-icon landscape'>\n\t\t\t\t<a onclick=\"javascript:pageTracker._trackPageview('\/outgoing\/alps2riviera.it\/wp-content\/uploads\/2018\/06\/Foto-T14.jpg');\"  href='https:\/\/alps2riviera.it\/wp-content\/uploads\/2018\/06\/Foto-T14.jpg'><img width=\"150\" height=\"150\" src=\"https:\/\/alps2riviera.it\/wp-content\/uploads\/2018\/06\/Foto-T14-150x150.jpg\" class=\"attachment-thumbnail size-thumbnail\" alt=\"\" decoding=\"async\" loading=\"lazy\" \/><\/a>\n\t\t\t<\/dt><\/dl><dl class='gallery-item'>\n\t\t\t<dt class='gallery-icon landscape'>\n\t\t\t\t<a onclick=\"javascript:pageTracker._trackPageview('\/outgoing\/alps2riviera.it\/wp-content\/uploads\/2018\/06\/Foto-T16.jpg');\"  href='https:\/\/alps2riviera.it\/wp-content\/uploads\/2018\/06\/Foto-T16.jpg'><img width=\"150\" height=\"150\" src=\"https:\/\/alps2riviera.it\/wp-content\/uploads\/2018\/06\/Foto-T16-150x150.jpg\" class=\"attachment-thumbnail size-thumbnail\" alt=\"\" decoding=\"async\" loading=\"lazy\" \/><\/a>\n\t\t\t<\/dt><\/dl><br style=\"clear: both\" \/><dl class='gallery-item'>\n\t\t\t<dt class='gallery-icon landscape'>\n\t\t\t\t<a onclick=\"javascript:pageTracker._trackPageview('\/outgoing\/alps2riviera.it\/wp-content\/uploads\/2018\/06\/galleria-ciclo-pedonale.jpg');\"  href='https:\/\/alps2riviera.it\/wp-content\/uploads\/2018\/06\/galleria-ciclo-pedonale.jpg'><img width=\"150\" height=\"150\" src=\"https:\/\/alps2riviera.it\/wp-content\/uploads\/2018\/06\/galleria-ciclo-pedonale-150x150.jpg\" class=\"attachment-thumbnail size-thumbnail\" alt=\"\" decoding=\"async\" loading=\"lazy\" \/><\/a>\n\t\t\t<\/dt><\/dl><dl class='gallery-item'>\n\t\t\t<dt class='gallery-icon landscape'>\n\t\t\t\t<a onclick=\"javascript:pageTracker._trackPageview('\/outgoing\/alps2riviera.it\/wp-content\/uploads\/2018\/06\/pista-ciclabile.jpg');\"  href='https:\/\/alps2riviera.it\/wp-content\/uploads\/2018\/06\/pista-ciclabile.jpg'><img width=\"150\" height=\"150\" src=\"https:\/\/alps2riviera.it\/wp-content\/uploads\/2018\/06\/pista-ciclabile-150x150.jpg\" class=\"attachment-thumbnail size-thumbnail\" alt=\"\" decoding=\"async\" loading=\"lazy\" \/><\/a>\n\t\t\t<\/dt><\/dl><dl class='gallery-item'>\n\t\t\t<dt class='gallery-icon landscape'>\n\t\t\t\t<a onclick=\"javascript:pageTracker._trackPageview('\/outgoing\/alps2riviera.it\/wp-content\/uploads\/2018\/06\/pista-ciclabile-ponente-ligure.jpg');\"  href='https:\/\/alps2riviera.it\/wp-content\/uploads\/2018\/06\/pista-ciclabile-ponente-ligure.jpg'><img width=\"150\" height=\"150\" src=\"https:\/\/alps2riviera.it\/wp-content\/uploads\/2018\/06\/pista-ciclabile-ponente-ligure-150x150.jpg\" class=\"attachment-thumbnail size-thumbnail\" alt=\"\" decoding=\"async\" loading=\"lazy\" \/><\/a>\n\t\t\t<\/dt><\/dl><dl class='gallery-item'>\n\t\t\t<dt class='gallery-icon landscape'>\n\t\t\t\t<a onclick=\"javascript:pageTracker._trackPageview('\/outgoing\/alps2riviera.it\/wp-content\/uploads\/2018\/06\/portici-pieve-di-teco.jpg');\"  href='https:\/\/alps2riviera.it\/wp-content\/uploads\/2018\/06\/portici-pieve-di-teco.jpg'><img width=\"150\" height=\"150\" src=\"https:\/\/alps2riviera.it\/wp-content\/uploads\/2018\/06\/portici-pieve-di-teco-150x150.jpg\" class=\"attachment-thumbnail size-thumbnail\" alt=\"\" decoding=\"async\" loading=\"lazy\" \/><\/a>\n\t\t\t<\/dt><\/dl><br style=\"clear: both\" \/>\n\t\t<\/div>\n\n<p>Derni\u00e8re \u00e9tape avec la derni\u00e8re vue plongeante sur la mer! Depuis Ormea, village au curieux p\u00e9rim\u00e8tre en forme de c\u0153ur qui suit toujours la vall\u00e9e du Tanaro, la route monte r\u00e9guli\u00e8rement sur environ 10 km en passant par Nava et arrive \u00e0 Colle di Nava, passage entre le Pi\u00e9mont et la Ligurie dans les Alpes Maritimes. Le Colle di Nava abrite 5 forts qui, par le pass\u00e9, ont jou\u00e9 un r\u00f4le primordial dans l&rsquo;histoire italienne. Nous passerons par le Fort Central, le plus grand et le plus pr\u00e9serv\u00e9, en excellent \u00e9tat et ouvert aux visiteurs. Apr\u00e8s avoir pass\u00e9 la pente douce et \u00eatre entr\u00e9 dans la r\u00e9gion de la Ligurie, nous entamerons \u00e0 une longue descente (11 km) pour nous rendre \u00e0 Pieve di Teco.<\/p>\n<p>Au centre de la Valle Arroscia, la ville offre aux visiteurs un centre historique avec de magnifiques portiques m\u00e9di\u00e9vaux et ici nous pouvons nous arr\u00eater pour nous rafra\u00eechir avant le dernier effort de notre Alps2Riviera, l&rsquo;ascension qui nous m\u00e8nera \u00e0 San Bernardo di Conio. Apr\u00e8s avoir pass\u00e9 Pieve di Teco, un petit bout de Strada Statale 28 nous fera quitter la Statale sur la droite pour entamer notre derni\u00e8re mont\u00e9e: 18,3 km avec une pente moyenne de 5%.<\/p>\n<p>La fatigue et la sueur seront r\u00e9compens\u00e9es par la descente de pr\u00e8s de 27 km \u00e0 travers les Alpes Ligures, qui nous emm\u00e8nera sans effort et avec un maximum de plaisir \u00e0 la mer! Par les villages de Carpasio (Mus\u00e9e de la lavande) et Montalto Ligure (centre historique, tr\u00e8s propre et gracieux, un labyrinthe de rues \u00e9troites avec un go\u00fbt ancien).<\/p>\n<p>Enfin, nous sentirons l&rsquo;air de la mer et la mer d&rsquo;Arma di Taggia se montrera finalement. 12,5 km nous s\u00e9parent de Sanremo, dans le centre de la Riviera dei Fiori, notre destination finale. Nous roulons sur la nouvelle piste cyclable \u00e0 c\u00f4t\u00e9 de la mer, \u00e9tablie sur l&rsquo;ancienne ligne de chemin de fer. Arriv\u00e9e \u00e0 Sanremo et fin de l&rsquo;aventure sur les routes des Alpes2Riviera!<\/p>\n<div style=\"position: relative; padding-bottom: 75%; height: 0; overflow: hidden;\"><iframe style=\"border: 0; position: absolute; top: 0; left: 0; width: 100%; height: 100%;\" src=\"https:\/\/www.openrunner.com\/route\/8575553\/embed\/fr\/34635871726d6b6d786e504a686170786a7a764d314b494c4972555455702b4566665079594f2f696934383d3a3aafecd64e89d2e8e5f494bcc7d5d6b0e8\" frameborder=\"0\" scrolling=\"no\" allowfullscreen=\"allowfullscreen\"><\/iframe><\/div>\n","protected":false},"excerpt":{"rendered":"<p>Ormea (CN) \u2013 Sanremo (IM) Km 78,5 Diff\u00e9rence d&rsquo;altitude: +1225 m \u2013 1966 m Derni\u00e8re \u00e9tape avec la derni\u00e8re vue plongeante sur la mer! Depuis Ormea, village au curieux p\u00e9rim\u00e8tre en forme de c\u0153ur qui suit toujours la vall\u00e9e du Tanaro, la route monte r\u00e9guli\u00e8rement sur environ 10 km en passant par Nava et arrive [&hellip;]<\/p>\n","protected":false},"author":1,"featured_media":0,"parent":8861,"menu_order":0,"comment_status":"closed","ping_status":"closed","template":"","meta":[],"yoast_head":"<!-- This site is optimized with the Yoast SEO plugin v20.13 - https:\/\/yoast.com\/wordpress\/plugins\/seo\/ -->\n<title>Etape 6 Alps2Riviera - Alps2Riviera Randonn\u00e9e de cyclisme<\/title>\n<meta name=\"description\" content=\"Derni\u00e8re \u00e9tape de la Randonn\u00e9e de cyclisme avec la derni\u00e8re vue plongeante sur la mer, \u00e0 San Remo dans la Riviera des Fleurs.\" \/>\n<meta name=\"robots\" content=\"index, follow, max-snippet:-1, max-image-preview:large, max-video-preview:-1\" \/>\n<link rel=\"canonical\" href=\"https:\/\/alps2riviera.it\/fr\/randonnee-alpes2riviera\/etape-6\/\" \/>\n<meta property=\"og:locale\" content=\"fr_FR\" \/>\n<meta property=\"og:type\" content=\"article\" \/>\n<meta property=\"og:title\" content=\"Etape 6 Alps2Riviera - Alps2Riviera Randonn\u00e9e de cyclisme\" \/>\n<meta property=\"og:description\" content=\"Derni\u00e8re \u00e9tape de la Randonn\u00e9e de cyclisme avec la derni\u00e8re vue plongeante sur la mer, \u00e0 San Remo dans la Riviera des Fleurs.\" \/>\n<meta property=\"og:url\" content=\"https:\/\/alps2riviera.it\/fr\/randonnee-alpes2riviera\/etape-6\/\" \/>\n<meta property=\"og:site_name\" content=\"Alps2Riviera Randonn\u00e9e de cyclisme\" \/>\n<meta property=\"article:modified_time\" content=\"2018-09-20T09:16:11+00:00\" \/>\n<meta property=\"og:image\" content=\"https:\/\/alps2riviera.it\/wp-content\/uploads\/2018\/06\/Campi-di-lavanda-150x150.jpg\" \/>\n<meta name=\"twitter:label1\" content=\"Dur\u00e9e de lecture estim\u00e9e\" \/>\n\t<meta name=\"twitter:data1\" content=\"2 minutes\" \/>\n<script type=\"application\/ld+json\" class=\"yoast-schema-graph\">{\"@context\":\"https:\/\/schema.org\",\"@graph\":[{\"@type\":\"WebPage\",\"@id\":\"https:\/\/alps2riviera.it\/fr\/randonnee-alpes2riviera\/etape-6\/\",\"url\":\"https:\/\/alps2riviera.it\/fr\/randonnee-alpes2riviera\/etape-6\/\",\"name\":\"Etape 6 Alps2Riviera - Alps2Riviera Randonn\u00e9e de cyclisme\",\"isPartOf\":{\"@id\":\"https:\/\/alps2riviera.it\/#website\"},\"datePublished\":\"2018-07-25T14:55:25+00:00\",\"dateModified\":\"2018-09-20T09:16:11+00:00\",\"description\":\"Derni\u00e8re \u00e9tape de la Randonn\u00e9e de cyclisme avec la derni\u00e8re vue plongeante sur la mer, \u00e0 San Remo dans la Riviera des Fleurs.\",\"breadcrumb\":{\"@id\":\"https:\/\/alps2riviera.it\/fr\/randonnee-alpes2riviera\/etape-6\/#breadcrumb\"},\"inLanguage\":\"fr-FR\",\"potentialAction\":[{\"@type\":\"ReadAction\",\"target\":[\"https:\/\/alps2riviera.it\/fr\/randonnee-alpes2riviera\/etape-6\/\"]}]},{\"@type\":\"BreadcrumbList\",\"@id\":\"https:\/\/alps2riviera.it\/fr\/randonnee-alpes2riviera\/etape-6\/#breadcrumb\",\"itemListElement\":[{\"@type\":\"ListItem\",\"position\":1,\"name\":\"Home\",\"item\":\"https:\/\/alps2riviera.it\/fr\/\"},{\"@type\":\"ListItem\",\"position\":2,\"name\":\"Randonn\u00e9e Alps2Riviera\",\"item\":\"https:\/\/alps2riviera.it\/fr\/randonnee-alpes2riviera\/\"},{\"@type\":\"ListItem\",\"position\":3,\"name\":\"Etape 6 Alps2Riviera\"}]},{\"@type\":\"WebSite\",\"@id\":\"https:\/\/alps2riviera.it\/#website\",\"url\":\"https:\/\/alps2riviera.it\/\",\"name\":\"Alps2Riviera Randonn\u00e9e de cyclisme\",\"description\":\"12-19 maggio 2019 | tour ciclistico attraverso Piemonte e Liguria\",\"potentialAction\":[{\"@type\":\"SearchAction\",\"target\":{\"@type\":\"EntryPoint\",\"urlTemplate\":\"https:\/\/alps2riviera.it\/?s={search_term_string}\"},\"query-input\":\"required name=search_term_string\"}],\"inLanguage\":\"fr-FR\"}]}<\/script>\n<!-- \/ Yoast SEO plugin. -->","yoast_head_json":{"title":"Etape 6 Alps2Riviera - Alps2Riviera Randonn\u00e9e de cyclisme","description":"Derni\u00e8re \u00e9tape de la Randonn\u00e9e de cyclisme avec la derni\u00e8re vue plongeante sur la mer, \u00e0 San Remo dans la Riviera des Fleurs.","robots":{"index":"index","follow":"follow","max-snippet":"max-snippet:-1","max-image-preview":"max-image-preview:large","max-video-preview":"max-video-preview:-1"},"canonical":"https:\/\/alps2riviera.it\/fr\/randonnee-alpes2riviera\/etape-6\/","og_locale":"fr_FR","og_type":"article","og_title":"Etape 6 Alps2Riviera - Alps2Riviera Randonn\u00e9e de cyclisme","og_description":"Derni\u00e8re \u00e9tape de la Randonn\u00e9e de cyclisme avec la derni\u00e8re vue plongeante sur la mer, \u00e0 San Remo dans la Riviera des Fleurs.","og_url":"https:\/\/alps2riviera.it\/fr\/randonnee-alpes2riviera\/etape-6\/","og_site_name":"Alps2Riviera Randonn\u00e9e de cyclisme","article_modified_time":"2018-09-20T09:16:11+00:00","og_image":[{"url":"https:\/\/alps2riviera.it\/wp-content\/uploads\/2018\/06\/Campi-di-lavanda-150x150.jpg"}],"twitter_misc":{"Dur\u00e9e de lecture estim\u00e9e":"2 minutes"},"schema":{"@context":"https:\/\/schema.org","@graph":[{"@type":"WebPage","@id":"https:\/\/alps2riviera.it\/fr\/randonnee-alpes2riviera\/etape-6\/","url":"https:\/\/alps2riviera.it\/fr\/randonnee-alpes2riviera\/etape-6\/","name":"Etape 6 Alps2Riviera - Alps2Riviera Randonn\u00e9e de cyclisme","isPartOf":{"@id":"https:\/\/alps2riviera.it\/#website"},"datePublished":"2018-07-25T14:55:25+00:00","dateModified":"2018-09-20T09:16:11+00:00","description":"Derni\u00e8re \u00e9tape de la Randonn\u00e9e de cyclisme avec la derni\u00e8re vue plongeante sur la mer, \u00e0 San Remo dans la Riviera des Fleurs.","breadcrumb":{"@id":"https:\/\/alps2riviera.it\/fr\/randonnee-alpes2riviera\/etape-6\/#breadcrumb"},"inLanguage":"fr-FR","potentialAction":[{"@type":"ReadAction","target":["https:\/\/alps2riviera.it\/fr\/randonnee-alpes2riviera\/etape-6\/"]}]},{"@type":"BreadcrumbList","@id":"https:\/\/alps2riviera.it\/fr\/randonnee-alpes2riviera\/etape-6\/#breadcrumb","itemListElement":[{"@type":"ListItem","position":1,"name":"Home","item":"https:\/\/alps2riviera.it\/fr\/"},{"@type":"ListItem","position":2,"name":"Randonn\u00e9e Alps2Riviera","item":"https:\/\/alps2riviera.it\/fr\/randonnee-alpes2riviera\/"},{"@type":"ListItem","position":3,"name":"Etape 6 Alps2Riviera"}]},{"@type":"WebSite","@id":"https:\/\/alps2riviera.it\/#website","url":"https:\/\/alps2riviera.it\/","name":"Alps2Riviera Randonn\u00e9e de cyclisme","description":"12-19 maggio 2019 | tour ciclistico attraverso Piemonte e Liguria","potentialAction":[{"@type":"SearchAction","target":{"@type":"EntryPoint","urlTemplate":"https:\/\/alps2riviera.it\/?s={search_term_string}"},"query-input":"required name=search_term_string"}],"inLanguage":"fr-FR"}]}},"_links":{"self":[{"href":"https:\/\/alps2riviera.it\/fr\/wp-json\/wp\/v2\/pages\/8835"}],"collection":[{"href":"https:\/\/alps2riviera.it\/fr\/wp-json\/wp\/v2\/pages"}],"about":[{"href":"https:\/\/alps2riviera.it\/fr\/wp-json\/wp\/v2\/types\/page"}],"author":[{"embeddable":true,"href":"https:\/\/alps2riviera.it\/fr\/wp-json\/wp\/v2\/users\/1"}],"replies":[{"embeddable":true,"href":"https:\/\/alps2riviera.it\/fr\/wp-json\/wp\/v2\/comments?post=8835"}],"version-history":[{"count":3,"href":"https:\/\/alps2riviera.it\/fr\/wp-json\/wp\/v2\/pages\/8835\/revisions"}],"predecessor-version":[{"id":9251,"href":"https:\/\/alps2riviera.it\/fr\/wp-json\/wp\/v2\/pages\/8835\/revisions\/9251"}],"up":[{"embeddable":true,"href":"https:\/\/alps2riviera.it\/fr\/wp-json\/wp\/v2\/pages\/8861"}],"wp:attachment":[{"href":"https:\/\/alps2riviera.it\/fr\/wp-json\/wp\/v2\/media?parent=8835"}],"curies":[{"name":"wp","href":"https:\/\/api.w.org\/{rel}","templated":true}]}}