{"id":8834,"date":"2018-07-25T14:44:14","date_gmt":"2018-07-25T14:44:14","guid":{"rendered":"http:\/\/alps2riviera.it\/tours-operateurs-officiels\/"},"modified":"2018-08-23T14:04:48","modified_gmt":"2018-08-23T14:04:48","slug":"tours-operateurs-officiels","status":"publish","type":"page","link":"https:\/\/alps2riviera.it\/fr\/tours-operateurs-officiels\/","title":{"rendered":"Tours-op\u00e9rateurs officiels"},"content":{"rendered":"<h2>Vous pouvez \u00e9galement vous inscrire \u00e0 l&rsquo;\u00e9v\u00e9nement aupr\u00e8s d&rsquo;un organisateur de voyages officiel.<\/h2>\n<table>\n<tbody>\n<tr>\n<td style=\"text-align: center;\"><span style=\"color: #ffffff;\">Pays<\/span><\/td>\n<td style=\"text-align: center;\"><span style=\"color: #ffffff;\">Tour-op\u00e9rateur<\/span><\/td>\n<td style=\"text-align: center;\"><span style=\"color: #ffffff;\">Site internet<\/span><\/td>\n<td style=\"text-align: center;\"><span style=\"color: #ffffff;\">E-mail<\/span><\/td>\n<tr>\n<td style=\"width: 82px;\">\n<h3>Belgique<\/h3>\n<\/td>\n<td style=\"width: 305px;\"><a onclick=\"javascript:pageTracker._trackPageview('\/outgoing\/jvs-cyclingholidays.com');\"  href=\"https:\/\/jvs-cyclingholidays.com\"><img decoding=\"async\" loading=\"lazy\" class=\"aligncenter size-full wp-image-9122\" src=\"http:\/\/alps2riviera.it\/wp-content\/uploads\/2018\/08\/JVS-logo_definitief_CMYK.jpg\" alt=\"Alps2Riviera Johan Vansummeren\" width=\"239\" height=\"194\" \/><\/a><\/td>\n<td style=\"width: 174px; text-align: center;\">\n<h3><a onclick=\"javascript:pageTracker._trackPageview('\/outgoing\/jvs-cyclingholidays.com');\"  href=\"https:\/\/jvs-cyclingholidays.com\" target=\"_blank\" rel=\"noopener\">Link<\/a><\/h3>\n<\/td>\n<td style=\"width: 44px;\"><\/td>\n<\/tr>\n<tr>\n<td style=\"width: 82px;\">\n<h3>Hollande<\/h3>\n<\/td>\n<td style=\"width: 305px;\">\n<h3><a onclick=\"javascript:pageTracker._trackPageview('\/outgoing\/alps2riviera.it\/wp-content\/uploads\/2018\/06\/Fie2107LogWeb_2_site-1.png');\"  href=\"http:\/\/alps2riviera.it\/wp-content\/uploads\/2018\/06\/Fie2107LogWeb_2_site-1.png\"><img decoding=\"async\" loading=\"lazy\" class=\"size-full wp-image-8570 aligncenter\" src=\"http:\/\/alps2riviera.it\/wp-content\/uploads\/2018\/06\/Fie2107LogWeb_2_site-1.png\" alt=\"\" width=\"240\" height=\"108\" \/><\/a><\/h3>\n<\/td>\n<td style=\"width: 174px; text-align: center;\">\n<h3><a onclick=\"javascript:pageTracker._trackPageview('\/outgoing\/www.fietsavontuur.net');\"  href=\"https:\/\/www.fietsavontuur.net\">Link<\/a><\/h3>\n<\/td>\n<td style=\"width: 44px;\"><\/td>\n<\/tr>\n<tr>\n<td style=\"width: 82px;\">\n<h3>Hollande<\/h3>\n<\/td>\n<td style=\"width: 305px;\"><img decoding=\"async\" loading=\"lazy\" class=\"wp-image-9115 aligncenter\" src=\"http:\/\/alps2riviera.it\/wp-content\/uploads\/2018\/08\/Logo-Viva-Velo-witgroen-300x274.jpg\" alt=\"\" width=\"196\" height=\"200\" \/><\/td>\n<td style=\"width: 174px; text-align: center;\">\n<h3><a onclick=\"javascript:pageTracker._trackPageview('\/outgoing\/www.vivavelo.nl');\"  href=\"https:\/\/www.vivavelo.nl\">Link<\/a><\/h3>\n<\/td>\n<td style=\"width: 44px;\"><\/td>\n<\/tr>\n<\/tbody>\n<\/table>\n","protected":false},"excerpt":{"rendered":"<p>Vous pouvez \u00e9galement vous inscrire \u00e0 l&rsquo;\u00e9v\u00e9nement aupr\u00e8s d&rsquo;un organisateur de voyages officiel. Pays Tour-op\u00e9rateur Site internet E-mail Belgique Link Hollande Link Hollande Link<\/p>\n","protected":false},"author":1,"featured_media":0,"parent":0,"menu_order":0,"comment_status":"closed","ping_status":"closed","template":"","meta":[],"yoast_head":"<!-- This site is optimized with the Yoast SEO plugin v20.13 - https:\/\/yoast.com\/wordpress\/plugins\/seo\/ -->\n<title>Tours-op\u00e9rateurs officiels - Alps2Riviera Randonn\u00e9e de cyclisme<\/title>\n<meta name=\"robots\" content=\"index, follow, max-snippet:-1, max-image-preview:large, max-video-preview:-1\" \/>\n<link rel=\"canonical\" href=\"https:\/\/alps2riviera.it\/fr\/tours-operateurs-officiels\/\" \/>\n<meta property=\"og:locale\" content=\"fr_FR\" \/>\n<meta property=\"og:type\" content=\"article\" \/>\n<meta property=\"og:title\" content=\"Tours-op\u00e9rateurs officiels - Alps2Riviera Randonn\u00e9e de cyclisme\" \/>\n<meta property=\"og:description\" content=\"Vous pouvez \u00e9galement vous inscrire \u00e0 l&rsquo;\u00e9v\u00e9nement aupr\u00e8s d&rsquo;un organisateur de voyages officiel. Pays Tour-op\u00e9rateur Site internet E-mail Belgique Link Hollande Link Hollande Link\" \/>\n<meta property=\"og:url\" content=\"https:\/\/alps2riviera.it\/fr\/tours-operateurs-officiels\/\" \/>\n<meta property=\"og:site_name\" content=\"Alps2Riviera Randonn\u00e9e de cyclisme\" \/>\n<meta property=\"article:modified_time\" content=\"2018-08-23T14:04:48+00:00\" \/>\n<meta property=\"og:image\" content=\"http:\/\/alps2riviera.it\/wp-content\/uploads\/2018\/08\/JVS-logo_definitief_CMYK.jpg\" \/>\n<script type=\"application\/ld+json\" class=\"yoast-schema-graph\">{\"@context\":\"https:\/\/schema.org\",\"@graph\":[{\"@type\":\"WebPage\",\"@id\":\"https:\/\/alps2riviera.it\/fr\/tours-operateurs-officiels\/\",\"url\":\"https:\/\/alps2riviera.it\/fr\/tours-operateurs-officiels\/\",\"name\":\"Tours-op\u00e9rateurs officiels - Alps2Riviera Randonn\u00e9e de cyclisme\",\"isPartOf\":{\"@id\":\"https:\/\/alps2riviera.it\/#website\"},\"datePublished\":\"2018-07-25T14:44:14+00:00\",\"dateModified\":\"2018-08-23T14:04:48+00:00\",\"breadcrumb\":{\"@id\":\"https:\/\/alps2riviera.it\/fr\/tours-operateurs-officiels\/#breadcrumb\"},\"inLanguage\":\"fr-FR\",\"potentialAction\":[{\"@type\":\"ReadAction\",\"target\":[\"https:\/\/alps2riviera.it\/fr\/tours-operateurs-officiels\/\"]}]},{\"@type\":\"BreadcrumbList\",\"@id\":\"https:\/\/alps2riviera.it\/fr\/tours-operateurs-officiels\/#breadcrumb\",\"itemListElement\":[{\"@type\":\"ListItem\",\"position\":1,\"name\":\"Home\",\"item\":\"https:\/\/alps2riviera.it\/fr\/\"},{\"@type\":\"ListItem\",\"position\":2,\"name\":\"Tours-op\u00e9rateurs officiels\"}]},{\"@type\":\"WebSite\",\"@id\":\"https:\/\/alps2riviera.it\/#website\",\"url\":\"https:\/\/alps2riviera.it\/\",\"name\":\"Alps2Riviera Randonn\u00e9e de cyclisme\",\"description\":\"12-19 maggio 2019 | tour ciclistico attraverso Piemonte e Liguria\",\"potentialAction\":[{\"@type\":\"SearchAction\",\"target\":{\"@type\":\"EntryPoint\",\"urlTemplate\":\"https:\/\/alps2riviera.it\/?s={search_term_string}\"},\"query-input\":\"required name=search_term_string\"}],\"inLanguage\":\"fr-FR\"}]}<\/script>\n<!-- \/ Yoast SEO plugin. -->","yoast_head_json":{"title":"Tours-op\u00e9rateurs officiels - Alps2Riviera Randonn\u00e9e de cyclisme","robots":{"index":"index","follow":"follow","max-snippet":"max-snippet:-1","max-image-preview":"max-image-preview:large","max-video-preview":"max-video-preview:-1"},"canonical":"https:\/\/alps2riviera.it\/fr\/tours-operateurs-officiels\/","og_locale":"fr_FR","og_type":"article","og_title":"Tours-op\u00e9rateurs officiels - Alps2Riviera Randonn\u00e9e de cyclisme","og_description":"Vous pouvez \u00e9galement vous inscrire \u00e0 l&rsquo;\u00e9v\u00e9nement aupr\u00e8s d&rsquo;un organisateur de voyages officiel. Pays Tour-op\u00e9rateur Site internet E-mail Belgique Link Hollande Link Hollande Link","og_url":"https:\/\/alps2riviera.it\/fr\/tours-operateurs-officiels\/","og_site_name":"Alps2Riviera Randonn\u00e9e de cyclisme","article_modified_time":"2018-08-23T14:04:48+00:00","og_image":[{"url":"http:\/\/alps2riviera.it\/wp-content\/uploads\/2018\/08\/JVS-logo_definitief_CMYK.jpg"}],"schema":{"@context":"https:\/\/schema.org","@graph":[{"@type":"WebPage","@id":"https:\/\/alps2riviera.it\/fr\/tours-operateurs-officiels\/","url":"https:\/\/alps2riviera.it\/fr\/tours-operateurs-officiels\/","name":"Tours-op\u00e9rateurs officiels - Alps2Riviera Randonn\u00e9e de cyclisme","isPartOf":{"@id":"https:\/\/alps2riviera.it\/#website"},"datePublished":"2018-07-25T14:44:14+00:00","dateModified":"2018-08-23T14:04:48+00:00","breadcrumb":{"@id":"https:\/\/alps2riviera.it\/fr\/tours-operateurs-officiels\/#breadcrumb"},"inLanguage":"fr-FR","potentialAction":[{"@type":"ReadAction","target":["https:\/\/alps2riviera.it\/fr\/tours-operateurs-officiels\/"]}]},{"@type":"BreadcrumbList","@id":"https:\/\/alps2riviera.it\/fr\/tours-operateurs-officiels\/#breadcrumb","itemListElement":[{"@type":"ListItem","position":1,"name":"Home","item":"https:\/\/alps2riviera.it\/fr\/"},{"@type":"ListItem","position":2,"name":"Tours-op\u00e9rateurs officiels"}]},{"@type":"WebSite","@id":"https:\/\/alps2riviera.it\/#website","url":"https:\/\/alps2riviera.it\/","name":"Alps2Riviera Randonn\u00e9e de cyclisme","description":"12-19 maggio 2019 | tour ciclistico attraverso Piemonte e Liguria","potentialAction":[{"@type":"SearchAction","target":{"@type":"EntryPoint","urlTemplate":"https:\/\/alps2riviera.it\/?s={search_term_string}"},"query-input":"required name=search_term_string"}],"inLanguage":"fr-FR"}]}},"_links":{"self":[{"href":"https:\/\/alps2riviera.it\/fr\/wp-json\/wp\/v2\/pages\/8834"}],"collection":[{"href":"https:\/\/alps2riviera.it\/fr\/wp-json\/wp\/v2\/pages"}],"about":[{"href":"https:\/\/alps2riviera.it\/fr\/wp-json\/wp\/v2\/types\/page"}],"author":[{"embeddable":true,"href":"https:\/\/alps2riviera.it\/fr\/wp-json\/wp\/v2\/users\/1"}],"replies":[{"embeddable":true,"href":"https:\/\/alps2riviera.it\/fr\/wp-json\/wp\/v2\/comments?post=8834"}],"version-history":[{"count":2,"href":"https:\/\/alps2riviera.it\/fr\/wp-json\/wp\/v2\/pages\/8834\/revisions"}],"predecessor-version":[{"id":9132,"href":"https:\/\/alps2riviera.it\/fr\/wp-json\/wp\/v2\/pages\/8834\/revisions\/9132"}],"wp:attachment":[{"href":"https:\/\/alps2riviera.it\/fr\/wp-json\/wp\/v2\/media?parent=8834"}],"curies":[{"name":"wp","href":"https:\/\/api.w.org\/{rel}","templated":true}]}}