{"id":8829,"date":"2018-07-23T14:48:54","date_gmt":"2018-07-23T14:48:54","guid":{"rendered":"http:\/\/alps2riviera.it\/fiche-de-donnees\/"},"modified":"2018-08-01T09:47:30","modified_gmt":"2018-08-01T09:47:30","slug":"fiche-de-donnees","status":"publish","type":"page","link":"https:\/\/alps2riviera.it\/fr\/fiche-de-donnees\/","title":{"rendered":"Fiche de donn\u00e9es"},"content":{"rendered":"<h1>\u00ab\u00a0ALPS2RIVIERA\u00a0\u00bb OFFRE TOURISTIQUE<\/h1>\n<p>Forfait touristique<br \/>\n8 jours \/ 7 nuits<\/p>\n<h3><span style=\"color: #ff0000;\"> Prix par personne:\u00a0<\/span><span style=\"color: #ff0000;\">1299,00 \u20ac en chambre double partag\u00e9e <\/span><\/h3>\n<h4><span style=\"color: #ff0000;\">Suppl\u00e9ment pour chambre individuelle: 265,00 \u20ac<br \/>\n<\/span><\/h4>\n<h4><span style=\"color: #3366ff;\">Advance booking: &#8211; 100,00 \u20ac pour les r\u00e9servations re\u00e7u avant le 15 D\u00e9cembre 2018<\/span><\/h4>\n<h3>Le tarif comprend:<\/h3>\n<ul>\n<li>7 nuits \u00e0 l&rsquo;h\u00f4tel<\/li>\n<li>La demi-pension (petit-d\u00e9jeuner et d\u00eener)<\/li>\n<li>Une collation l&rsquo;apr\u00e8s-midi<\/li>\n<li>Le transport des valises d&rsquo;une \u00e9tape \u00e0 l&rsquo;autre (dimensions maximales 60 x 45 x 25 cm)<\/li>\n<li>Assistance m\u00e9canique et suivi le long de la route<\/li>\n<li>Suivi GPS sur chaque \u00e9tape<\/li>\n<li>Plan d\u00e9taill\u00e9 de la route pour chaque \u00e9tape<\/li>\n<\/ul>\n<h3>Le tarif ne comprend pas:<\/h3>\n<ul>\n<li>Le voyage depuis et vers votre lieux de r\u00e9sidence au d\u00e9part et \u00e0 l&rsquo;arriv\u00e9e de l&rsquo;\u00e9v\u00e8nement<\/li>\n<li>Les pourboires et tout autre achat de nature personnelle<\/li>\n<li>Tout ce qui n&rsquo;est pas explicitement d\u00e9crit dans la rubrique \u00ab\u00a0le tarif comprend\u00a0\u00bb<\/li>\n<\/ul>\n<h3>Services disponibles sur demande apr\u00e8s paiement:<\/h3>\n<ul>\n<li>Le transport des sacs de v\u00e9lo et des bagages depuis l&rsquo;h\u00f4tel de la premi\u00e8re \u00e9tape \u00e0 celui de la derni\u00e8re \u00e9tape<\/li>\n<li>Les transfers depuis l&rsquo;a\u00e9roport ou de la gare \u00e0 l&rsquo;h\u00f4tel de la premi\u00e8re \u00e9tape<\/li>\n<li>Les transfers depuis l&rsquo;h\u00f4tel de la derni\u00e8re \u00e9tape vers l&rsquo;a\u00e9roport ou la gare<\/li>\n<li>L&rsquo;assurance voyage<\/li>\n<\/ul>\n<h3>Conditions de r\u00e9servation et clauses du contrat<\/h3>\n<p>L&rsquo;offre est soumise aux <a onclick=\"javascript:pageTracker._trackPageview('\/outgoing\/www.nyalatravel.com\/condizioni-generali-di-contratto-per-la-vendita-di-pacchetti-turistici\/');\"  href=\"https:\/\/www.nyalatravel.com\/condizioni-generali-di-contratto-per-la-vendita-di-pacchetti-turistici\/\" target=\"_blank\" rel=\"noopener\"> conditions g\u00e9n\u00e9rales de vente de l&rsquo;offre de vacances<\/a> disponibles sur le site internet de l&rsquo;agence, modifi\u00e9es par la politique de r\u00e9servation suivante, compte tenu de la nature de l&rsquo;\u00e9v\u00e8nement que l&rsquo;offre comprend:<\/p>\n<ul>\n<li>Un d\u00e9p\u00f4t de garantie doit \u00eatre fait au moment de l&rsquo;enregistrement d&rsquo;un montant de 25% du prix de la participation<\/li>\n<li>Le restant d\u00fb devra \u00eatre envoy\u00e9 60 jours avant le commencement de l&rsquo;\u00e9v\u00e8nement<\/li>\n<\/ul>\n<p>En cas d&rsquo;annulation du client les p\u00e9nalit\u00e9s suivantes s&rsquo;appliqueront:<\/p>\n<ul>\n<li>Annulation gratuite, moins les frais bancaires, jusqu&rsquo;\u00e0 120 jours avant le d\u00e9but de l&rsquo;\u00e9v\u00e9nement<\/li>\n<li>P\u00e9nalit\u00e9 de 25% du montant de la participation, jusqu&rsquo;\u00e0 60 jours avant l&rsquo;\u00e9v\u00e9nement<\/li>\n<li>P\u00e9nalit\u00e9 de 50% du montant de la participation, jusqu&rsquo;\u00e0 30 jours avant le d\u00e9but de l&rsquo;\u00e9v\u00e9nement<\/li>\n<li>P\u00e9nalit\u00e9 de 100% du montant du co\u00fbt de la participation dans les 29 jours suivant le d\u00e9but de l&rsquo;\u00e9v\u00e9nement<\/li>\n<\/ul>\n<h3>Assurance:<\/h3>\n<ul>\n<li>Une licence sportive valide reconnue par l&rsquo;ACSI est obligatoire, avec la couverture d&rsquo;assurance correspondante pour la pratique du cyclisme sur route<\/li>\n<li>Il est \u00e9galement fortement conseill\u00e9 de souscrire \u00e0 une assurance m\u00e9dicale-bagages et une assurance voyage g\u00e9n\u00e9rale<\/li>\n<li>Il est par ailleurs vivement recommand\u00e9 de souscrire \u00e0 une assurance annulation<\/li>\n<\/ul>\n<h3>Minimum number of participants<\/h3>\n<ul>\n<li>The minimum number of participants in order to confirm the travel \/ event is 30.<\/li>\n<li>In case the minimum number of participants would not be reached the organizer can cancel the event, and all quotes will be fully refunded.<\/li>\n<\/ul>\n<h3>Organizzazione tecnica<\/h3>\n<p>NYALA WONDER TRAVEL<br \/>\nDMC &amp; TOUR OPERATOR<br \/>\nVia Solaro 134<br \/>\n18038 San Remo<br \/>\nTel: 0184 666 986<br \/>\nFax: 0184 696 672<br \/>\nPropriet\u00e0: NWT S.r.l.<br \/>\nSede legale in TORINO \u2013 Corso Palestro 9<br \/>\nCodice fiscale e P.IVA 10925080011<br \/>\nC.C.I.A.A. Torino R.E.A n. 1173522<br \/>\nPolizza assicurativa SAI 1124800004977<br \/>\nLicenza agenzia viaggi Regione Liguria n. 244<br \/>\nAderente al fondo Garanzia Viaggi<\/p>\n","protected":false},"excerpt":{"rendered":"<p>\u00ab\u00a0ALPS2RIVIERA\u00a0\u00bb OFFRE TOURISTIQUE Forfait touristique 8 jours \/ 7 nuits Prix par personne:\u00a01299,00 \u20ac en chambre double partag\u00e9e Suppl\u00e9ment pour chambre individuelle: 265,00 \u20ac Advance booking: &#8211; 100,00 \u20ac pour les r\u00e9servations re\u00e7u avant le 15 D\u00e9cembre 2018 Le tarif comprend: 7 nuits \u00e0 l&rsquo;h\u00f4tel La demi-pension (petit-d\u00e9jeuner et d\u00eener) Une collation l&rsquo;apr\u00e8s-midi Le transport [&hellip;]<\/p>\n","protected":false},"author":1,"featured_media":0,"parent":0,"menu_order":0,"comment_status":"closed","ping_status":"closed","template":"","meta":[],"yoast_head":"<!-- This site is optimized with the Yoast SEO plugin v20.13 - https:\/\/yoast.com\/wordpress\/plugins\/seo\/ -->\n<title>Fiche de donn\u00e9es - Alps2Riviera Randonn\u00e9e de cyclisme<\/title>\n<meta name=\"robots\" content=\"index, follow, max-snippet:-1, max-image-preview:large, max-video-preview:-1\" \/>\n<link rel=\"canonical\" href=\"https:\/\/alps2riviera.it\/fr\/fiche-de-donnees\/\" \/>\n<meta property=\"og:locale\" content=\"fr_FR\" \/>\n<meta property=\"og:type\" content=\"article\" \/>\n<meta property=\"og:title\" content=\"Fiche de donn\u00e9es - Alps2Riviera Randonn\u00e9e de cyclisme\" \/>\n<meta property=\"og:description\" content=\"\u00ab\u00a0ALPS2RIVIERA\u00a0\u00bb OFFRE TOURISTIQUE Forfait touristique 8 jours \/ 7 nuits Prix par personne:\u00a01299,00 \u20ac en chambre double partag\u00e9e Suppl\u00e9ment pour chambre individuelle: 265,00 \u20ac Advance booking: &#8211; 100,00 \u20ac pour les r\u00e9servations re\u00e7u avant le 15 D\u00e9cembre 2018 Le tarif comprend: 7 nuits \u00e0 l&rsquo;h\u00f4tel La demi-pension (petit-d\u00e9jeuner et d\u00eener) Une collation l&rsquo;apr\u00e8s-midi Le transport [&hellip;]\" \/>\n<meta property=\"og:url\" content=\"https:\/\/alps2riviera.it\/fr\/fiche-de-donnees\/\" \/>\n<meta property=\"og:site_name\" content=\"Alps2Riviera Randonn\u00e9e de cyclisme\" \/>\n<meta property=\"article:modified_time\" content=\"2018-08-01T09:47:30+00:00\" \/>\n<meta name=\"twitter:label1\" content=\"Dur\u00e9e de lecture estim\u00e9e\" \/>\n\t<meta name=\"twitter:data1\" content=\"3 minutes\" \/>\n<script type=\"application\/ld+json\" class=\"yoast-schema-graph\">{\"@context\":\"https:\/\/schema.org\",\"@graph\":[{\"@type\":\"WebPage\",\"@id\":\"https:\/\/alps2riviera.it\/fr\/fiche-de-donnees\/\",\"url\":\"https:\/\/alps2riviera.it\/fr\/fiche-de-donnees\/\",\"name\":\"Fiche de donn\u00e9es - Alps2Riviera Randonn\u00e9e de cyclisme\",\"isPartOf\":{\"@id\":\"https:\/\/alps2riviera.it\/#website\"},\"datePublished\":\"2018-07-23T14:48:54+00:00\",\"dateModified\":\"2018-08-01T09:47:30+00:00\",\"breadcrumb\":{\"@id\":\"https:\/\/alps2riviera.it\/fr\/fiche-de-donnees\/#breadcrumb\"},\"inLanguage\":\"fr-FR\",\"potentialAction\":[{\"@type\":\"ReadAction\",\"target\":[\"https:\/\/alps2riviera.it\/fr\/fiche-de-donnees\/\"]}]},{\"@type\":\"BreadcrumbList\",\"@id\":\"https:\/\/alps2riviera.it\/fr\/fiche-de-donnees\/#breadcrumb\",\"itemListElement\":[{\"@type\":\"ListItem\",\"position\":1,\"name\":\"Home\",\"item\":\"https:\/\/alps2riviera.it\/fr\/\"},{\"@type\":\"ListItem\",\"position\":2,\"name\":\"Fiche de donn\u00e9es\"}]},{\"@type\":\"WebSite\",\"@id\":\"https:\/\/alps2riviera.it\/#website\",\"url\":\"https:\/\/alps2riviera.it\/\",\"name\":\"Alps2Riviera Randonn\u00e9e de cyclisme\",\"description\":\"12-19 maggio 2019 | tour ciclistico attraverso Piemonte e Liguria\",\"potentialAction\":[{\"@type\":\"SearchAction\",\"target\":{\"@type\":\"EntryPoint\",\"urlTemplate\":\"https:\/\/alps2riviera.it\/?s={search_term_string}\"},\"query-input\":\"required name=search_term_string\"}],\"inLanguage\":\"fr-FR\"}]}<\/script>\n<!-- \/ Yoast SEO plugin. -->","yoast_head_json":{"title":"Fiche de donn\u00e9es - Alps2Riviera Randonn\u00e9e de cyclisme","robots":{"index":"index","follow":"follow","max-snippet":"max-snippet:-1","max-image-preview":"max-image-preview:large","max-video-preview":"max-video-preview:-1"},"canonical":"https:\/\/alps2riviera.it\/fr\/fiche-de-donnees\/","og_locale":"fr_FR","og_type":"article","og_title":"Fiche de donn\u00e9es - Alps2Riviera Randonn\u00e9e de cyclisme","og_description":"\u00ab\u00a0ALPS2RIVIERA\u00a0\u00bb OFFRE TOURISTIQUE Forfait touristique 8 jours \/ 7 nuits Prix par personne:\u00a01299,00 \u20ac en chambre double partag\u00e9e Suppl\u00e9ment pour chambre individuelle: 265,00 \u20ac Advance booking: &#8211; 100,00 \u20ac pour les r\u00e9servations re\u00e7u avant le 15 D\u00e9cembre 2018 Le tarif comprend: 7 nuits \u00e0 l&rsquo;h\u00f4tel La demi-pension (petit-d\u00e9jeuner et d\u00eener) Une collation l&rsquo;apr\u00e8s-midi Le transport [&hellip;]","og_url":"https:\/\/alps2riviera.it\/fr\/fiche-de-donnees\/","og_site_name":"Alps2Riviera Randonn\u00e9e de cyclisme","article_modified_time":"2018-08-01T09:47:30+00:00","twitter_misc":{"Dur\u00e9e de lecture estim\u00e9e":"3 minutes"},"schema":{"@context":"https:\/\/schema.org","@graph":[{"@type":"WebPage","@id":"https:\/\/alps2riviera.it\/fr\/fiche-de-donnees\/","url":"https:\/\/alps2riviera.it\/fr\/fiche-de-donnees\/","name":"Fiche de donn\u00e9es - Alps2Riviera Randonn\u00e9e de cyclisme","isPartOf":{"@id":"https:\/\/alps2riviera.it\/#website"},"datePublished":"2018-07-23T14:48:54+00:00","dateModified":"2018-08-01T09:47:30+00:00","breadcrumb":{"@id":"https:\/\/alps2riviera.it\/fr\/fiche-de-donnees\/#breadcrumb"},"inLanguage":"fr-FR","potentialAction":[{"@type":"ReadAction","target":["https:\/\/alps2riviera.it\/fr\/fiche-de-donnees\/"]}]},{"@type":"BreadcrumbList","@id":"https:\/\/alps2riviera.it\/fr\/fiche-de-donnees\/#breadcrumb","itemListElement":[{"@type":"ListItem","position":1,"name":"Home","item":"https:\/\/alps2riviera.it\/fr\/"},{"@type":"ListItem","position":2,"name":"Fiche de donn\u00e9es"}]},{"@type":"WebSite","@id":"https:\/\/alps2riviera.it\/#website","url":"https:\/\/alps2riviera.it\/","name":"Alps2Riviera Randonn\u00e9e de cyclisme","description":"12-19 maggio 2019 | tour ciclistico attraverso Piemonte e Liguria","potentialAction":[{"@type":"SearchAction","target":{"@type":"EntryPoint","urlTemplate":"https:\/\/alps2riviera.it\/?s={search_term_string}"},"query-input":"required name=search_term_string"}],"inLanguage":"fr-FR"}]}},"_links":{"self":[{"href":"https:\/\/alps2riviera.it\/fr\/wp-json\/wp\/v2\/pages\/8829"}],"collection":[{"href":"https:\/\/alps2riviera.it\/fr\/wp-json\/wp\/v2\/pages"}],"about":[{"href":"https:\/\/alps2riviera.it\/fr\/wp-json\/wp\/v2\/types\/page"}],"author":[{"embeddable":true,"href":"https:\/\/alps2riviera.it\/fr\/wp-json\/wp\/v2\/users\/1"}],"replies":[{"embeddable":true,"href":"https:\/\/alps2riviera.it\/fr\/wp-json\/wp\/v2\/comments?post=8829"}],"version-history":[{"count":7,"href":"https:\/\/alps2riviera.it\/fr\/wp-json\/wp\/v2\/pages\/8829\/revisions"}],"predecessor-version":[{"id":9292,"href":"https:\/\/alps2riviera.it\/fr\/wp-json\/wp\/v2\/pages\/8829\/revisions\/9292"}],"wp:attachment":[{"href":"https:\/\/alps2riviera.it\/fr\/wp-json\/wp\/v2\/media?parent=8829"}],"curies":[{"name":"wp","href":"https:\/\/api.w.org\/{rel}","templated":true}]}}