{"id":8629,"date":"2018-06-11T09:20:46","date_gmt":"2018-06-11T09:20:46","guid":{"rendered":"http:\/\/alps2riviera.it\/?page_id=8629"},"modified":"2018-09-20T10:51:41","modified_gmt":"2018-09-20T10:51:41","slug":"alps2riviera-randonnee","status":"publish","type":"page","link":"https:\/\/alps2riviera.it\/en\/alps2riviera-randonnee\/","title":{"rendered":"Alps2Riviera Randonn\u00e9e"},"content":{"rendered":"<h2>The Alps2Riviera Randonn\u00e9e stretches for about 600 km from the Biellese Alps to the Ligurian Sea.<\/h2>\n<p>From the Alps opposite Mount Rose to the seaside along the Liguria Riviera, come and discover Piedmont and Liguria: the variety of their landscapes, food and wine, the stories of cycling Champions and legendary races (Pantani, Coppi, MilanoSanremo\u2026), the culture, and experience the contact with locals.<\/p>\n<p>A 6 stages bike experience to be enjoyed with your friends, family, fellow bikers\u2026 Or come alone and meet new friends along the route!<\/p>\n<p>Discover the mountain roads marked by the mythical exploits of the \u201cPirate\u201d (Pantani), in Northern Piedmont, the &#8220;squared sea&#8221; of the rice fields in the Vercelli and Novara provinces, the hills of Monferrato, where Fausto Coppi was born and trained, Langhe, the great Barolo and Barbaresco red wines and the white truffle of Alba, the Cuneo area and Tanaro valley, the fortifications of the Nava pass. Enjoy the final descent to the Liguria Sea and relax in front of the sea!<\/p>\n<p>Each stage: a new landscape, a new challenge, a new experience, every day!<\/p>\n<p>&nbsp;<\/p>\n<p><iframe loading=\"lazy\" src=\"https:\/\/www.google.com\/maps\/d\/embed?mid=1Muo0Z7XSyvQO4ExREz_ugVhSJACsWeCk\" width=\"800\" height=\"600&quot;\" data-mce-fragment=\"1\"><\/iframe><\/p>\n<p>&nbsp;<\/p>\n<div>\n<table class=\"easy-table easy-table-default \" style=\"width: 100%;\" border=\"0\">\n<caption>STAGES<\/caption>\n<tbody>\n<tr>\n<td style=\"text-align: center;\">\n<div>stage<\/div>\n<\/td>\n<td style=\"text-align: center;\">from<\/td>\n<td style=\"text-align: center;\">to<\/td>\n<td style=\"text-align: center;\">km<\/td>\n<\/tr>\n<tr>\n<td style=\"text-align: center;\">\n<div>1<\/div>\n<\/td>\n<td style=\"text-align: center;\">Falletti-Guelpa<\/td>\n<td style=\"text-align: center;\">Sandigliano<\/td>\n<td style=\"text-align: center;\">82<\/td>\n<\/tr>\n<tr>\n<td style=\"text-align: center;\">\n<div>2<\/div>\n<\/td>\n<td style=\"text-align: center;\">Sandigliano<\/td>\n<td style=\"text-align: center;\">Cantone Cerreto<\/td>\n<td style=\"text-align: center;\">110<\/td>\n<\/tr>\n<tr>\n<td style=\"text-align: center;\">\n<div>3<\/div>\n<\/td>\n<td style=\"text-align: center;\">Cantone Cerreto<\/td>\n<td style=\"text-align: center;\">Zerbe Superiori<\/td>\n<td style=\"text-align: center;\">139<\/td>\n<\/tr>\n<tr>\n<td style=\"text-align: center;\">\n<div>4<\/div>\n<\/td>\n<td style=\"text-align: center;\">Fabbricone<\/td>\n<td style=\"text-align: center;\">Alba<\/td>\n<td style=\"text-align: center;\">122<\/td>\n<\/tr>\n<tr>\n<td style=\"text-align: center;\">\n<div>5<\/div>\n<\/td>\n<td style=\"text-align: center;\">Alba<\/td>\n<td style=\"text-align: center;\">Bossieta<\/td>\n<td style=\"text-align: center;\">97<\/td>\n<\/tr>\n<tr>\n<td style=\"text-align: center;\">\n<div>6<\/div>\n<\/td>\n<td style=\"text-align: center;\">Bossieta<\/td>\n<td style=\"text-align: center;\">San Remo<\/td>\n<td style=\"text-align: center;\">79<\/td>\n<\/tr>\n<\/tbody>\n<\/table>\n<\/div>\n","protected":false},"excerpt":{"rendered":"<p>The Alps2Riviera Randonn\u00e9e stretches for about 600 km from the Biellese Alps to the Ligurian Sea. From the Alps opposite Mount Rose to the seaside along the Liguria Riviera, come and discover Piedmont and Liguria: the variety of their landscapes, food and wine, the stories of cycling Champions and legendary races (Pantani, Coppi, MilanoSanremo\u2026), the [&hellip;]<\/p>\n","protected":false},"author":1,"featured_media":0,"parent":0,"menu_order":0,"comment_status":"closed","ping_status":"closed","template":"","meta":[],"yoast_head":"<!-- This site is optimized with the Yoast SEO plugin v20.13 - https:\/\/yoast.com\/wordpress\/plugins\/seo\/ -->\n<title>Alps2Riviera Randonn\u00e9e - ALPS 2 RIVIERA Randonn\u00e9e cycling<\/title>\n<meta name=\"description\" content=\"The Alps2Riviera Randonn\u00e9e stretches for about 600 km from the Biellese Alps to the Ligurian Sea. A 6 stages bike experience, Online registrations open\" \/>\n<meta name=\"robots\" content=\"index, follow, max-snippet:-1, max-image-preview:large, max-video-preview:-1\" \/>\n<link rel=\"canonical\" href=\"https:\/\/alps2riviera.it\/en\/alps2riviera-randonnee\/\" \/>\n<meta property=\"og:locale\" content=\"en_US\" \/>\n<meta property=\"og:type\" content=\"article\" \/>\n<meta property=\"og:title\" content=\"Alps2Riviera Randonn\u00e9e - ALPS 2 RIVIERA Randonn\u00e9e cycling\" \/>\n<meta property=\"og:description\" content=\"The Alps2Riviera Randonn\u00e9e stretches for about 600 km from the Biellese Alps to the Ligurian Sea. A 6 stages bike experience, Online registrations open\" \/>\n<meta property=\"og:url\" content=\"https:\/\/alps2riviera.it\/en\/alps2riviera-randonnee\/\" \/>\n<meta property=\"og:site_name\" content=\"ALPS 2 RIVIERA Randonn\u00e9e cycling\" \/>\n<meta property=\"article:modified_time\" content=\"2018-09-20T10:51:41+00:00\" \/>\n<meta name=\"twitter:label1\" content=\"Est. reading time\" \/>\n\t<meta name=\"twitter:data1\" content=\"1 minute\" \/>\n<script type=\"application\/ld+json\" class=\"yoast-schema-graph\">{\"@context\":\"https:\/\/schema.org\",\"@graph\":[{\"@type\":\"WebPage\",\"@id\":\"https:\/\/alps2riviera.it\/en\/alps2riviera-randonnee\/\",\"url\":\"https:\/\/alps2riviera.it\/en\/alps2riviera-randonnee\/\",\"name\":\"Alps2Riviera Randonn\u00e9e - ALPS 2 RIVIERA Randonn\u00e9e cycling\",\"isPartOf\":{\"@id\":\"https:\/\/alps2riviera.it\/#website\"},\"datePublished\":\"2018-06-11T09:20:46+00:00\",\"dateModified\":\"2018-09-20T10:51:41+00:00\",\"description\":\"The Alps2Riviera Randonn\u00e9e stretches for about 600 km from the Biellese Alps to the Ligurian Sea. A 6 stages bike experience, Online registrations open\",\"breadcrumb\":{\"@id\":\"https:\/\/alps2riviera.it\/en\/alps2riviera-randonnee\/#breadcrumb\"},\"inLanguage\":\"en-US\",\"potentialAction\":[{\"@type\":\"ReadAction\",\"target\":[\"https:\/\/alps2riviera.it\/en\/alps2riviera-randonnee\/\"]}]},{\"@type\":\"BreadcrumbList\",\"@id\":\"https:\/\/alps2riviera.it\/en\/alps2riviera-randonnee\/#breadcrumb\",\"itemListElement\":[{\"@type\":\"ListItem\",\"position\":1,\"name\":\"Home\",\"item\":\"https:\/\/alps2riviera.it\/en\/\"},{\"@type\":\"ListItem\",\"position\":2,\"name\":\"Alps2Riviera Randonn\u00e9e\"}]},{\"@type\":\"WebSite\",\"@id\":\"https:\/\/alps2riviera.it\/#website\",\"url\":\"https:\/\/alps2riviera.it\/\",\"name\":\"ALPS 2 RIVIERA Randonn\u00e9e cycling\",\"description\":\"12-19 maggio 2019 | tour ciclistico attraverso Piemonte e Liguria\",\"potentialAction\":[{\"@type\":\"SearchAction\",\"target\":{\"@type\":\"EntryPoint\",\"urlTemplate\":\"https:\/\/alps2riviera.it\/?s={search_term_string}\"},\"query-input\":\"required name=search_term_string\"}],\"inLanguage\":\"en-US\"}]}<\/script>\n<!-- \/ Yoast SEO plugin. -->","yoast_head_json":{"title":"Alps2Riviera Randonn\u00e9e - ALPS 2 RIVIERA Randonn\u00e9e cycling","description":"The Alps2Riviera Randonn\u00e9e stretches for about 600 km from the Biellese Alps to the Ligurian Sea. A 6 stages bike experience, Online registrations open","robots":{"index":"index","follow":"follow","max-snippet":"max-snippet:-1","max-image-preview":"max-image-preview:large","max-video-preview":"max-video-preview:-1"},"canonical":"https:\/\/alps2riviera.it\/en\/alps2riviera-randonnee\/","og_locale":"en_US","og_type":"article","og_title":"Alps2Riviera Randonn\u00e9e - ALPS 2 RIVIERA Randonn\u00e9e cycling","og_description":"The Alps2Riviera Randonn\u00e9e stretches for about 600 km from the Biellese Alps to the Ligurian Sea. A 6 stages bike experience, Online registrations open","og_url":"https:\/\/alps2riviera.it\/en\/alps2riviera-randonnee\/","og_site_name":"ALPS 2 RIVIERA Randonn\u00e9e cycling","article_modified_time":"2018-09-20T10:51:41+00:00","twitter_misc":{"Est. reading time":"1 minute"},"schema":{"@context":"https:\/\/schema.org","@graph":[{"@type":"WebPage","@id":"https:\/\/alps2riviera.it\/en\/alps2riviera-randonnee\/","url":"https:\/\/alps2riviera.it\/en\/alps2riviera-randonnee\/","name":"Alps2Riviera Randonn\u00e9e - ALPS 2 RIVIERA Randonn\u00e9e cycling","isPartOf":{"@id":"https:\/\/alps2riviera.it\/#website"},"datePublished":"2018-06-11T09:20:46+00:00","dateModified":"2018-09-20T10:51:41+00:00","description":"The Alps2Riviera Randonn\u00e9e stretches for about 600 km from the Biellese Alps to the Ligurian Sea. A 6 stages bike experience, Online registrations open","breadcrumb":{"@id":"https:\/\/alps2riviera.it\/en\/alps2riviera-randonnee\/#breadcrumb"},"inLanguage":"en-US","potentialAction":[{"@type":"ReadAction","target":["https:\/\/alps2riviera.it\/en\/alps2riviera-randonnee\/"]}]},{"@type":"BreadcrumbList","@id":"https:\/\/alps2riviera.it\/en\/alps2riviera-randonnee\/#breadcrumb","itemListElement":[{"@type":"ListItem","position":1,"name":"Home","item":"https:\/\/alps2riviera.it\/en\/"},{"@type":"ListItem","position":2,"name":"Alps2Riviera Randonn\u00e9e"}]},{"@type":"WebSite","@id":"https:\/\/alps2riviera.it\/#website","url":"https:\/\/alps2riviera.it\/","name":"ALPS 2 RIVIERA Randonn\u00e9e cycling","description":"12-19 maggio 2019 | tour ciclistico attraverso Piemonte e Liguria","potentialAction":[{"@type":"SearchAction","target":{"@type":"EntryPoint","urlTemplate":"https:\/\/alps2riviera.it\/?s={search_term_string}"},"query-input":"required name=search_term_string"}],"inLanguage":"en-US"}]}},"_links":{"self":[{"href":"https:\/\/alps2riviera.it\/en\/wp-json\/wp\/v2\/pages\/8629"}],"collection":[{"href":"https:\/\/alps2riviera.it\/en\/wp-json\/wp\/v2\/pages"}],"about":[{"href":"https:\/\/alps2riviera.it\/en\/wp-json\/wp\/v2\/types\/page"}],"author":[{"embeddable":true,"href":"https:\/\/alps2riviera.it\/en\/wp-json\/wp\/v2\/users\/1"}],"replies":[{"embeddable":true,"href":"https:\/\/alps2riviera.it\/en\/wp-json\/wp\/v2\/comments?post=8629"}],"version-history":[{"count":2,"href":"https:\/\/alps2riviera.it\/en\/wp-json\/wp\/v2\/pages\/8629\/revisions"}],"predecessor-version":[{"id":8768,"href":"https:\/\/alps2riviera.it\/en\/wp-json\/wp\/v2\/pages\/8629\/revisions\/8768"}],"wp:attachment":[{"href":"https:\/\/alps2riviera.it\/en\/wp-json\/wp\/v2\/media?parent=8629"}],"curies":[{"name":"wp","href":"https:\/\/api.w.org\/{rel}","templated":true}]}}