{"id":8963,"date":"2018-08-13T16:10:50","date_gmt":"2018-08-13T16:10:50","guid":{"rendered":"http:\/\/alps2riviera.it\/alps2riviera-tour\/etappe-6\/"},"modified":"2018-09-20T10:34:31","modified_gmt":"2018-09-20T10:34:31","slug":"etappe-6","status":"publish","type":"page","link":"https:\/\/alps2riviera.it\/de\/alps2riviera-tour\/etappe-6\/","title":{"rendered":"Etappe 6 Alps2Riviera"},"content":{"rendered":"<h2>Ormea (CN) \u2013 Sanremo (IM)<\/h2>\n<h3>Km 78,5<br \/>\nH\u00f6henunterschied: +1225 m \u2013 1966 m<\/h3>\n\n\t\t<style type=\"text\/css\">\n\t\t\t#gallery-1 {\n\t\t\t\tmargin: auto;\n\t\t\t}\n\t\t\t#gallery-1 .gallery-item {\n\t\t\t\tfloat: left;\n\t\t\t\tmargin-top: 10px;\n\t\t\t\ttext-align: center;\n\t\t\t\twidth: 25%;\n\t\t\t}\n\t\t\t#gallery-1 img {\n\t\t\t\tborder: 2px solid #cfcfcf;\n\t\t\t}\n\t\t\t#gallery-1 .gallery-caption {\n\t\t\t\tmargin-left: 0;\n\t\t\t}\n\t\t\t\/* see gallery_shortcode() in wp-includes\/media.php *\/\n\t\t<\/style>\n\t\t<div id='gallery-1' class='gallery galleryid-8963 gallery-columns-4 gallery-size-thumbnail'><dl class='gallery-item'>\n\t\t\t<dt class='gallery-icon landscape'>\n\t\t\t\t<a onclick=\"javascript:pageTracker._trackPageview('\/outgoing\/alps2riviera.it\/wp-content\/uploads\/2018\/06\/Campi-di-lavanda.jpg');\"  href='https:\/\/alps2riviera.it\/wp-content\/uploads\/2018\/06\/Campi-di-lavanda.jpg'><img width=\"150\" height=\"150\" src=\"https:\/\/alps2riviera.it\/wp-content\/uploads\/2018\/06\/Campi-di-lavanda-150x150.jpg\" class=\"attachment-thumbnail size-thumbnail\" alt=\"\" decoding=\"async\" loading=\"lazy\" \/><\/a>\n\t\t\t<\/dt><\/dl><dl class='gallery-item'>\n\t\t\t<dt class='gallery-icon landscape'>\n\t\t\t\t<a onclick=\"javascript:pageTracker._trackPageview('\/outgoing\/alps2riviera.it\/wp-content\/uploads\/2018\/06\/Colle-di-Nava-Forti.jpg');\"  href='https:\/\/alps2riviera.it\/wp-content\/uploads\/2018\/06\/Colle-di-Nava-Forti.jpg'><img width=\"150\" height=\"150\" src=\"https:\/\/alps2riviera.it\/wp-content\/uploads\/2018\/06\/Colle-di-Nava-Forti-150x150.jpg\" class=\"attachment-thumbnail size-thumbnail\" alt=\"\" decoding=\"async\" loading=\"lazy\" \/><\/a>\n\t\t\t<\/dt><\/dl><dl class='gallery-item'>\n\t\t\t<dt class='gallery-icon landscape'>\n\t\t\t\t<a onclick=\"javascript:pageTracker._trackPageview('\/outgoing\/alps2riviera.it\/wp-content\/uploads\/2018\/06\/Foto-T14.jpg');\"  href='https:\/\/alps2riviera.it\/wp-content\/uploads\/2018\/06\/Foto-T14.jpg'><img width=\"150\" height=\"150\" src=\"https:\/\/alps2riviera.it\/wp-content\/uploads\/2018\/06\/Foto-T14-150x150.jpg\" class=\"attachment-thumbnail size-thumbnail\" alt=\"\" decoding=\"async\" loading=\"lazy\" \/><\/a>\n\t\t\t<\/dt><\/dl><dl class='gallery-item'>\n\t\t\t<dt class='gallery-icon landscape'>\n\t\t\t\t<a onclick=\"javascript:pageTracker._trackPageview('\/outgoing\/alps2riviera.it\/wp-content\/uploads\/2018\/06\/Foto-T16.jpg');\"  href='https:\/\/alps2riviera.it\/wp-content\/uploads\/2018\/06\/Foto-T16.jpg'><img width=\"150\" height=\"150\" src=\"https:\/\/alps2riviera.it\/wp-content\/uploads\/2018\/06\/Foto-T16-150x150.jpg\" class=\"attachment-thumbnail size-thumbnail\" alt=\"\" decoding=\"async\" loading=\"lazy\" \/><\/a>\n\t\t\t<\/dt><\/dl><br style=\"clear: both\" \/><dl class='gallery-item'>\n\t\t\t<dt class='gallery-icon landscape'>\n\t\t\t\t<a onclick=\"javascript:pageTracker._trackPageview('\/outgoing\/alps2riviera.it\/wp-content\/uploads\/2018\/06\/galleria-ciclo-pedonale.jpg');\"  href='https:\/\/alps2riviera.it\/wp-content\/uploads\/2018\/06\/galleria-ciclo-pedonale.jpg'><img width=\"150\" height=\"150\" src=\"https:\/\/alps2riviera.it\/wp-content\/uploads\/2018\/06\/galleria-ciclo-pedonale-150x150.jpg\" class=\"attachment-thumbnail size-thumbnail\" alt=\"\" decoding=\"async\" loading=\"lazy\" \/><\/a>\n\t\t\t<\/dt><\/dl><dl class='gallery-item'>\n\t\t\t<dt class='gallery-icon landscape'>\n\t\t\t\t<a onclick=\"javascript:pageTracker._trackPageview('\/outgoing\/alps2riviera.it\/wp-content\/uploads\/2018\/06\/pista-ciclabile.jpg');\"  href='https:\/\/alps2riviera.it\/wp-content\/uploads\/2018\/06\/pista-ciclabile.jpg'><img width=\"150\" height=\"150\" src=\"https:\/\/alps2riviera.it\/wp-content\/uploads\/2018\/06\/pista-ciclabile-150x150.jpg\" class=\"attachment-thumbnail size-thumbnail\" alt=\"\" decoding=\"async\" loading=\"lazy\" \/><\/a>\n\t\t\t<\/dt><\/dl><dl class='gallery-item'>\n\t\t\t<dt class='gallery-icon landscape'>\n\t\t\t\t<a onclick=\"javascript:pageTracker._trackPageview('\/outgoing\/alps2riviera.it\/wp-content\/uploads\/2018\/06\/pista-ciclabile-ponente-ligure.jpg');\"  href='https:\/\/alps2riviera.it\/wp-content\/uploads\/2018\/06\/pista-ciclabile-ponente-ligure.jpg'><img width=\"150\" height=\"150\" src=\"https:\/\/alps2riviera.it\/wp-content\/uploads\/2018\/06\/pista-ciclabile-ponente-ligure-150x150.jpg\" class=\"attachment-thumbnail size-thumbnail\" alt=\"\" decoding=\"async\" loading=\"lazy\" \/><\/a>\n\t\t\t<\/dt><\/dl><dl class='gallery-item'>\n\t\t\t<dt class='gallery-icon landscape'>\n\t\t\t\t<a onclick=\"javascript:pageTracker._trackPageview('\/outgoing\/alps2riviera.it\/wp-content\/uploads\/2018\/06\/portici-pieve-di-teco.jpg');\"  href='https:\/\/alps2riviera.it\/wp-content\/uploads\/2018\/06\/portici-pieve-di-teco.jpg'><img width=\"150\" height=\"150\" src=\"https:\/\/alps2riviera.it\/wp-content\/uploads\/2018\/06\/portici-pieve-di-teco-150x150.jpg\" class=\"attachment-thumbnail size-thumbnail\" alt=\"\" decoding=\"async\" loading=\"lazy\" \/><\/a>\n\t\t\t<\/dt><\/dl><br style=\"clear: both\" \/>\n\t\t<\/div>\n\n<p>Die letzte Etappe mit dem abschlie\u00dfenden Tauchgang zum Meer! Von Ormea, einem Dorf mit einer kuriosen Herzform, das immer noch dem Tanaro-Tal folgt, verl\u00e4uft die Stra\u00dfe ca. 10 km durch Nava hinauf und erreicht Colle di Nava, eine Passage zwischen Piemont und Ligurien auf den Seealpen. Der Colle di Nava beherbergt 5 Festungen, die in der Vergangenheit eine grundlegende Rolle in der italienischen Geschichte gespielt haben. Wir passieren das Central Fort, das gr\u00f6\u00dfte und am besten erhaltene, in ausgezeichnetem Zustand und f\u00fcr Besucher ge\u00f6ffnet. Nach der Abfahrt in die Region Ligurien erwartet uns eine lange Abfahrt (11 km) nach Pieve di Teco.<\/p>\n<p>Im Zentrum des Valle Arroscia bietet die Stadt dem Besucher ein historisches Zentrum mit pr\u00e4chtigen mittelalterlichen Bogeng\u00e4ngen und hier k\u00f6nnen wir uns noch einmal erfrischen, vor der letzten Herausforderung unserer Alps2Riviera, die uns nach San Bernardo di Conio f\u00fchrt. Nachdem wir Pieve di Teco hinter uns gelassen haben, f\u00fchrt uns eine kurze Strecke der Strada Statale 28 nach rechts, um unseren letzten Anstieg zu beginnen: 18,3 km mit einer durchschnittlichen Steigung von 5%.<\/p>\n<p>M\u00fcdigkeit und Schwei\u00df werden belohnt durch die fast 27 km lange Abfahrt durch die ligurischen Alpen, die uns problemlos und mit maximalem Spa\u00df ans Meer f\u00fchrt! Durch die D\u00f6rfer Carpasio (Lavendelmuseum) und Montalto Ligure (historisches Zentrum, sehr sauber und anmutig, ein Labyrinth von engen Gassen mit einem antiken Flair).<\/p>\n<p>Endlich werden wir die Meeresluft sp\u00fcren und schlie\u00dflich zeigt sich das Meer von Arma di Taggia. 12,5 km trennen uns von Sanremo, im Zentrum der Riviera dei Fiori, unserem endg\u00fcltigen Ziel. Wir fahren auf dem neuen Radweg am Meer, welcher von der ehemaligen Bahnstrecke stammt. Ankunft in Sanremo und Ende des Abenteuers auf den Stra\u00dfen der Alps2Riviera!<\/p>\n<div style=\"position: relative; padding-bottom: 75%; height: 0; overflow: hidden;\"><iframe style=\"border: 0; position: absolute; top: 0; left: 0; width: 100%; height: 100%;\" src=\"https:\/\/www.openrunner.com\/route\/8575553\/embed\/fr\/34635871726d6b6d786e504a686170786a7a764d314b494c4972555455702b4566665079594f2f696934383d3a3aafecd64e89d2e8e5f494bcc7d5d6b0e8\" frameborder=\"0\" scrolling=\"no\" allowfullscreen=\"allowfullscreen\"><\/iframe><\/div>\n","protected":false},"excerpt":{"rendered":"<p>Ormea (CN) \u2013 Sanremo (IM) Km 78,5 H\u00f6henunterschied: +1225 m \u2013 1966 m Die letzte Etappe mit dem abschlie\u00dfenden Tauchgang zum Meer! Von Ormea, einem Dorf mit einer kuriosen Herzform, das immer noch dem Tanaro-Tal folgt, verl\u00e4uft die Stra\u00dfe ca. 10 km durch Nava hinauf und erreicht Colle di Nava, eine Passage zwischen Piemont und [&hellip;]<\/p>\n","protected":false},"author":1,"featured_media":0,"parent":8944,"menu_order":0,"comment_status":"closed","ping_status":"closed","template":"","meta":[],"yoast_head":"<!-- This site is optimized with the Yoast SEO plugin v20.13 - https:\/\/yoast.com\/wordpress\/plugins\/seo\/ -->\n<title>Etappe 6 Alps2Riviera - ALPS 2 RIVIERA Randonn\u00e9e ciclistica<\/title>\n<meta name=\"description\" content=\"Die letzte Etappe mit dem abschlie\u00dfenden Tauchgang zum Meer! von Sanremo, im Zentrum der Riviera dei Fiori...Online anmeldung! Jetzt registrieren\" \/>\n<meta name=\"robots\" content=\"index, follow, max-snippet:-1, max-image-preview:large, max-video-preview:-1\" \/>\n<link rel=\"canonical\" href=\"https:\/\/alps2riviera.it\/de\/alps2riviera-tour\/etappe-6\/\" \/>\n<meta property=\"og:locale\" content=\"de_DE\" \/>\n<meta property=\"og:type\" content=\"article\" \/>\n<meta property=\"og:title\" content=\"Etappe 6 Alps2Riviera - ALPS 2 RIVIERA Randonn\u00e9e ciclistica\" \/>\n<meta property=\"og:description\" content=\"Die letzte Etappe mit dem abschlie\u00dfenden Tauchgang zum Meer! von Sanremo, im Zentrum der Riviera dei Fiori...Online anmeldung! Jetzt registrieren\" \/>\n<meta property=\"og:url\" content=\"https:\/\/alps2riviera.it\/de\/alps2riviera-tour\/etappe-6\/\" \/>\n<meta property=\"og:site_name\" content=\"ALPS 2 RIVIERA Randonn\u00e9e ciclistica\" \/>\n<meta property=\"article:modified_time\" content=\"2018-09-20T10:34:31+00:00\" \/>\n<meta property=\"og:image\" content=\"https:\/\/alps2riviera.it\/wp-content\/uploads\/2018\/06\/Campi-di-lavanda-150x150.jpg\" \/>\n<meta name=\"twitter:label1\" content=\"Gesch\u00e4tzte Lesezeit\" \/>\n\t<meta name=\"twitter:data1\" content=\"2 Minuten\" \/>\n<script type=\"application\/ld+json\" class=\"yoast-schema-graph\">{\"@context\":\"https:\/\/schema.org\",\"@graph\":[{\"@type\":\"WebPage\",\"@id\":\"https:\/\/alps2riviera.it\/de\/alps2riviera-tour\/etappe-6\/\",\"url\":\"https:\/\/alps2riviera.it\/de\/alps2riviera-tour\/etappe-6\/\",\"name\":\"Etappe 6 Alps2Riviera - ALPS 2 RIVIERA Randonn\u00e9e ciclistica\",\"isPartOf\":{\"@id\":\"https:\/\/alps2riviera.it\/#website\"},\"datePublished\":\"2018-08-13T16:10:50+00:00\",\"dateModified\":\"2018-09-20T10:34:31+00:00\",\"description\":\"Die letzte Etappe mit dem abschlie\u00dfenden Tauchgang zum Meer! von Sanremo, im Zentrum der Riviera dei Fiori...Online anmeldung! Jetzt registrieren\",\"breadcrumb\":{\"@id\":\"https:\/\/alps2riviera.it\/de\/alps2riviera-tour\/etappe-6\/#breadcrumb\"},\"inLanguage\":\"de-DE\",\"potentialAction\":[{\"@type\":\"ReadAction\",\"target\":[\"https:\/\/alps2riviera.it\/de\/alps2riviera-tour\/etappe-6\/\"]}]},{\"@type\":\"BreadcrumbList\",\"@id\":\"https:\/\/alps2riviera.it\/de\/alps2riviera-tour\/etappe-6\/#breadcrumb\",\"itemListElement\":[{\"@type\":\"ListItem\",\"position\":1,\"name\":\"Home\",\"item\":\"https:\/\/alps2riviera.it\/de\/\"},{\"@type\":\"ListItem\",\"position\":2,\"name\":\"Alps2Riviera Randonn\u00e9e\",\"item\":\"https:\/\/alps2riviera.it\/de\/alps2riviera-tour\/\"},{\"@type\":\"ListItem\",\"position\":3,\"name\":\"Etappe 6 Alps2Riviera\"}]},{\"@type\":\"WebSite\",\"@id\":\"https:\/\/alps2riviera.it\/#website\",\"url\":\"https:\/\/alps2riviera.it\/\",\"name\":\"ALPS 2 RIVIERA Randonn\u00e9e ciclistica\",\"description\":\"12-19 maggio 2019 | tour ciclistico attraverso Piemonte e Liguria\",\"potentialAction\":[{\"@type\":\"SearchAction\",\"target\":{\"@type\":\"EntryPoint\",\"urlTemplate\":\"https:\/\/alps2riviera.it\/?s={search_term_string}\"},\"query-input\":\"required name=search_term_string\"}],\"inLanguage\":\"de-DE\"}]}<\/script>\n<!-- \/ Yoast SEO plugin. -->","yoast_head_json":{"title":"Etappe 6 Alps2Riviera - ALPS 2 RIVIERA Randonn\u00e9e ciclistica","description":"Die letzte Etappe mit dem abschlie\u00dfenden Tauchgang zum Meer! von Sanremo, im Zentrum der Riviera dei Fiori...Online anmeldung! Jetzt registrieren","robots":{"index":"index","follow":"follow","max-snippet":"max-snippet:-1","max-image-preview":"max-image-preview:large","max-video-preview":"max-video-preview:-1"},"canonical":"https:\/\/alps2riviera.it\/de\/alps2riviera-tour\/etappe-6\/","og_locale":"de_DE","og_type":"article","og_title":"Etappe 6 Alps2Riviera - ALPS 2 RIVIERA Randonn\u00e9e ciclistica","og_description":"Die letzte Etappe mit dem abschlie\u00dfenden Tauchgang zum Meer! von Sanremo, im Zentrum der Riviera dei Fiori...Online anmeldung! Jetzt registrieren","og_url":"https:\/\/alps2riviera.it\/de\/alps2riviera-tour\/etappe-6\/","og_site_name":"ALPS 2 RIVIERA Randonn\u00e9e ciclistica","article_modified_time":"2018-09-20T10:34:31+00:00","og_image":[{"url":"https:\/\/alps2riviera.it\/wp-content\/uploads\/2018\/06\/Campi-di-lavanda-150x150.jpg"}],"twitter_misc":{"Gesch\u00e4tzte Lesezeit":"2 Minuten"},"schema":{"@context":"https:\/\/schema.org","@graph":[{"@type":"WebPage","@id":"https:\/\/alps2riviera.it\/de\/alps2riviera-tour\/etappe-6\/","url":"https:\/\/alps2riviera.it\/de\/alps2riviera-tour\/etappe-6\/","name":"Etappe 6 Alps2Riviera - ALPS 2 RIVIERA Randonn\u00e9e ciclistica","isPartOf":{"@id":"https:\/\/alps2riviera.it\/#website"},"datePublished":"2018-08-13T16:10:50+00:00","dateModified":"2018-09-20T10:34:31+00:00","description":"Die letzte Etappe mit dem abschlie\u00dfenden Tauchgang zum Meer! von Sanremo, im Zentrum der Riviera dei Fiori...Online anmeldung! Jetzt registrieren","breadcrumb":{"@id":"https:\/\/alps2riviera.it\/de\/alps2riviera-tour\/etappe-6\/#breadcrumb"},"inLanguage":"de-DE","potentialAction":[{"@type":"ReadAction","target":["https:\/\/alps2riviera.it\/de\/alps2riviera-tour\/etappe-6\/"]}]},{"@type":"BreadcrumbList","@id":"https:\/\/alps2riviera.it\/de\/alps2riviera-tour\/etappe-6\/#breadcrumb","itemListElement":[{"@type":"ListItem","position":1,"name":"Home","item":"https:\/\/alps2riviera.it\/de\/"},{"@type":"ListItem","position":2,"name":"Alps2Riviera Randonn\u00e9e","item":"https:\/\/alps2riviera.it\/de\/alps2riviera-tour\/"},{"@type":"ListItem","position":3,"name":"Etappe 6 Alps2Riviera"}]},{"@type":"WebSite","@id":"https:\/\/alps2riviera.it\/#website","url":"https:\/\/alps2riviera.it\/","name":"ALPS 2 RIVIERA Randonn\u00e9e ciclistica","description":"12-19 maggio 2019 | tour ciclistico attraverso Piemonte e Liguria","potentialAction":[{"@type":"SearchAction","target":{"@type":"EntryPoint","urlTemplate":"https:\/\/alps2riviera.it\/?s={search_term_string}"},"query-input":"required name=search_term_string"}],"inLanguage":"de-DE"}]}},"_links":{"self":[{"href":"https:\/\/alps2riviera.it\/de\/wp-json\/wp\/v2\/pages\/8963"}],"collection":[{"href":"https:\/\/alps2riviera.it\/de\/wp-json\/wp\/v2\/pages"}],"about":[{"href":"https:\/\/alps2riviera.it\/de\/wp-json\/wp\/v2\/types\/page"}],"author":[{"embeddable":true,"href":"https:\/\/alps2riviera.it\/de\/wp-json\/wp\/v2\/users\/1"}],"replies":[{"embeddable":true,"href":"https:\/\/alps2riviera.it\/de\/wp-json\/wp\/v2\/comments?post=8963"}],"version-history":[{"count":2,"href":"https:\/\/alps2riviera.it\/de\/wp-json\/wp\/v2\/pages\/8963\/revisions"}],"predecessor-version":[{"id":9262,"href":"https:\/\/alps2riviera.it\/de\/wp-json\/wp\/v2\/pages\/8963\/revisions\/9262"}],"up":[{"embeddable":true,"href":"https:\/\/alps2riviera.it\/de\/wp-json\/wp\/v2\/pages\/8944"}],"wp:attachment":[{"href":"https:\/\/alps2riviera.it\/de\/wp-json\/wp\/v2\/media?parent=8963"}],"curies":[{"name":"wp","href":"https:\/\/api.w.org\/{rel}","templated":true}]}}