{"id":8962,"date":"2018-08-13T16:05:05","date_gmt":"2018-08-13T16:05:05","guid":{"rendered":"http:\/\/alps2riviera.it\/alps2riviera-tour\/etappe-5\/"},"modified":"2018-09-20T10:33:09","modified_gmt":"2018-09-20T10:33:09","slug":"etappe-5","status":"publish","type":"page","link":"https:\/\/alps2riviera.it\/de\/alps2riviera-tour\/etappe-5\/","title":{"rendered":"Etappe 5 Alps2Riviera"},"content":{"rendered":"<h2>Alba (CN) \u2013 Ormea (CN)<\/h2>\n<h3>Km 97,00<br \/>\nH\u00f6henunterschied: +1564 m \u2013 990 m<\/h3>\n\n\t\t<style type=\"text\/css\">\n\t\t\t#gallery-1 {\n\t\t\t\tmargin: auto;\n\t\t\t}\n\t\t\t#gallery-1 .gallery-item {\n\t\t\t\tfloat: left;\n\t\t\t\tmargin-top: 10px;\n\t\t\t\ttext-align: center;\n\t\t\t\twidth: 25%;\n\t\t\t}\n\t\t\t#gallery-1 img {\n\t\t\t\tborder: 2px solid #cfcfcf;\n\t\t\t}\n\t\t\t#gallery-1 .gallery-caption {\n\t\t\t\tmargin-left: 0;\n\t\t\t}\n\t\t\t\/* see gallery_shortcode() in wp-includes\/media.php *\/\n\t\t<\/style>\n\t\t<div id='gallery-1' class='gallery galleryid-8962 gallery-columns-4 gallery-size-thumbnail'><dl class='gallery-item'>\n\t\t\t<dt class='gallery-icon landscape'>\n\t\t\t\t<a onclick=\"javascript:pageTracker._trackPageview('\/outgoing\/alps2riviera.it\/wp-content\/uploads\/2018\/06\/Barolo-e-La-Morra-2.jpg');\"  href='https:\/\/alps2riviera.it\/wp-content\/uploads\/2018\/06\/Barolo-e-La-Morra-2.jpg'><img width=\"150\" height=\"150\" src=\"https:\/\/alps2riviera.it\/wp-content\/uploads\/2018\/06\/Barolo-e-La-Morra-2-150x150.jpg\" class=\"attachment-thumbnail size-thumbnail\" alt=\"\" decoding=\"async\" loading=\"lazy\" \/><\/a>\n\t\t\t<\/dt><\/dl><dl class='gallery-item'>\n\t\t\t<dt class='gallery-icon landscape'>\n\t\t\t\t<a onclick=\"javascript:pageTracker._trackPageview('\/outgoing\/alps2riviera.it\/wp-content\/uploads\/2018\/06\/Barolo-e-La-Morra-7.jpg');\"  href='https:\/\/alps2riviera.it\/wp-content\/uploads\/2018\/06\/Barolo-e-La-Morra-7.jpg'><img width=\"150\" height=\"150\" src=\"https:\/\/alps2riviera.it\/wp-content\/uploads\/2018\/06\/Barolo-e-La-Morra-7-150x150.jpg\" class=\"attachment-thumbnail size-thumbnail\" alt=\"\" decoding=\"async\" loading=\"lazy\" \/><\/a>\n\t\t\t<\/dt><\/dl><dl class='gallery-item'>\n\t\t\t<dt class='gallery-icon landscape'>\n\t\t\t\t<a onclick=\"javascript:pageTracker._trackPageview('\/outgoing\/alps2riviera.it\/wp-content\/uploads\/2018\/06\/Barolo.jpg');\"  href='https:\/\/alps2riviera.it\/wp-content\/uploads\/2018\/06\/Barolo.jpg'><img width=\"150\" height=\"150\" src=\"https:\/\/alps2riviera.it\/wp-content\/uploads\/2018\/06\/Barolo-150x150.jpg\" class=\"attachment-thumbnail size-thumbnail\" alt=\"\" decoding=\"async\" loading=\"lazy\" \/><\/a>\n\t\t\t<\/dt><\/dl><dl class='gallery-item'>\n\t\t\t<dt class='gallery-icon landscape'>\n\t\t\t\t<a onclick=\"javascript:pageTracker._trackPageview('\/outgoing\/alps2riviera.it\/wp-content\/uploads\/2018\/06\/BAROLO-E-LANGHE.jpg');\"  href='https:\/\/alps2riviera.it\/wp-content\/uploads\/2018\/06\/BAROLO-E-LANGHE.jpg'><img width=\"150\" height=\"150\" src=\"https:\/\/alps2riviera.it\/wp-content\/uploads\/2018\/06\/BAROLO-E-LANGHE-150x150.jpg\" class=\"attachment-thumbnail size-thumbnail\" alt=\"\" decoding=\"async\" loading=\"lazy\" \/><\/a>\n\t\t\t<\/dt><\/dl><br style=\"clear: both\" \/><dl class='gallery-item'>\n\t\t\t<dt class='gallery-icon landscape'>\n\t\t\t\t<a onclick=\"javascript:pageTracker._trackPageview('\/outgoing\/alps2riviera.it\/wp-content\/uploads\/2018\/06\/Degustazione-rossi.jpg');\"  href='https:\/\/alps2riviera.it\/wp-content\/uploads\/2018\/06\/Degustazione-rossi.jpg'><img width=\"150\" height=\"150\" src=\"https:\/\/alps2riviera.it\/wp-content\/uploads\/2018\/06\/Degustazione-rossi-150x150.jpg\" class=\"attachment-thumbnail size-thumbnail\" alt=\"\" decoding=\"async\" loading=\"lazy\" \/><\/a>\n\t\t\t<\/dt><\/dl><dl class='gallery-item'>\n\t\t\t<dt class='gallery-icon landscape'>\n\t\t\t\t<a onclick=\"javascript:pageTracker._trackPageview('\/outgoing\/alps2riviera.it\/wp-content\/uploads\/2018\/06\/Foto-T13.jpg');\"  href='https:\/\/alps2riviera.it\/wp-content\/uploads\/2018\/06\/Foto-T13.jpg'><img width=\"150\" height=\"150\" src=\"https:\/\/alps2riviera.it\/wp-content\/uploads\/2018\/06\/Foto-T13-150x150.jpg\" class=\"attachment-thumbnail size-thumbnail\" alt=\"\" decoding=\"async\" loading=\"lazy\" \/><\/a>\n\t\t\t<\/dt><\/dl><dl class='gallery-item'>\n\t\t\t<dt class='gallery-icon landscape'>\n\t\t\t\t<a onclick=\"javascript:pageTracker._trackPageview('\/outgoing\/alps2riviera.it\/wp-content\/uploads\/2018\/06\/I-formaggi-piemontesi.jpg');\"  href='https:\/\/alps2riviera.it\/wp-content\/uploads\/2018\/06\/I-formaggi-piemontesi.jpg'><img width=\"150\" height=\"150\" src=\"https:\/\/alps2riviera.it\/wp-content\/uploads\/2018\/06\/I-formaggi-piemontesi-150x150.jpg\" class=\"attachment-thumbnail size-thumbnail\" alt=\"\" decoding=\"async\" loading=\"lazy\" \/><\/a>\n\t\t\t<\/dt><\/dl><dl class='gallery-item'>\n\t\t\t<dt class='gallery-icon landscape'>\n\t\t\t\t<a onclick=\"javascript:pageTracker._trackPageview('\/outgoing\/alps2riviera.it\/wp-content\/uploads\/2018\/06\/I-vigneti-di-Barolo.jpg');\"  href='https:\/\/alps2riviera.it\/wp-content\/uploads\/2018\/06\/I-vigneti-di-Barolo.jpg'><img width=\"150\" height=\"150\" src=\"https:\/\/alps2riviera.it\/wp-content\/uploads\/2018\/06\/I-vigneti-di-Barolo-150x150.jpg\" class=\"attachment-thumbnail size-thumbnail\" alt=\"\" decoding=\"async\" loading=\"lazy\" \/><\/a>\n\t\t\t<\/dt><\/dl><br style=\"clear: both\" \/><dl class='gallery-item'>\n\t\t\t<dt class='gallery-icon landscape'>\n\t\t\t\t<a onclick=\"javascript:pageTracker._trackPageview('\/outgoing\/alps2riviera.it\/wp-content\/uploads\/2018\/06\/Le-colline-del-Monferrato.jpg');\"  href='https:\/\/alps2riviera.it\/wp-content\/uploads\/2018\/06\/Le-colline-del-Monferrato.jpg'><img width=\"150\" height=\"150\" src=\"https:\/\/alps2riviera.it\/wp-content\/uploads\/2018\/06\/Le-colline-del-Monferrato-150x150.jpg\" class=\"attachment-thumbnail size-thumbnail\" alt=\"\" decoding=\"async\" loading=\"lazy\" \/><\/a>\n\t\t\t<\/dt><\/dl><dl class='gallery-item'>\n\t\t\t<dt class='gallery-icon landscape'>\n\t\t\t\t<a onclick=\"javascript:pageTracker._trackPageview('\/outgoing\/alps2riviera.it\/wp-content\/uploads\/2018\/06\/Le-colline-delle-Langhe.jpg');\"  href='https:\/\/alps2riviera.it\/wp-content\/uploads\/2018\/06\/Le-colline-delle-Langhe.jpg'><img width=\"150\" height=\"150\" src=\"https:\/\/alps2riviera.it\/wp-content\/uploads\/2018\/06\/Le-colline-delle-Langhe-150x150.jpg\" class=\"attachment-thumbnail size-thumbnail\" alt=\"\" decoding=\"async\" loading=\"lazy\" \/><\/a>\n\t\t\t<\/dt><\/dl><dl class='gallery-item'>\n\t\t\t<dt class='gallery-icon landscape'>\n\t\t\t\t<a onclick=\"javascript:pageTracker._trackPageview('\/outgoing\/alps2riviera.it\/wp-content\/uploads\/2018\/06\/Tagliolini-e-tartufo.jpg');\"  href='https:\/\/alps2riviera.it\/wp-content\/uploads\/2018\/06\/Tagliolini-e-tartufo.jpg'><img width=\"150\" height=\"150\" src=\"https:\/\/alps2riviera.it\/wp-content\/uploads\/2018\/06\/Tagliolini-e-tartufo-150x150.jpg\" class=\"attachment-thumbnail size-thumbnail\" alt=\"\" decoding=\"async\" loading=\"lazy\" \/><\/a>\n\t\t\t<\/dt><\/dl><dl class='gallery-item'>\n\t\t\t<dt class='gallery-icon landscape'>\n\t\t\t\t<a onclick=\"javascript:pageTracker._trackPageview('\/outgoing\/alps2riviera.it\/wp-content\/uploads\/2018\/06\/Tartufo-bianco-dAlba.jpg');\"  href='https:\/\/alps2riviera.it\/wp-content\/uploads\/2018\/06\/Tartufo-bianco-dAlba.jpg'><img width=\"150\" height=\"150\" src=\"https:\/\/alps2riviera.it\/wp-content\/uploads\/2018\/06\/Tartufo-bianco-dAlba-150x150.jpg\" class=\"attachment-thumbnail size-thumbnail\" alt=\"\" decoding=\"async\" loading=\"lazy\" \/><\/a>\n\t\t\t<\/dt><\/dl><br style=\"clear: both\" \/>\n\t\t<\/div>\n\n<p>Wir betreten nun die Weinberge so weit das Auge reicht, wo die gr\u00f6\u00dften italienischen Rotweine heranwachsen, Schl\u00f6sser, D\u00f6rfer und T\u00fcrme auf den H\u00fcgeln, St\u00e4dte reich an Geschichte und Kunst, neben D\u00f6rfern mit wenigen H\u00e4usern. Wir verlassen das historische Zentrum von Alba mit seinem mittelalterlichen Aufbau und seiner kreisrunden Form (es ist sch\u00f6n, zwischen den malerischen T\u00fcrmen und Festungen spazieren zu gehen und anschlie\u00dfend die gro\u00dfen Kirchen, den Dom und vor allem San Domenico, eines der sch\u00f6nsten romanisch-gotischen Monumente in Norditalien, zu bestaunen).<\/p>\n<p>Zuerst flach, dann leicht bergauf, erreichen wir nach 11,5 km Castigliole Falletto und sein Schloss. Wir folgen dem Fluss Tanaro, der uns bis zum Ziel begleiten wird. Ein paar Kilometer, zuerst bergab und dann leicht bergauf, trennen uns von Barolo und WIMU, dem Weinmuseum im Schloss Barolo, um ein Erlebnis auf halbem Weg zwischen Kultur und Weintourismus zu erm\u00f6glichen. Dann geht es weiter nach Monforte, in einer zauberhaften Lage, mit den H\u00e4usern der Altstadt, die sich allesamt an den H\u00e4ngen eines steilen H\u00fcgels befinden.<\/p>\n<p>Die Abfahrt nach Dogliani, die dem DOCG des Dolcetto-Weins seinen Namen gibt, ca. 7,5 km, wird uns f\u00fcr den n\u00e4chsten Anstieg (ca. 12 km, aber nur steiler bis nach Lovera) nach Murazzano verhelfen, das nicht nur den Namen des gro\u00dfen PDO-K\u00e4ses tr\u00e4gt, sondern auch eines der interessantesten historischen Zentren bewahrt (Reste der einzigen Windm\u00fchle der Langhe).<\/p>\n<p>Wir befinden uns in der Alta Langa mit ihrer bewaldeten Natur, ihren Haselnussb\u00e4umen und K\u00e4sesorten, deren Vielfalt wirklich jeden Geschmack befriedigen kann. Von Murazzano aus erreichen wir in angenehmer Abfahrt das antike mittelalterliche Dorf Ceva mit den charakteristischen Gassen des historischen Zentrums. Die letzten 38 km in leichtem, konstantem Anstieg f\u00fchren uns zuerst \u00fcber Priola, dann Garessio und schlie\u00dflich nach Ormea, dem Ziel des Tages.<\/p>\n<div style=\"position: relative; padding-bottom: 75%; height: 0; overflow: hidden;\"><iframe style=\"border: 0; position: absolute; top: 0; left: 0; width: 100%; height: 100%;\" src=\"https:\/\/www.openrunner.com\/route\/8558381\/embed\/fr\/424d475843706c682f484e394263594a6d693669754e7462325730725875375270634457543571567258513d3a3a2f951257220fda5d4264abe1b2dcda03\" frameborder=\"0\" scrolling=\"no\" allowfullscreen=\"allowfullscreen\"><\/iframe><\/div>\n","protected":false},"excerpt":{"rendered":"<p>Alba (CN) \u2013 Ormea (CN) Km 97,00 H\u00f6henunterschied: +1564 m \u2013 990 m Wir betreten nun die Weinberge so weit das Auge reicht, wo die gr\u00f6\u00dften italienischen Rotweine heranwachsen, Schl\u00f6sser, D\u00f6rfer und T\u00fcrme auf den H\u00fcgeln, St\u00e4dte reich an Geschichte und Kunst, neben D\u00f6rfern mit wenigen H\u00e4usern. Wir verlassen das historische Zentrum von Alba mit [&hellip;]<\/p>\n","protected":false},"author":1,"featured_media":0,"parent":8944,"menu_order":0,"comment_status":"closed","ping_status":"closed","template":"","meta":[],"yoast_head":"<!-- This site is optimized with the Yoast SEO plugin v20.13 - https:\/\/yoast.com\/wordpress\/plugins\/seo\/ -->\n<title>Etappe 5 Alps2Riviera - ALPS 2 RIVIERA Randonn\u00e9e ciclistica<\/title>\n<meta name=\"description\" content=\"Wir betreten nun die Weinberge so weit das Auge reicht, wo die gr\u00f6\u00dften italienischen Rotweine heranwachsen, Schl\u00f6sser... Online anmeldung! Jetzt registrieren\" \/>\n<meta name=\"robots\" content=\"index, follow, max-snippet:-1, max-image-preview:large, max-video-preview:-1\" \/>\n<link rel=\"canonical\" href=\"https:\/\/alps2riviera.it\/de\/alps2riviera-tour\/etappe-5\/\" \/>\n<meta property=\"og:locale\" content=\"de_DE\" \/>\n<meta property=\"og:type\" content=\"article\" \/>\n<meta property=\"og:title\" content=\"Etappe 5 Alps2Riviera - ALPS 2 RIVIERA Randonn\u00e9e ciclistica\" \/>\n<meta property=\"og:description\" content=\"Wir betreten nun die Weinberge so weit das Auge reicht, wo die gr\u00f6\u00dften italienischen Rotweine heranwachsen, Schl\u00f6sser... Online anmeldung! Jetzt registrieren\" \/>\n<meta property=\"og:url\" content=\"https:\/\/alps2riviera.it\/de\/alps2riviera-tour\/etappe-5\/\" \/>\n<meta property=\"og:site_name\" content=\"ALPS 2 RIVIERA Randonn\u00e9e ciclistica\" \/>\n<meta property=\"article:modified_time\" content=\"2018-09-20T10:33:09+00:00\" \/>\n<meta property=\"og:image\" content=\"https:\/\/alps2riviera.it\/wp-content\/uploads\/2018\/06\/Barolo-e-La-Morra-2-150x150.jpg\" \/>\n<meta name=\"twitter:label1\" content=\"Gesch\u00e4tzte Lesezeit\" \/>\n\t<meta name=\"twitter:data1\" content=\"2 Minuten\" \/>\n<script type=\"application\/ld+json\" class=\"yoast-schema-graph\">{\"@context\":\"https:\/\/schema.org\",\"@graph\":[{\"@type\":\"WebPage\",\"@id\":\"https:\/\/alps2riviera.it\/de\/alps2riviera-tour\/etappe-5\/\",\"url\":\"https:\/\/alps2riviera.it\/de\/alps2riviera-tour\/etappe-5\/\",\"name\":\"Etappe 5 Alps2Riviera - ALPS 2 RIVIERA Randonn\u00e9e ciclistica\",\"isPartOf\":{\"@id\":\"https:\/\/alps2riviera.it\/#website\"},\"datePublished\":\"2018-08-13T16:05:05+00:00\",\"dateModified\":\"2018-09-20T10:33:09+00:00\",\"description\":\"Wir betreten nun die Weinberge so weit das Auge reicht, wo die gr\u00f6\u00dften italienischen Rotweine heranwachsen, Schl\u00f6sser... Online anmeldung! Jetzt registrieren\",\"breadcrumb\":{\"@id\":\"https:\/\/alps2riviera.it\/de\/alps2riviera-tour\/etappe-5\/#breadcrumb\"},\"inLanguage\":\"de-DE\",\"potentialAction\":[{\"@type\":\"ReadAction\",\"target\":[\"https:\/\/alps2riviera.it\/de\/alps2riviera-tour\/etappe-5\/\"]}]},{\"@type\":\"BreadcrumbList\",\"@id\":\"https:\/\/alps2riviera.it\/de\/alps2riviera-tour\/etappe-5\/#breadcrumb\",\"itemListElement\":[{\"@type\":\"ListItem\",\"position\":1,\"name\":\"Home\",\"item\":\"https:\/\/alps2riviera.it\/de\/\"},{\"@type\":\"ListItem\",\"position\":2,\"name\":\"Alps2Riviera Randonn\u00e9e\",\"item\":\"https:\/\/alps2riviera.it\/de\/alps2riviera-tour\/\"},{\"@type\":\"ListItem\",\"position\":3,\"name\":\"Etappe 5 Alps2Riviera\"}]},{\"@type\":\"WebSite\",\"@id\":\"https:\/\/alps2riviera.it\/#website\",\"url\":\"https:\/\/alps2riviera.it\/\",\"name\":\"ALPS 2 RIVIERA Randonn\u00e9e ciclistica\",\"description\":\"12-19 maggio 2019 | tour ciclistico attraverso Piemonte e Liguria\",\"potentialAction\":[{\"@type\":\"SearchAction\",\"target\":{\"@type\":\"EntryPoint\",\"urlTemplate\":\"https:\/\/alps2riviera.it\/?s={search_term_string}\"},\"query-input\":\"required name=search_term_string\"}],\"inLanguage\":\"de-DE\"}]}<\/script>\n<!-- \/ Yoast SEO plugin. -->","yoast_head_json":{"title":"Etappe 5 Alps2Riviera - ALPS 2 RIVIERA Randonn\u00e9e ciclistica","description":"Wir betreten nun die Weinberge so weit das Auge reicht, wo die gr\u00f6\u00dften italienischen Rotweine heranwachsen, Schl\u00f6sser... Online anmeldung! Jetzt registrieren","robots":{"index":"index","follow":"follow","max-snippet":"max-snippet:-1","max-image-preview":"max-image-preview:large","max-video-preview":"max-video-preview:-1"},"canonical":"https:\/\/alps2riviera.it\/de\/alps2riviera-tour\/etappe-5\/","og_locale":"de_DE","og_type":"article","og_title":"Etappe 5 Alps2Riviera - ALPS 2 RIVIERA Randonn\u00e9e ciclistica","og_description":"Wir betreten nun die Weinberge so weit das Auge reicht, wo die gr\u00f6\u00dften italienischen Rotweine heranwachsen, Schl\u00f6sser... Online anmeldung! Jetzt registrieren","og_url":"https:\/\/alps2riviera.it\/de\/alps2riviera-tour\/etappe-5\/","og_site_name":"ALPS 2 RIVIERA Randonn\u00e9e ciclistica","article_modified_time":"2018-09-20T10:33:09+00:00","og_image":[{"url":"https:\/\/alps2riviera.it\/wp-content\/uploads\/2018\/06\/Barolo-e-La-Morra-2-150x150.jpg"}],"twitter_misc":{"Gesch\u00e4tzte Lesezeit":"2 Minuten"},"schema":{"@context":"https:\/\/schema.org","@graph":[{"@type":"WebPage","@id":"https:\/\/alps2riviera.it\/de\/alps2riviera-tour\/etappe-5\/","url":"https:\/\/alps2riviera.it\/de\/alps2riviera-tour\/etappe-5\/","name":"Etappe 5 Alps2Riviera - ALPS 2 RIVIERA Randonn\u00e9e ciclistica","isPartOf":{"@id":"https:\/\/alps2riviera.it\/#website"},"datePublished":"2018-08-13T16:05:05+00:00","dateModified":"2018-09-20T10:33:09+00:00","description":"Wir betreten nun die Weinberge so weit das Auge reicht, wo die gr\u00f6\u00dften italienischen Rotweine heranwachsen, Schl\u00f6sser... Online anmeldung! Jetzt registrieren","breadcrumb":{"@id":"https:\/\/alps2riviera.it\/de\/alps2riviera-tour\/etappe-5\/#breadcrumb"},"inLanguage":"de-DE","potentialAction":[{"@type":"ReadAction","target":["https:\/\/alps2riviera.it\/de\/alps2riviera-tour\/etappe-5\/"]}]},{"@type":"BreadcrumbList","@id":"https:\/\/alps2riviera.it\/de\/alps2riviera-tour\/etappe-5\/#breadcrumb","itemListElement":[{"@type":"ListItem","position":1,"name":"Home","item":"https:\/\/alps2riviera.it\/de\/"},{"@type":"ListItem","position":2,"name":"Alps2Riviera Randonn\u00e9e","item":"https:\/\/alps2riviera.it\/de\/alps2riviera-tour\/"},{"@type":"ListItem","position":3,"name":"Etappe 5 Alps2Riviera"}]},{"@type":"WebSite","@id":"https:\/\/alps2riviera.it\/#website","url":"https:\/\/alps2riviera.it\/","name":"ALPS 2 RIVIERA Randonn\u00e9e ciclistica","description":"12-19 maggio 2019 | tour ciclistico attraverso Piemonte e Liguria","potentialAction":[{"@type":"SearchAction","target":{"@type":"EntryPoint","urlTemplate":"https:\/\/alps2riviera.it\/?s={search_term_string}"},"query-input":"required name=search_term_string"}],"inLanguage":"de-DE"}]}},"_links":{"self":[{"href":"https:\/\/alps2riviera.it\/de\/wp-json\/wp\/v2\/pages\/8962"}],"collection":[{"href":"https:\/\/alps2riviera.it\/de\/wp-json\/wp\/v2\/pages"}],"about":[{"href":"https:\/\/alps2riviera.it\/de\/wp-json\/wp\/v2\/types\/page"}],"author":[{"embeddable":true,"href":"https:\/\/alps2riviera.it\/de\/wp-json\/wp\/v2\/users\/1"}],"replies":[{"embeddable":true,"href":"https:\/\/alps2riviera.it\/de\/wp-json\/wp\/v2\/comments?post=8962"}],"version-history":[{"count":2,"href":"https:\/\/alps2riviera.it\/de\/wp-json\/wp\/v2\/pages\/8962\/revisions"}],"predecessor-version":[{"id":9260,"href":"https:\/\/alps2riviera.it\/de\/wp-json\/wp\/v2\/pages\/8962\/revisions\/9260"}],"up":[{"embeddable":true,"href":"https:\/\/alps2riviera.it\/de\/wp-json\/wp\/v2\/pages\/8944"}],"wp:attachment":[{"href":"https:\/\/alps2riviera.it\/de\/wp-json\/wp\/v2\/media?parent=8962"}],"curies":[{"name":"wp","href":"https:\/\/api.w.org\/{rel}","templated":true}]}}