{"id":8961,"date":"2018-08-13T15:58:24","date_gmt":"2018-08-13T15:58:24","guid":{"rendered":"http:\/\/alps2riviera.it\/alps2riviera-tour\/etappe-4\/"},"modified":"2018-09-20T10:32:18","modified_gmt":"2018-09-20T10:32:18","slug":"etappe-4","status":"publish","type":"page","link":"https:\/\/alps2riviera.it\/de\/alps2riviera-tour\/etappe-4\/","title":{"rendered":"Etappe 4 Alps2Riviera"},"content":{"rendered":"<h3>Serravalle Scrivia (AL) \u2013 Alba (CN)<\/h3>\n<h3>Km 122,00<br \/>\nH\u00f6henunterschied: +2080 m &#8211; 2140 m<\/h3>\n\n\t\t<style type=\"text\/css\">\n\t\t\t#gallery-1 {\n\t\t\t\tmargin: auto;\n\t\t\t}\n\t\t\t#gallery-1 .gallery-item {\n\t\t\t\tfloat: left;\n\t\t\t\tmargin-top: 10px;\n\t\t\t\ttext-align: center;\n\t\t\t\twidth: 33%;\n\t\t\t}\n\t\t\t#gallery-1 img {\n\t\t\t\tborder: 2px solid #cfcfcf;\n\t\t\t}\n\t\t\t#gallery-1 .gallery-caption {\n\t\t\t\tmargin-left: 0;\n\t\t\t}\n\t\t\t\/* see gallery_shortcode() in wp-includes\/media.php *\/\n\t\t<\/style>\n\t\t<div id='gallery-1' class='gallery galleryid-8961 gallery-columns-3 gallery-size-thumbnail'><dl class='gallery-item'>\n\t\t\t<dt class='gallery-icon landscape'>\n\t\t\t\t<a onclick=\"javascript:pageTracker._trackPageview('\/outgoing\/alps2riviera.it\/wp-content\/uploads\/2018\/06\/bagna-cauda.jpg');\"  href='https:\/\/alps2riviera.it\/wp-content\/uploads\/2018\/06\/bagna-cauda.jpg'><img width=\"150\" height=\"150\" src=\"https:\/\/alps2riviera.it\/wp-content\/uploads\/2018\/06\/bagna-cauda-150x150.jpg\" class=\"attachment-thumbnail size-thumbnail\" alt=\"\" decoding=\"async\" loading=\"lazy\" \/><\/a>\n\t\t\t<\/dt><\/dl><dl class='gallery-item'>\n\t\t\t<dt class='gallery-icon landscape'>\n\t\t\t\t<a onclick=\"javascript:pageTracker._trackPageview('\/outgoing\/alps2riviera.it\/wp-content\/uploads\/2018\/06\/fritto-misto-piemontese.jpg');\"  href='https:\/\/alps2riviera.it\/wp-content\/uploads\/2018\/06\/fritto-misto-piemontese.jpg'><img width=\"150\" height=\"150\" src=\"https:\/\/alps2riviera.it\/wp-content\/uploads\/2018\/06\/fritto-misto-piemontese-150x150.jpg\" class=\"attachment-thumbnail size-thumbnail\" alt=\"\" decoding=\"async\" loading=\"lazy\" srcset=\"https:\/\/alps2riviera.it\/wp-content\/uploads\/2018\/06\/fritto-misto-piemontese-150x150.jpg 150w, https:\/\/alps2riviera.it\/wp-content\/uploads\/2018\/06\/fritto-misto-piemontese-300x300.jpg 300w, https:\/\/alps2riviera.it\/wp-content\/uploads\/2018\/06\/fritto-misto-piemontese.jpg 450w\" sizes=\"(max-width: 150px) 100vw, 150px\" \/><\/a>\n\t\t\t<\/dt><\/dl><dl class='gallery-item'>\n\t\t\t<dt class='gallery-icon landscape'>\n\t\t\t\t<a onclick=\"javascript:pageTracker._trackPageview('\/outgoing\/alps2riviera.it\/wp-content\/uploads\/2018\/06\/Gavi-Il-Forte.jpg');\"  href='https:\/\/alps2riviera.it\/wp-content\/uploads\/2018\/06\/Gavi-Il-Forte.jpg'><img width=\"150\" height=\"150\" src=\"https:\/\/alps2riviera.it\/wp-content\/uploads\/2018\/06\/Gavi-Il-Forte-150x150.jpg\" class=\"attachment-thumbnail size-thumbnail\" alt=\"\" decoding=\"async\" loading=\"lazy\" \/><\/a>\n\t\t\t<\/dt><\/dl><br style=\"clear: both\" \/><dl class='gallery-item'>\n\t\t\t<dt class='gallery-icon landscape'>\n\t\t\t\t<a onclick=\"javascript:pageTracker._trackPageview('\/outgoing\/alps2riviera.it\/wp-content\/uploads\/2018\/06\/Le-strade-del-Monferrato-1.jpg');\"  href='https:\/\/alps2riviera.it\/wp-content\/uploads\/2018\/06\/Le-strade-del-Monferrato-1.jpg'><img width=\"150\" height=\"150\" src=\"https:\/\/alps2riviera.it\/wp-content\/uploads\/2018\/06\/Le-strade-del-Monferrato-1-150x150.jpg\" class=\"attachment-thumbnail size-thumbnail\" alt=\"\" decoding=\"async\" loading=\"lazy\" \/><\/a>\n\t\t\t<\/dt><\/dl><dl class='gallery-item'>\n\t\t\t<dt class='gallery-icon landscape'>\n\t\t\t\t<a onclick=\"javascript:pageTracker._trackPageview('\/outgoing\/alps2riviera.it\/wp-content\/uploads\/2018\/06\/Neive.jpg');\"  href='https:\/\/alps2riviera.it\/wp-content\/uploads\/2018\/06\/Neive.jpg'><img width=\"150\" height=\"150\" src=\"https:\/\/alps2riviera.it\/wp-content\/uploads\/2018\/06\/Neive-150x150.jpg\" class=\"attachment-thumbnail size-thumbnail\" alt=\"\" decoding=\"async\" loading=\"lazy\" \/><\/a>\n\t\t\t<\/dt><\/dl><dl class='gallery-item'>\n\t\t\t<dt class='gallery-icon landscape'>\n\t\t\t\t<a onclick=\"javascript:pageTracker._trackPageview('\/outgoing\/alps2riviera.it\/wp-content\/uploads\/2018\/06\/SantoStefano05.jpg');\"  href='https:\/\/alps2riviera.it\/wp-content\/uploads\/2018\/06\/SantoStefano05.jpg'><img width=\"150\" height=\"150\" src=\"https:\/\/alps2riviera.it\/wp-content\/uploads\/2018\/06\/SantoStefano05-150x150.jpg\" class=\"attachment-thumbnail size-thumbnail\" alt=\"\" decoding=\"async\" loading=\"lazy\" \/><\/a>\n\t\t\t<\/dt><\/dl><br style=\"clear: both\" \/>\n\t\t<\/div>\n\n<p>Eine k\u00fcrzere Etappe als die vorherige, mit einem gr\u00f6\u00dferen H\u00f6henunterschied, aber mit vergn\u00fcglichen H\u00f6hen und Tiefen, mit steilen jedoch kurzen Anstiegen. Abfahrt von Serravalle Scrivia nach Gavi, ber\u00fchmt f\u00fcr seinen namensgebenden Wei\u00dfwein, sein Schloss, die Amaretti, die Ravioli (sie sollen hier erfunden worden sein).<\/p>\n<p>Genie\u00dfen wir den flachen Weg hinauf nach Capriata d&#8217;Orba, wo einige Reste der Befestigungsanlagen aus dem 10. bis 12. Jahrhundert erhalten sind. Dem Flusslauf der Orba folgend, erreichen wir kurz darauf den Fu\u00df der Rocca Grimalda. Ein sehr kurzer, aber steiler Anstieg f\u00fchrt uns zu seinem Schloss. Eine Abfahrtsstra\u00dfe f\u00fchrt uns dann zu den Toren von Ovada, von wo aus die Panoramastra\u00dfe Strada Costa, von der Ortschaft Santo Stefano, uns sanft bergauf und dann hinunter nach Carpeneto f\u00fchrt, ebenfalls mit seinem Schloss (nicht zug\u00e4nglich f\u00fcr Besucher).<\/p>\n<p>Die Route f\u00fchrt weiter nach Trisobbio, einem der \u00e4ltesten D\u00f6rfer von Monferrato, dessen Burg einen Besuch wert ist. Nach einigen leicht h\u00fcgeligen Kilometern fahren wir in Richtung des kleinen Dorfes Morsasco, das von einem Schloss \u00fcberragt wird und \u00fcber eine schmale Gasse erreicht werden kann.<br \/>\nNach ca. 11 km erreichen wir Acqui Terme (Thermalbad, Villa Ottolenghi, Schloss Paleologi und die Reste des r\u00f6mischen Aqu\u00e4dukts).<\/p>\n<p>Durch die 17 km Auf- und Abfahrten, die uns von Nizza Monferrato, der Hauptstadt des Barbera-Weins, trennen, werden wir die von der UNESCO im Jahr 2014 zum Weltkulturerbe erkl\u00e4rten Weinanbaugebiete Langhe, Monferrato und Roero durchqueren. Von Castagnole delle Lanze geht es also zun\u00e4chst nach Neive mit seinem faszinierenden Netz von Geb\u00e4uden und Stra\u00dfen, dann nach Barbaresco, den Produktionsst\u00e4tten des Barbaresco, dem gro\u00dfen piemontesischen Rotwein. Dann erreichen wir Alba, die Hauptstadt der Langhe, ber\u00fchmt in der ganzen Welt f\u00fcr den Barolo und die weltber\u00fchmten wei\u00dfen Tr\u00fcffel. Eine wohlverdiente Rast erwartet uns in einem seiner Hotels.<\/p>\n<div style=\"position: relative; padding-bottom: 75%; height: 0; overflow: hidden;\"><iframe style=\"border: 0; position: absolute; top: 0; left: 0; width: 100%; height: 100%;\" src=\"https:\/\/www.openrunner.com\/route\/8556291\/embed\/fr\/494d4c513250525250446e3778517647627333322f55424c414666493730456369564f5861336a2f5749493d3a3a4b7a01a216c7ced924f96d530aad3a06\" frameborder=\"0\" scrolling=\"no\" allowfullscreen=\"allowfullscreen\"><\/iframe><\/div>\n","protected":false},"excerpt":{"rendered":"<p>Serravalle Scrivia (AL) \u2013 Alba (CN) Km 122,00 H\u00f6henunterschied: +2080 m &#8211; 2140 m Eine k\u00fcrzere Etappe als die vorherige, mit einem gr\u00f6\u00dferen H\u00f6henunterschied, aber mit vergn\u00fcglichen H\u00f6hen und Tiefen, mit steilen jedoch kurzen Anstiegen. Abfahrt von Serravalle Scrivia nach Gavi, ber\u00fchmt f\u00fcr seinen namensgebenden Wei\u00dfwein, sein Schloss, die Amaretti, die Ravioli (sie sollen hier [&hellip;]<\/p>\n","protected":false},"author":1,"featured_media":0,"parent":8944,"menu_order":0,"comment_status":"closed","ping_status":"closed","template":"","meta":[],"yoast_head":"<!-- This site is optimized with the Yoast SEO plugin v20.13 - https:\/\/yoast.com\/wordpress\/plugins\/seo\/ -->\n<title>Etappe 4 Alps2Riviera - ALPS 2 RIVIERA Randonn\u00e9e ciclistica<\/title>\n<meta name=\"description\" content=\"Eine k\u00fcrzere Etappe als die vorherige, mit einem gr\u00f6\u00dferen H\u00f6henunterschied, aber mit vergn\u00fcglichen H\u00f6hen und Tiefen, Online anmeldung! Jetzt registrieren\" \/>\n<meta name=\"robots\" content=\"index, follow, max-snippet:-1, max-image-preview:large, max-video-preview:-1\" \/>\n<link rel=\"canonical\" href=\"https:\/\/alps2riviera.it\/de\/alps2riviera-tour\/etappe-4\/\" \/>\n<meta property=\"og:locale\" content=\"de_DE\" \/>\n<meta property=\"og:type\" content=\"article\" \/>\n<meta property=\"og:title\" content=\"Etappe 4 Alps2Riviera - ALPS 2 RIVIERA Randonn\u00e9e ciclistica\" \/>\n<meta property=\"og:description\" content=\"Eine k\u00fcrzere Etappe als die vorherige, mit einem gr\u00f6\u00dferen H\u00f6henunterschied, aber mit vergn\u00fcglichen H\u00f6hen und Tiefen, Online anmeldung! Jetzt registrieren\" \/>\n<meta property=\"og:url\" content=\"https:\/\/alps2riviera.it\/de\/alps2riviera-tour\/etappe-4\/\" \/>\n<meta property=\"og:site_name\" content=\"ALPS 2 RIVIERA Randonn\u00e9e ciclistica\" \/>\n<meta property=\"article:modified_time\" content=\"2018-09-20T10:32:18+00:00\" \/>\n<meta property=\"og:image\" content=\"https:\/\/alps2riviera.it\/wp-content\/uploads\/2018\/06\/bagna-cauda-150x150.jpg\" \/>\n<meta name=\"twitter:label1\" content=\"Gesch\u00e4tzte Lesezeit\" \/>\n\t<meta name=\"twitter:data1\" content=\"2 Minuten\" \/>\n<script type=\"application\/ld+json\" class=\"yoast-schema-graph\">{\"@context\":\"https:\/\/schema.org\",\"@graph\":[{\"@type\":\"WebPage\",\"@id\":\"https:\/\/alps2riviera.it\/de\/alps2riviera-tour\/etappe-4\/\",\"url\":\"https:\/\/alps2riviera.it\/de\/alps2riviera-tour\/etappe-4\/\",\"name\":\"Etappe 4 Alps2Riviera - ALPS 2 RIVIERA Randonn\u00e9e ciclistica\",\"isPartOf\":{\"@id\":\"https:\/\/alps2riviera.it\/#website\"},\"datePublished\":\"2018-08-13T15:58:24+00:00\",\"dateModified\":\"2018-09-20T10:32:18+00:00\",\"description\":\"Eine k\u00fcrzere Etappe als die vorherige, mit einem gr\u00f6\u00dferen H\u00f6henunterschied, aber mit vergn\u00fcglichen H\u00f6hen und Tiefen, Online anmeldung! Jetzt registrieren\",\"breadcrumb\":{\"@id\":\"https:\/\/alps2riviera.it\/de\/alps2riviera-tour\/etappe-4\/#breadcrumb\"},\"inLanguage\":\"de-DE\",\"potentialAction\":[{\"@type\":\"ReadAction\",\"target\":[\"https:\/\/alps2riviera.it\/de\/alps2riviera-tour\/etappe-4\/\"]}]},{\"@type\":\"BreadcrumbList\",\"@id\":\"https:\/\/alps2riviera.it\/de\/alps2riviera-tour\/etappe-4\/#breadcrumb\",\"itemListElement\":[{\"@type\":\"ListItem\",\"position\":1,\"name\":\"Home\",\"item\":\"https:\/\/alps2riviera.it\/de\/\"},{\"@type\":\"ListItem\",\"position\":2,\"name\":\"Alps2Riviera Randonn\u00e9e\",\"item\":\"https:\/\/alps2riviera.it\/de\/alps2riviera-tour\/\"},{\"@type\":\"ListItem\",\"position\":3,\"name\":\"Etappe 4 Alps2Riviera\"}]},{\"@type\":\"WebSite\",\"@id\":\"https:\/\/alps2riviera.it\/#website\",\"url\":\"https:\/\/alps2riviera.it\/\",\"name\":\"ALPS 2 RIVIERA Randonn\u00e9e ciclistica\",\"description\":\"12-19 maggio 2019 | tour ciclistico attraverso Piemonte e Liguria\",\"potentialAction\":[{\"@type\":\"SearchAction\",\"target\":{\"@type\":\"EntryPoint\",\"urlTemplate\":\"https:\/\/alps2riviera.it\/?s={search_term_string}\"},\"query-input\":\"required name=search_term_string\"}],\"inLanguage\":\"de-DE\"}]}<\/script>\n<!-- \/ Yoast SEO plugin. -->","yoast_head_json":{"title":"Etappe 4 Alps2Riviera - ALPS 2 RIVIERA Randonn\u00e9e ciclistica","description":"Eine k\u00fcrzere Etappe als die vorherige, mit einem gr\u00f6\u00dferen H\u00f6henunterschied, aber mit vergn\u00fcglichen H\u00f6hen und Tiefen, Online anmeldung! Jetzt registrieren","robots":{"index":"index","follow":"follow","max-snippet":"max-snippet:-1","max-image-preview":"max-image-preview:large","max-video-preview":"max-video-preview:-1"},"canonical":"https:\/\/alps2riviera.it\/de\/alps2riviera-tour\/etappe-4\/","og_locale":"de_DE","og_type":"article","og_title":"Etappe 4 Alps2Riviera - ALPS 2 RIVIERA Randonn\u00e9e ciclistica","og_description":"Eine k\u00fcrzere Etappe als die vorherige, mit einem gr\u00f6\u00dferen H\u00f6henunterschied, aber mit vergn\u00fcglichen H\u00f6hen und Tiefen, Online anmeldung! Jetzt registrieren","og_url":"https:\/\/alps2riviera.it\/de\/alps2riviera-tour\/etappe-4\/","og_site_name":"ALPS 2 RIVIERA Randonn\u00e9e ciclistica","article_modified_time":"2018-09-20T10:32:18+00:00","og_image":[{"url":"https:\/\/alps2riviera.it\/wp-content\/uploads\/2018\/06\/bagna-cauda-150x150.jpg"}],"twitter_misc":{"Gesch\u00e4tzte Lesezeit":"2 Minuten"},"schema":{"@context":"https:\/\/schema.org","@graph":[{"@type":"WebPage","@id":"https:\/\/alps2riviera.it\/de\/alps2riviera-tour\/etappe-4\/","url":"https:\/\/alps2riviera.it\/de\/alps2riviera-tour\/etappe-4\/","name":"Etappe 4 Alps2Riviera - ALPS 2 RIVIERA Randonn\u00e9e ciclistica","isPartOf":{"@id":"https:\/\/alps2riviera.it\/#website"},"datePublished":"2018-08-13T15:58:24+00:00","dateModified":"2018-09-20T10:32:18+00:00","description":"Eine k\u00fcrzere Etappe als die vorherige, mit einem gr\u00f6\u00dferen H\u00f6henunterschied, aber mit vergn\u00fcglichen H\u00f6hen und Tiefen, Online anmeldung! Jetzt registrieren","breadcrumb":{"@id":"https:\/\/alps2riviera.it\/de\/alps2riviera-tour\/etappe-4\/#breadcrumb"},"inLanguage":"de-DE","potentialAction":[{"@type":"ReadAction","target":["https:\/\/alps2riviera.it\/de\/alps2riviera-tour\/etappe-4\/"]}]},{"@type":"BreadcrumbList","@id":"https:\/\/alps2riviera.it\/de\/alps2riviera-tour\/etappe-4\/#breadcrumb","itemListElement":[{"@type":"ListItem","position":1,"name":"Home","item":"https:\/\/alps2riviera.it\/de\/"},{"@type":"ListItem","position":2,"name":"Alps2Riviera Randonn\u00e9e","item":"https:\/\/alps2riviera.it\/de\/alps2riviera-tour\/"},{"@type":"ListItem","position":3,"name":"Etappe 4 Alps2Riviera"}]},{"@type":"WebSite","@id":"https:\/\/alps2riviera.it\/#website","url":"https:\/\/alps2riviera.it\/","name":"ALPS 2 RIVIERA Randonn\u00e9e ciclistica","description":"12-19 maggio 2019 | tour ciclistico attraverso Piemonte e Liguria","potentialAction":[{"@type":"SearchAction","target":{"@type":"EntryPoint","urlTemplate":"https:\/\/alps2riviera.it\/?s={search_term_string}"},"query-input":"required name=search_term_string"}],"inLanguage":"de-DE"}]}},"_links":{"self":[{"href":"https:\/\/alps2riviera.it\/de\/wp-json\/wp\/v2\/pages\/8961"}],"collection":[{"href":"https:\/\/alps2riviera.it\/de\/wp-json\/wp\/v2\/pages"}],"about":[{"href":"https:\/\/alps2riviera.it\/de\/wp-json\/wp\/v2\/types\/page"}],"author":[{"embeddable":true,"href":"https:\/\/alps2riviera.it\/de\/wp-json\/wp\/v2\/users\/1"}],"replies":[{"embeddable":true,"href":"https:\/\/alps2riviera.it\/de\/wp-json\/wp\/v2\/comments?post=8961"}],"version-history":[{"count":2,"href":"https:\/\/alps2riviera.it\/de\/wp-json\/wp\/v2\/pages\/8961\/revisions"}],"predecessor-version":[{"id":9258,"href":"https:\/\/alps2riviera.it\/de\/wp-json\/wp\/v2\/pages\/8961\/revisions\/9258"}],"up":[{"embeddable":true,"href":"https:\/\/alps2riviera.it\/de\/wp-json\/wp\/v2\/pages\/8944"}],"wp:attachment":[{"href":"https:\/\/alps2riviera.it\/de\/wp-json\/wp\/v2\/media?parent=8961"}],"curies":[{"name":"wp","href":"https:\/\/api.w.org\/{rel}","templated":true}]}}