{"id":8960,"date":"2018-08-13T15:27:32","date_gmt":"2018-08-13T15:27:32","guid":{"rendered":"http:\/\/alps2riviera.it\/alps2riviera-tour\/etappe-3\/"},"modified":"2018-09-20T10:41:00","modified_gmt":"2018-09-20T10:41:00","slug":"etappe-3","status":"publish","type":"page","link":"https:\/\/alps2riviera.it\/de\/alps2riviera-tour\/etappe-3\/","title":{"rendered":"Etappe 3 Alps2Riviera"},"content":{"rendered":"<h3>Casale Monferrato (AL) \u2013 Serravalle Scrivia (AL)<\/h3>\n<h3>Km 137,00<br \/>\nH\u00f6henunterschied: +994 m \u2013 868 m<\/h3>\n\n\t\t<style type=\"text\/css\">\n\t\t\t#gallery-1 {\n\t\t\t\tmargin: auto;\n\t\t\t}\n\t\t\t#gallery-1 .gallery-item {\n\t\t\t\tfloat: left;\n\t\t\t\tmargin-top: 10px;\n\t\t\t\ttext-align: center;\n\t\t\t\twidth: 25%;\n\t\t\t}\n\t\t\t#gallery-1 img {\n\t\t\t\tborder: 2px solid #cfcfcf;\n\t\t\t}\n\t\t\t#gallery-1 .gallery-caption {\n\t\t\t\tmargin-left: 0;\n\t\t\t}\n\t\t\t\/* see gallery_shortcode() in wp-includes\/media.php *\/\n\t\t<\/style>\n\t\t<div id='gallery-1' class='gallery galleryid-8960 gallery-columns-4 gallery-size-thumbnail'><dl class='gallery-item'>\n\t\t\t<dt class='gallery-icon landscape'>\n\t\t\t\t<a onclick=\"javascript:pageTracker._trackPageview('\/outgoing\/alps2riviera.it\/wp-content\/uploads\/2018\/06\/C1-Baraggia.jpg');\"  href='https:\/\/alps2riviera.it\/wp-content\/uploads\/2018\/06\/C1-Baraggia.jpg'><img width=\"150\" height=\"150\" src=\"https:\/\/alps2riviera.it\/wp-content\/uploads\/2018\/06\/C1-Baraggia-150x150.jpg\" class=\"attachment-thumbnail size-thumbnail\" alt=\"\" decoding=\"async\" loading=\"lazy\" \/><\/a>\n\t\t\t<\/dt><\/dl><dl class='gallery-item'>\n\t\t\t<dt class='gallery-icon landscape'>\n\t\t\t\t<a onclick=\"javascript:pageTracker._trackPageview('\/outgoing\/alps2riviera.it\/wp-content\/uploads\/2018\/06\/Il-Castello-di-Sannazzaro-a-Giarole_bootstrap_res_photo.jpg');\"  href='https:\/\/alps2riviera.it\/wp-content\/uploads\/2018\/06\/Il-Castello-di-Sannazzaro-a-Giarole_bootstrap_res_photo.jpg'><img width=\"150\" height=\"150\" src=\"https:\/\/alps2riviera.it\/wp-content\/uploads\/2018\/06\/Il-Castello-di-Sannazzaro-a-Giarole_bootstrap_res_photo-150x150.jpg\" class=\"attachment-thumbnail size-thumbnail\" alt=\"\" decoding=\"async\" loading=\"lazy\" \/><\/a>\n\t\t\t<\/dt><\/dl><dl class='gallery-item'>\n\t\t\t<dt class='gallery-icon landscape'>\n\t\t\t\t<a onclick=\"javascript:pageTracker._trackPageview('\/outgoing\/alps2riviera.it\/wp-content\/uploads\/2018\/06\/La-ciclabile-attrezzata_bootstrap_res_photo.jpg');\"  href='https:\/\/alps2riviera.it\/wp-content\/uploads\/2018\/06\/La-ciclabile-attrezzata_bootstrap_res_photo.jpg'><img width=\"150\" height=\"150\" src=\"https:\/\/alps2riviera.it\/wp-content\/uploads\/2018\/06\/La-ciclabile-attrezzata_bootstrap_res_photo-150x150.jpg\" class=\"attachment-thumbnail size-thumbnail\" alt=\"\" decoding=\"async\" loading=\"lazy\" \/><\/a>\n\t\t\t<\/dt><\/dl><dl class='gallery-item'>\n\t\t\t<dt class='gallery-icon landscape'>\n\t\t\t\t<a onclick=\"javascript:pageTracker._trackPageview('\/outgoing\/alps2riviera.it\/wp-content\/uploads\/2018\/06\/Le-cascine-fortificate-della-zona_bootstrap_res_photo.jpg');\"  href='https:\/\/alps2riviera.it\/wp-content\/uploads\/2018\/06\/Le-cascine-fortificate-della-zona_bootstrap_res_photo.jpg'><img width=\"150\" height=\"150\" src=\"https:\/\/alps2riviera.it\/wp-content\/uploads\/2018\/06\/Le-cascine-fortificate-della-zona_bootstrap_res_photo-150x150.jpg\" class=\"attachment-thumbnail size-thumbnail\" alt=\"\" decoding=\"async\" loading=\"lazy\" \/><\/a>\n\t\t\t<\/dt><\/dl><br style=\"clear: both\" \/><dl class='gallery-item'>\n\t\t\t<dt class='gallery-icon landscape'>\n\t\t\t\t<a onclick=\"javascript:pageTracker._trackPageview('\/outgoing\/alps2riviera.it\/wp-content\/uploads\/2018\/06\/Museo-dei-Campionissimi-Novi-Ligure-1.jpg');\"  href='https:\/\/alps2riviera.it\/wp-content\/uploads\/2018\/06\/Museo-dei-Campionissimi-Novi-Ligure-1.jpg'><img width=\"150\" height=\"150\" src=\"https:\/\/alps2riviera.it\/wp-content\/uploads\/2018\/06\/Museo-dei-Campionissimi-Novi-Ligure-1-150x150.jpg\" class=\"attachment-thumbnail size-thumbnail\" alt=\"\" decoding=\"async\" loading=\"lazy\" \/><\/a>\n\t\t\t<\/dt><\/dl><dl class='gallery-item'>\n\t\t\t<dt class='gallery-icon landscape'>\n\t\t\t\t<a onclick=\"javascript:pageTracker._trackPageview('\/outgoing\/alps2riviera.it\/wp-content\/uploads\/2018\/06\/Museo-dei-Campionissimi-Novi-Ligure-2.jpg');\"  href='https:\/\/alps2riviera.it\/wp-content\/uploads\/2018\/06\/Museo-dei-Campionissimi-Novi-Ligure-2.jpg'><img width=\"150\" height=\"150\" src=\"https:\/\/alps2riviera.it\/wp-content\/uploads\/2018\/06\/Museo-dei-Campionissimi-Novi-Ligure-2-150x150.jpg\" class=\"attachment-thumbnail size-thumbnail\" alt=\"\" decoding=\"async\" loading=\"lazy\" \/><\/a>\n\t\t\t<\/dt><\/dl><dl class='gallery-item'>\n\t\t\t<dt class='gallery-icon landscape'>\n\t\t\t\t<a onclick=\"javascript:pageTracker._trackPageview('\/outgoing\/alps2riviera.it\/wp-content\/uploads\/2018\/06\/Museo-dei-Campionissimi-Novi-Ligure.jpg');\"  href='https:\/\/alps2riviera.it\/wp-content\/uploads\/2018\/06\/Museo-dei-Campionissimi-Novi-Ligure.jpg'><img width=\"150\" height=\"150\" src=\"https:\/\/alps2riviera.it\/wp-content\/uploads\/2018\/06\/Museo-dei-Campionissimi-Novi-Ligure-150x150.jpg\" class=\"attachment-thumbnail size-thumbnail\" alt=\"\" decoding=\"async\" loading=\"lazy\" \/><\/a>\n\t\t\t<\/dt><\/dl>\n\t\t\t<br style='clear: both' \/>\n\t\t<\/div>\n\n<p>Die l\u00e4ngste Etappe der Alps2Riviera, aber vielleicht auch die emotionalste und unvergesslichste f\u00fcr Radsportfans: die Ankunft in Castellania, dem Geburtsort der Great Airone, dem gro\u00dfartigen und unvergesslichen Champion des italienischen und internationalen Radsports Fausto Coppi!<\/p>\n<p>Wir verlassen Casale und durchqueren die D\u00f6rfer Pomaro Monferrato (Schloss aus dem 12. Jahrhundert), Castello di Sannazzaro, Giarole. Die Route beginnt in Richtung San Salvatore Monferrato, wo wir den historischen Turm erklimmen k\u00f6nnen. Von hier aus f\u00fchrt uns ein angenehmer Abstieg zur\u00fcck in die Ebenen, um nach Alessandria zu gelangen. Besichtigung der Citadella, eines der gr\u00f6\u00dften Beispiele milit\u00e4rischer Architektur des 18. Jahrhunderts, eines der wenigen noch existierenden und am besten erhaltenen in Europa.<\/p>\n<p>Von Alessandria aus, vorbei an Marengo (Schlacht zwischen Napoleon und der \u00f6sterreichischen Armee) und Castelceriolo, geht es 4 km entlang der B\u00f6schung bis nach Piovera, gekennzeichnet durch eine massive Festung.<br \/>\nZwischen Alluvioni Cambi\u00f2 und Sale fahren wir auf dem sch\u00f6nen, von B\u00e4umen umgebenen Fahrradweg. Nach Castelnuovo Scrivia (Burg mit einem zinnenf\u00f6rmigen Turm von 39 m H\u00f6he) f\u00fchrt die Route \u00fcber Landstra\u00dfen nach Viguzzolo und dann nach Tortona.<\/p>\n<p>Wir durchqueren das Zentrum von Tortona und Villaromagnano auf dem Radweg zur Costa Vescovato und genie\u00dfen die sch\u00f6ne Landschaft, ohne uns um den Verkehr k\u00fcmmern zu m\u00fcssen.<br \/>\nVon hier aus beginnen die Hinweistafeln, die uns nach Castellania f\u00fchren, dem Geburtsort von Fausto und Serse Coppi. Ein Besuch in seinem Haus lohnt sich, dessen R\u00e4ume zu einem Museum f\u00fcr den Gro\u00dfen Reiher umgebaut wurden. Dann fahren wir hinunter nach Novi Ligure. In Novi erwartet uns das Museo dei Campionissimi zu einem sehr interessanten Besuch der Geschichte des italienischen Heldenradsports in Coppo, Bartali, Girardengo. Dann erreichen wir Serravalle Scrivia f\u00fcr Abendessen und \u00dcbernachtung.<\/p>\n<div style=\"position: relative; padding-bottom: 75%; height: 0; overflow: hidden;\"><iframe style=\"border: 0; position: absolute; top: 0; left: 0; width: 100%; height: 100%;\" src=\"https:\/\/www.openrunner.com\/route\/8549208\/embed\/fr\/5a397073584f456c3750454f794f6b46434677634a3734476e317a775a7248534f56795061564b574a416b3d3a3aa1d89ab7f7404791173b832f1f233e81\" frameborder=\"0\" scrolling=\"no\" allowfullscreen=\"allowfullscreen\"><span style=\"display: inline-block; width: 0px; overflow: hidden; line-height: 0;\" data-mce-type=\"bookmark\" class=\"mce_SELRES_start\">\ufeff<\/span><\/iframe><\/div>\n","protected":false},"excerpt":{"rendered":"<p>Casale Monferrato (AL) \u2013 Serravalle Scrivia (AL) Km 137,00 H\u00f6henunterschied: +994 m \u2013 868 m Die l\u00e4ngste Etappe der Alps2Riviera, aber vielleicht auch die emotionalste und unvergesslichste f\u00fcr Radsportfans: die Ankunft in Castellania, dem Geburtsort der Great Airone, dem gro\u00dfartigen und unvergesslichen Champion des italienischen und internationalen Radsports Fausto Coppi! Wir verlassen Casale und durchqueren [&hellip;]<\/p>\n","protected":false},"author":1,"featured_media":0,"parent":8944,"menu_order":0,"comment_status":"closed","ping_status":"closed","template":"","meta":[],"yoast_head":"<!-- This site is optimized with the Yoast SEO plugin v20.13 - https:\/\/yoast.com\/wordpress\/plugins\/seo\/ -->\n<title>Etappe 3 Alps2Riviera - ALPS 2 RIVIERA Randonn\u00e9e ciclistica<\/title>\n<meta name=\"description\" content=\"Die l\u00e4ngste Etappe der Alps2Riviera, aber vielleicht auch die emotionalste und unvergesslichste f\u00fcr Radsportfans...Fausto Coppi geburtsort\" \/>\n<meta name=\"robots\" content=\"index, follow, max-snippet:-1, max-image-preview:large, max-video-preview:-1\" \/>\n<link rel=\"canonical\" href=\"https:\/\/alps2riviera.it\/de\/alps2riviera-tour\/etappe-3\/\" \/>\n<meta property=\"og:locale\" content=\"de_DE\" \/>\n<meta property=\"og:type\" content=\"article\" \/>\n<meta property=\"og:title\" content=\"Etappe 3 Alps2Riviera - ALPS 2 RIVIERA Randonn\u00e9e ciclistica\" \/>\n<meta property=\"og:description\" content=\"Die l\u00e4ngste Etappe der Alps2Riviera, aber vielleicht auch die emotionalste und unvergesslichste f\u00fcr Radsportfans...Fausto Coppi geburtsort\" \/>\n<meta property=\"og:url\" content=\"https:\/\/alps2riviera.it\/de\/alps2riviera-tour\/etappe-3\/\" \/>\n<meta property=\"og:site_name\" content=\"ALPS 2 RIVIERA Randonn\u00e9e ciclistica\" \/>\n<meta property=\"article:modified_time\" content=\"2018-09-20T10:41:00+00:00\" \/>\n<meta property=\"og:image\" content=\"https:\/\/alps2riviera.it\/wp-content\/uploads\/2018\/06\/C1-Baraggia-150x150.jpg\" \/>\n<meta name=\"twitter:label1\" content=\"Gesch\u00e4tzte Lesezeit\" \/>\n\t<meta name=\"twitter:data1\" content=\"2 Minuten\" \/>\n<script type=\"application\/ld+json\" class=\"yoast-schema-graph\">{\"@context\":\"https:\/\/schema.org\",\"@graph\":[{\"@type\":\"WebPage\",\"@id\":\"https:\/\/alps2riviera.it\/de\/alps2riviera-tour\/etappe-3\/\",\"url\":\"https:\/\/alps2riviera.it\/de\/alps2riviera-tour\/etappe-3\/\",\"name\":\"Etappe 3 Alps2Riviera - ALPS 2 RIVIERA Randonn\u00e9e ciclistica\",\"isPartOf\":{\"@id\":\"https:\/\/alps2riviera.it\/#website\"},\"datePublished\":\"2018-08-13T15:27:32+00:00\",\"dateModified\":\"2018-09-20T10:41:00+00:00\",\"description\":\"Die l\u00e4ngste Etappe der Alps2Riviera, aber vielleicht auch die emotionalste und unvergesslichste f\u00fcr Radsportfans...Fausto Coppi geburtsort\",\"breadcrumb\":{\"@id\":\"https:\/\/alps2riviera.it\/de\/alps2riviera-tour\/etappe-3\/#breadcrumb\"},\"inLanguage\":\"de-DE\",\"potentialAction\":[{\"@type\":\"ReadAction\",\"target\":[\"https:\/\/alps2riviera.it\/de\/alps2riviera-tour\/etappe-3\/\"]}]},{\"@type\":\"BreadcrumbList\",\"@id\":\"https:\/\/alps2riviera.it\/de\/alps2riviera-tour\/etappe-3\/#breadcrumb\",\"itemListElement\":[{\"@type\":\"ListItem\",\"position\":1,\"name\":\"Home\",\"item\":\"https:\/\/alps2riviera.it\/de\/\"},{\"@type\":\"ListItem\",\"position\":2,\"name\":\"Alps2Riviera Randonn\u00e9e\",\"item\":\"https:\/\/alps2riviera.it\/de\/alps2riviera-tour\/\"},{\"@type\":\"ListItem\",\"position\":3,\"name\":\"Etappe 3 Alps2Riviera\"}]},{\"@type\":\"WebSite\",\"@id\":\"https:\/\/alps2riviera.it\/#website\",\"url\":\"https:\/\/alps2riviera.it\/\",\"name\":\"ALPS 2 RIVIERA Randonn\u00e9e ciclistica\",\"description\":\"12-19 maggio 2019 | tour ciclistico attraverso Piemonte e Liguria\",\"potentialAction\":[{\"@type\":\"SearchAction\",\"target\":{\"@type\":\"EntryPoint\",\"urlTemplate\":\"https:\/\/alps2riviera.it\/?s={search_term_string}\"},\"query-input\":\"required name=search_term_string\"}],\"inLanguage\":\"de-DE\"}]}<\/script>\n<!-- \/ Yoast SEO plugin. -->","yoast_head_json":{"title":"Etappe 3 Alps2Riviera - ALPS 2 RIVIERA Randonn\u00e9e ciclistica","description":"Die l\u00e4ngste Etappe der Alps2Riviera, aber vielleicht auch die emotionalste und unvergesslichste f\u00fcr Radsportfans...Fausto Coppi geburtsort","robots":{"index":"index","follow":"follow","max-snippet":"max-snippet:-1","max-image-preview":"max-image-preview:large","max-video-preview":"max-video-preview:-1"},"canonical":"https:\/\/alps2riviera.it\/de\/alps2riviera-tour\/etappe-3\/","og_locale":"de_DE","og_type":"article","og_title":"Etappe 3 Alps2Riviera - ALPS 2 RIVIERA Randonn\u00e9e ciclistica","og_description":"Die l\u00e4ngste Etappe der Alps2Riviera, aber vielleicht auch die emotionalste und unvergesslichste f\u00fcr Radsportfans...Fausto Coppi geburtsort","og_url":"https:\/\/alps2riviera.it\/de\/alps2riviera-tour\/etappe-3\/","og_site_name":"ALPS 2 RIVIERA Randonn\u00e9e ciclistica","article_modified_time":"2018-09-20T10:41:00+00:00","og_image":[{"url":"https:\/\/alps2riviera.it\/wp-content\/uploads\/2018\/06\/C1-Baraggia-150x150.jpg"}],"twitter_misc":{"Gesch\u00e4tzte Lesezeit":"2 Minuten"},"schema":{"@context":"https:\/\/schema.org","@graph":[{"@type":"WebPage","@id":"https:\/\/alps2riviera.it\/de\/alps2riviera-tour\/etappe-3\/","url":"https:\/\/alps2riviera.it\/de\/alps2riviera-tour\/etappe-3\/","name":"Etappe 3 Alps2Riviera - ALPS 2 RIVIERA Randonn\u00e9e ciclistica","isPartOf":{"@id":"https:\/\/alps2riviera.it\/#website"},"datePublished":"2018-08-13T15:27:32+00:00","dateModified":"2018-09-20T10:41:00+00:00","description":"Die l\u00e4ngste Etappe der Alps2Riviera, aber vielleicht auch die emotionalste und unvergesslichste f\u00fcr Radsportfans...Fausto Coppi geburtsort","breadcrumb":{"@id":"https:\/\/alps2riviera.it\/de\/alps2riviera-tour\/etappe-3\/#breadcrumb"},"inLanguage":"de-DE","potentialAction":[{"@type":"ReadAction","target":["https:\/\/alps2riviera.it\/de\/alps2riviera-tour\/etappe-3\/"]}]},{"@type":"BreadcrumbList","@id":"https:\/\/alps2riviera.it\/de\/alps2riviera-tour\/etappe-3\/#breadcrumb","itemListElement":[{"@type":"ListItem","position":1,"name":"Home","item":"https:\/\/alps2riviera.it\/de\/"},{"@type":"ListItem","position":2,"name":"Alps2Riviera Randonn\u00e9e","item":"https:\/\/alps2riviera.it\/de\/alps2riviera-tour\/"},{"@type":"ListItem","position":3,"name":"Etappe 3 Alps2Riviera"}]},{"@type":"WebSite","@id":"https:\/\/alps2riviera.it\/#website","url":"https:\/\/alps2riviera.it\/","name":"ALPS 2 RIVIERA Randonn\u00e9e ciclistica","description":"12-19 maggio 2019 | tour ciclistico attraverso Piemonte e Liguria","potentialAction":[{"@type":"SearchAction","target":{"@type":"EntryPoint","urlTemplate":"https:\/\/alps2riviera.it\/?s={search_term_string}"},"query-input":"required name=search_term_string"}],"inLanguage":"de-DE"}]}},"_links":{"self":[{"href":"https:\/\/alps2riviera.it\/de\/wp-json\/wp\/v2\/pages\/8960"}],"collection":[{"href":"https:\/\/alps2riviera.it\/de\/wp-json\/wp\/v2\/pages"}],"about":[{"href":"https:\/\/alps2riviera.it\/de\/wp-json\/wp\/v2\/types\/page"}],"author":[{"embeddable":true,"href":"https:\/\/alps2riviera.it\/de\/wp-json\/wp\/v2\/users\/1"}],"replies":[{"embeddable":true,"href":"https:\/\/alps2riviera.it\/de\/wp-json\/wp\/v2\/comments?post=8960"}],"version-history":[{"count":1,"href":"https:\/\/alps2riviera.it\/de\/wp-json\/wp\/v2\/pages\/8960\/revisions"}],"predecessor-version":[{"id":9263,"href":"https:\/\/alps2riviera.it\/de\/wp-json\/wp\/v2\/pages\/8960\/revisions\/9263"}],"up":[{"embeddable":true,"href":"https:\/\/alps2riviera.it\/de\/wp-json\/wp\/v2\/pages\/8944"}],"wp:attachment":[{"href":"https:\/\/alps2riviera.it\/de\/wp-json\/wp\/v2\/media?parent=8960"}],"curies":[{"name":"wp","href":"https:\/\/api.w.org\/{rel}","templated":true}]}}