{"id":8947,"date":"2018-08-11T13:36:33","date_gmt":"2018-08-11T13:36:33","guid":{"rendered":"http:\/\/alps2riviera.it\/alps2riviera-tour\/etappe-2\/"},"modified":"2018-09-20T10:31:14","modified_gmt":"2018-09-20T10:31:14","slug":"etappe-2","status":"publish","type":"page","link":"https:\/\/alps2riviera.it\/de\/alps2riviera-tour\/etappe-2\/","title":{"rendered":"Etappe 2 Alps2Riviera"},"content":{"rendered":"<h2>Die zweite Etappe der Alps2Riviera Randonn\u00e9e findet von Sandigliano nach Casale Monferrato statt.<\/h2>\n<h3>Sandigliano (BI) \u2013 Casale Monferrato (AL)<\/h3>\n<h3>Km 110,00<\/h3>\n<h3>H\u00f6henunterschied: +680 m &#8211; 880 m<\/h3>\n\n\t\t<style type=\"text\/css\">\n\t\t\t#gallery-1 {\n\t\t\t\tmargin: auto;\n\t\t\t}\n\t\t\t#gallery-1 .gallery-item {\n\t\t\t\tfloat: left;\n\t\t\t\tmargin-top: 10px;\n\t\t\t\ttext-align: center;\n\t\t\t\twidth: 25%;\n\t\t\t}\n\t\t\t#gallery-1 img {\n\t\t\t\tborder: 2px solid #cfcfcf;\n\t\t\t}\n\t\t\t#gallery-1 .gallery-caption {\n\t\t\t\tmargin-left: 0;\n\t\t\t}\n\t\t\t\/* see gallery_shortcode() in wp-includes\/media.php *\/\n\t\t<\/style>\n\t\t<div id='gallery-1' class='gallery galleryid-8947 gallery-columns-4 gallery-size-thumbnail'><dl class='gallery-item'>\n\t\t\t<dt class='gallery-icon landscape'>\n\t\t\t\t<a onclick=\"javascript:pageTracker._trackPageview('\/outgoing\/alps2riviera.it\/wp-content\/uploads\/2018\/06\/12BBF-rando_0071.jpg');\"  href='https:\/\/alps2riviera.it\/wp-content\/uploads\/2018\/06\/12BBF-rando_0071.jpg'><img width=\"150\" height=\"150\" src=\"https:\/\/alps2riviera.it\/wp-content\/uploads\/2018\/06\/12BBF-rando_0071-150x150.jpg\" class=\"attachment-thumbnail size-thumbnail\" alt=\"\" decoding=\"async\" loading=\"lazy\" \/><\/a>\n\t\t\t<\/dt><\/dl><dl class='gallery-item'>\n\t\t\t<dt class='gallery-icon landscape'>\n\t\t\t\t<a onclick=\"javascript:pageTracker._trackPageview('\/outgoing\/alps2riviera.it\/wp-content\/uploads\/2018\/06\/3745177173_73fb343cc7.jpg');\"  href='https:\/\/alps2riviera.it\/wp-content\/uploads\/2018\/06\/3745177173_73fb343cc7.jpg'><img width=\"150\" height=\"150\" src=\"https:\/\/alps2riviera.it\/wp-content\/uploads\/2018\/06\/3745177173_73fb343cc7-150x150.jpg\" class=\"attachment-thumbnail size-thumbnail\" alt=\"\" decoding=\"async\" loading=\"lazy\" \/><\/a>\n\t\t\t<\/dt><\/dl><dl class='gallery-item'>\n\t\t\t<dt class='gallery-icon landscape'>\n\t\t\t\t<a onclick=\"javascript:pageTracker._trackPageview('\/outgoing\/alps2riviera.it\/wp-content\/uploads\/2018\/06\/arriviamo-alla-laguna_bootstrap_res_photo.jpg');\"  href='https:\/\/alps2riviera.it\/wp-content\/uploads\/2018\/06\/arriviamo-alla-laguna_bootstrap_res_photo.jpg'><img width=\"150\" height=\"150\" src=\"https:\/\/alps2riviera.it\/wp-content\/uploads\/2018\/06\/arriviamo-alla-laguna_bootstrap_res_photo-150x150.jpg\" class=\"attachment-thumbnail size-thumbnail\" alt=\"\" decoding=\"async\" loading=\"lazy\" \/><\/a>\n\t\t\t<\/dt><\/dl><dl class='gallery-item'>\n\t\t\t<dt class='gallery-icon landscape'>\n\t\t\t\t<a onclick=\"javascript:pageTracker._trackPageview('\/outgoing\/alps2riviera.it\/wp-content\/uploads\/2018\/06\/Baraggia1.jpg');\"  href='https:\/\/alps2riviera.it\/wp-content\/uploads\/2018\/06\/Baraggia1.jpg'><img width=\"150\" height=\"150\" src=\"https:\/\/alps2riviera.it\/wp-content\/uploads\/2018\/06\/Baraggia1-150x150.jpg\" class=\"attachment-thumbnail size-thumbnail\" alt=\"\" decoding=\"async\" loading=\"lazy\" \/><\/a>\n\t\t\t<\/dt><\/dl><br style=\"clear: both\" \/><dl class='gallery-item'>\n\t\t\t<dt class='gallery-icon landscape'>\n\t\t\t\t<a onclick=\"javascript:pageTracker._trackPageview('\/outgoing\/alps2riviera.it\/wp-content\/uploads\/2018\/06\/LAbbazia-di-SantAndraa-Vercelli_bootstrap_res_photo.jpg');\"  href='https:\/\/alps2riviera.it\/wp-content\/uploads\/2018\/06\/LAbbazia-di-SantAndraa-Vercelli_bootstrap_res_photo.jpg'><img width=\"150\" height=\"150\" src=\"https:\/\/alps2riviera.it\/wp-content\/uploads\/2018\/06\/LAbbazia-di-SantAndraa-Vercelli_bootstrap_res_photo-150x150.jpg\" class=\"attachment-thumbnail size-thumbnail\" alt=\"\" decoding=\"async\" loading=\"lazy\" \/><\/a>\n\t\t\t<\/dt><\/dl><dl class='gallery-item'>\n\t\t\t<dt class='gallery-icon landscape'>\n\t\t\t\t<a onclick=\"javascript:pageTracker._trackPageview('\/outgoing\/alps2riviera.it\/wp-content\/uploads\/2018\/06\/Lago-Viverone.jpg');\"  href='https:\/\/alps2riviera.it\/wp-content\/uploads\/2018\/06\/Lago-Viverone.jpg'><img width=\"150\" height=\"150\" src=\"https:\/\/alps2riviera.it\/wp-content\/uploads\/2018\/06\/Lago-Viverone-150x150.jpg\" class=\"attachment-thumbnail size-thumbnail\" alt=\"\" decoding=\"async\" loading=\"lazy\" \/><\/a>\n\t\t\t<\/dt><\/dl><dl class='gallery-item'>\n\t\t\t<dt class='gallery-icon landscape'>\n\t\t\t\t<a onclick=\"javascript:pageTracker._trackPageview('\/outgoing\/alps2riviera.it\/wp-content\/uploads\/2018\/06\/lago-di-viverone-sullo-sfondo.jpg');\"  href='https:\/\/alps2riviera.it\/wp-content\/uploads\/2018\/06\/lago-di-viverone-sullo-sfondo.jpg'><img width=\"150\" height=\"150\" src=\"https:\/\/alps2riviera.it\/wp-content\/uploads\/2018\/06\/lago-di-viverone-sullo-sfondo-150x150.jpg\" class=\"attachment-thumbnail size-thumbnail\" alt=\"\" decoding=\"async\" loading=\"lazy\" \/><\/a>\n\t\t\t<\/dt><\/dl><dl class='gallery-item'>\n\t\t\t<dt class='gallery-icon landscape'>\n\t\t\t\t<a onclick=\"javascript:pageTracker._trackPageview('\/outgoing\/alps2riviera.it\/wp-content\/uploads\/2018\/06\/Risaie1.jpg');\"  href='https:\/\/alps2riviera.it\/wp-content\/uploads\/2018\/06\/Risaie1.jpg'><img width=\"150\" height=\"150\" src=\"https:\/\/alps2riviera.it\/wp-content\/uploads\/2018\/06\/Risaie1-150x150.jpg\" class=\"attachment-thumbnail size-thumbnail\" alt=\"\" decoding=\"async\" loading=\"lazy\" \/><\/a>\n\t\t\t<\/dt><\/dl><br style=\"clear: both\" \/><dl class='gallery-item'>\n\t\t\t<dt class='gallery-icon landscape'>\n\t\t\t\t<a onclick=\"javascript:pageTracker._trackPageview('\/outgoing\/alps2riviera.it\/wp-content\/uploads\/2018\/06\/storia-biellese.jpg');\"  href='https:\/\/alps2riviera.it\/wp-content\/uploads\/2018\/06\/storia-biellese.jpg'><img width=\"150\" height=\"150\" src=\"https:\/\/alps2riviera.it\/wp-content\/uploads\/2018\/06\/storia-biellese-150x150.jpg\" class=\"attachment-thumbnail size-thumbnail\" alt=\"\" decoding=\"async\" loading=\"lazy\" \/><\/a>\n\t\t\t<\/dt><\/dl><dl class='gallery-item'>\n\t\t\t<dt class='gallery-icon landscape'>\n\t\t\t\t<a onclick=\"javascript:pageTracker._trackPageview('\/outgoing\/alps2riviera.it\/wp-content\/uploads\/2018\/06\/Vediamo-castelli-ovunque-oramai..._bootstrap_res_photo.jpg');\"  href='https:\/\/alps2riviera.it\/wp-content\/uploads\/2018\/06\/Vediamo-castelli-ovunque-oramai..._bootstrap_res_photo.jpg'><img width=\"150\" height=\"150\" src=\"https:\/\/alps2riviera.it\/wp-content\/uploads\/2018\/06\/Vediamo-castelli-ovunque-oramai..._bootstrap_res_photo-150x150.jpg\" class=\"attachment-thumbnail size-thumbnail\" alt=\"\" decoding=\"async\" loading=\"lazy\" \/><\/a>\n\t\t\t<\/dt><\/dl>\n\t\t\t<br style='clear: both' \/>\n\t\t<\/div>\n\n<p>Nach dem Verlassen der Berge von Biella werden wir die ersten 30 km der zweiten Etappe die H\u00fcgel s\u00fcdlich von Biella \u00fcberqueren, um eine einfache und angenehme Route durch Borriana, Mongrando und bei Kilometer 8 links nach Vermogno zu fahren, wo die lokalen Goldw\u00e4scher-Vereinigungen und der Sitz von zwei Goldforschungs-Weltmeisterschaften sind.<\/p>\n<p>Wir befinden uns neben dem Naturpark Bessa, einem alten Tagebau aus der R\u00f6merzeit. Dann n\u00e4hern wir uns Salussola und biegen rechts ab in Richtung Frazione Prelle. Die Stra\u00dfe, v\u00f6llig verkehrsfrei, \u00fcberquert die Serra, den l\u00e4ngsten Mor\u00e4nenh\u00fcgel Europas und erreicht Zimone, auf dem Gipfel der Serra, von wo aus Sie einen herrlichen Blick auf den Viveronesee zu Ihren F\u00fc\u00dfen genie\u00dfen k\u00f6nnen.<\/p>\n<p>Wir fahren zum See hinunter, passieren das Schloss von Roppolo und von hier aus wird die Etappe v\u00f6llig flach bis zum Ziel. Dann \u00fcberqueren wir die Biella-Ebene bis nach Cavagli\u00e0 und \u00fcber die Autobahn A4 erreichen wir Santhi\u00e0, San Germano Canavese und kommen in Vercelli an, wo wir auf einen Teil des Francigena-Radweges auffahren. Wir durchqueren das so genannte &#8222;Quadratische Meer&#8220;, da die zahlreichen Reisfelder, gef\u00fcllt mit Wasser, das Gebiet in so viele quadratische Landschaften verwandeln, die von einem Flugzeug aus gut sichtbar sind und viele Vogelarten beherbergen.<\/p>\n<p>Wir erreichen Vercelli (72 km) und setzen unsere Etappe durch die landwirtschaftlichen D\u00f6rfer Prarolo (Castello), Pezzana, Caresana (Heiligtum der Madonna del Morone), Motta de &#8218;Conti (Ruinen des befestigten Palastes) und Terranova fort. \u00dcber den Po und den Orba River Park erreichen wir Casale zum Check-in und \u00fcbernachten in einem Hotel in der Umgebung.<\/p>\n<div style=\"position: relative; padding-bottom: 75%; height: 0; overflow: hidden;\"><iframe style=\"border: 0; position: absolute; top: 0; left: 0; width: 100%; height: 100%;\" src=\"https:\/\/www.openrunner.com\/route\/8549094\/embed\/fr\/663843544a54594a6b34375975546a484c5331734b535a706f364568756f783049644c2f476374523348773d3a3a238d15c77957e9db0b817107e06e6ab5\" frameborder=\"0\" scrolling=\"no\" allowfullscreen=\"allowfullscreen\"><\/iframe><\/div>\n","protected":false},"excerpt":{"rendered":"<p>Die zweite Etappe der Alps2Riviera Randonn\u00e9e findet von Sandigliano nach Casale Monferrato statt. Sandigliano (BI) \u2013 Casale Monferrato (AL) Km 110,00 H\u00f6henunterschied: +680 m &#8211; 880 m Nach dem Verlassen der Berge von Biella werden wir die ersten 30 km der zweiten Etappe die H\u00fcgel s\u00fcdlich von Biella \u00fcberqueren, um eine einfache und angenehme Route [&hellip;]<\/p>\n","protected":false},"author":1,"featured_media":0,"parent":8944,"menu_order":0,"comment_status":"closed","ping_status":"closed","template":"","meta":[],"yoast_head":"<!-- This site is optimized with the Yoast SEO plugin v20.13 - https:\/\/yoast.com\/wordpress\/plugins\/seo\/ -->\n<title>Etappe 2 Alps2Riviera - ALPS 2 RIVIERA Randonn\u00e9e ciclistica<\/title>\n<meta name=\"description\" content=\"Die zweite Etappe der Alps2Riviera Randonn\u00e9e findet von Sandigliano nach Casale Monferrato statt. Online anmeldung! Jetzt registrieren\" \/>\n<meta name=\"robots\" content=\"index, follow, max-snippet:-1, max-image-preview:large, max-video-preview:-1\" \/>\n<link rel=\"canonical\" href=\"https:\/\/alps2riviera.it\/de\/alps2riviera-tour\/etappe-2\/\" \/>\n<meta property=\"og:locale\" content=\"de_DE\" \/>\n<meta property=\"og:type\" content=\"article\" \/>\n<meta property=\"og:title\" content=\"Etappe 2 Alps2Riviera - ALPS 2 RIVIERA Randonn\u00e9e ciclistica\" \/>\n<meta property=\"og:description\" content=\"Die zweite Etappe der Alps2Riviera Randonn\u00e9e findet von Sandigliano nach Casale Monferrato statt. Online anmeldung! Jetzt registrieren\" \/>\n<meta property=\"og:url\" content=\"https:\/\/alps2riviera.it\/de\/alps2riviera-tour\/etappe-2\/\" \/>\n<meta property=\"og:site_name\" content=\"ALPS 2 RIVIERA Randonn\u00e9e ciclistica\" \/>\n<meta property=\"article:modified_time\" content=\"2018-09-20T10:31:14+00:00\" \/>\n<meta property=\"og:image\" content=\"https:\/\/alps2riviera.it\/wp-content\/uploads\/2018\/06\/12BBF-rando_0071-150x150.jpg\" \/>\n<meta name=\"twitter:label1\" content=\"Gesch\u00e4tzte Lesezeit\" \/>\n\t<meta name=\"twitter:data1\" content=\"1 Minute\" \/>\n<script type=\"application\/ld+json\" class=\"yoast-schema-graph\">{\"@context\":\"https:\/\/schema.org\",\"@graph\":[{\"@type\":\"WebPage\",\"@id\":\"https:\/\/alps2riviera.it\/de\/alps2riviera-tour\/etappe-2\/\",\"url\":\"https:\/\/alps2riviera.it\/de\/alps2riviera-tour\/etappe-2\/\",\"name\":\"Etappe 2 Alps2Riviera - ALPS 2 RIVIERA Randonn\u00e9e ciclistica\",\"isPartOf\":{\"@id\":\"https:\/\/alps2riviera.it\/#website\"},\"datePublished\":\"2018-08-11T13:36:33+00:00\",\"dateModified\":\"2018-09-20T10:31:14+00:00\",\"description\":\"Die zweite Etappe der Alps2Riviera Randonn\u00e9e findet von Sandigliano nach Casale Monferrato statt. Online anmeldung! Jetzt registrieren\",\"breadcrumb\":{\"@id\":\"https:\/\/alps2riviera.it\/de\/alps2riviera-tour\/etappe-2\/#breadcrumb\"},\"inLanguage\":\"de-DE\",\"potentialAction\":[{\"@type\":\"ReadAction\",\"target\":[\"https:\/\/alps2riviera.it\/de\/alps2riviera-tour\/etappe-2\/\"]}]},{\"@type\":\"BreadcrumbList\",\"@id\":\"https:\/\/alps2riviera.it\/de\/alps2riviera-tour\/etappe-2\/#breadcrumb\",\"itemListElement\":[{\"@type\":\"ListItem\",\"position\":1,\"name\":\"Home\",\"item\":\"https:\/\/alps2riviera.it\/de\/\"},{\"@type\":\"ListItem\",\"position\":2,\"name\":\"Alps2Riviera Randonn\u00e9e\",\"item\":\"https:\/\/alps2riviera.it\/de\/alps2riviera-tour\/\"},{\"@type\":\"ListItem\",\"position\":3,\"name\":\"Etappe 2 Alps2Riviera\"}]},{\"@type\":\"WebSite\",\"@id\":\"https:\/\/alps2riviera.it\/#website\",\"url\":\"https:\/\/alps2riviera.it\/\",\"name\":\"ALPS 2 RIVIERA Randonn\u00e9e ciclistica\",\"description\":\"12-19 maggio 2019 | tour ciclistico attraverso Piemonte e Liguria\",\"potentialAction\":[{\"@type\":\"SearchAction\",\"target\":{\"@type\":\"EntryPoint\",\"urlTemplate\":\"https:\/\/alps2riviera.it\/?s={search_term_string}\"},\"query-input\":\"required name=search_term_string\"}],\"inLanguage\":\"de-DE\"}]}<\/script>\n<!-- \/ Yoast SEO plugin. -->","yoast_head_json":{"title":"Etappe 2 Alps2Riviera - ALPS 2 RIVIERA Randonn\u00e9e ciclistica","description":"Die zweite Etappe der Alps2Riviera Randonn\u00e9e findet von Sandigliano nach Casale Monferrato statt. Online anmeldung! Jetzt registrieren","robots":{"index":"index","follow":"follow","max-snippet":"max-snippet:-1","max-image-preview":"max-image-preview:large","max-video-preview":"max-video-preview:-1"},"canonical":"https:\/\/alps2riviera.it\/de\/alps2riviera-tour\/etappe-2\/","og_locale":"de_DE","og_type":"article","og_title":"Etappe 2 Alps2Riviera - ALPS 2 RIVIERA Randonn\u00e9e ciclistica","og_description":"Die zweite Etappe der Alps2Riviera Randonn\u00e9e findet von Sandigliano nach Casale Monferrato statt. Online anmeldung! Jetzt registrieren","og_url":"https:\/\/alps2riviera.it\/de\/alps2riviera-tour\/etappe-2\/","og_site_name":"ALPS 2 RIVIERA Randonn\u00e9e ciclistica","article_modified_time":"2018-09-20T10:31:14+00:00","og_image":[{"url":"https:\/\/alps2riviera.it\/wp-content\/uploads\/2018\/06\/12BBF-rando_0071-150x150.jpg"}],"twitter_misc":{"Gesch\u00e4tzte Lesezeit":"1 Minute"},"schema":{"@context":"https:\/\/schema.org","@graph":[{"@type":"WebPage","@id":"https:\/\/alps2riviera.it\/de\/alps2riviera-tour\/etappe-2\/","url":"https:\/\/alps2riviera.it\/de\/alps2riviera-tour\/etappe-2\/","name":"Etappe 2 Alps2Riviera - ALPS 2 RIVIERA Randonn\u00e9e ciclistica","isPartOf":{"@id":"https:\/\/alps2riviera.it\/#website"},"datePublished":"2018-08-11T13:36:33+00:00","dateModified":"2018-09-20T10:31:14+00:00","description":"Die zweite Etappe der Alps2Riviera Randonn\u00e9e findet von Sandigliano nach Casale Monferrato statt. Online anmeldung! Jetzt registrieren","breadcrumb":{"@id":"https:\/\/alps2riviera.it\/de\/alps2riviera-tour\/etappe-2\/#breadcrumb"},"inLanguage":"de-DE","potentialAction":[{"@type":"ReadAction","target":["https:\/\/alps2riviera.it\/de\/alps2riviera-tour\/etappe-2\/"]}]},{"@type":"BreadcrumbList","@id":"https:\/\/alps2riviera.it\/de\/alps2riviera-tour\/etappe-2\/#breadcrumb","itemListElement":[{"@type":"ListItem","position":1,"name":"Home","item":"https:\/\/alps2riviera.it\/de\/"},{"@type":"ListItem","position":2,"name":"Alps2Riviera Randonn\u00e9e","item":"https:\/\/alps2riviera.it\/de\/alps2riviera-tour\/"},{"@type":"ListItem","position":3,"name":"Etappe 2 Alps2Riviera"}]},{"@type":"WebSite","@id":"https:\/\/alps2riviera.it\/#website","url":"https:\/\/alps2riviera.it\/","name":"ALPS 2 RIVIERA Randonn\u00e9e ciclistica","description":"12-19 maggio 2019 | tour ciclistico attraverso Piemonte e Liguria","potentialAction":[{"@type":"SearchAction","target":{"@type":"EntryPoint","urlTemplate":"https:\/\/alps2riviera.it\/?s={search_term_string}"},"query-input":"required name=search_term_string"}],"inLanguage":"de-DE"}]}},"_links":{"self":[{"href":"https:\/\/alps2riviera.it\/de\/wp-json\/wp\/v2\/pages\/8947"}],"collection":[{"href":"https:\/\/alps2riviera.it\/de\/wp-json\/wp\/v2\/pages"}],"about":[{"href":"https:\/\/alps2riviera.it\/de\/wp-json\/wp\/v2\/types\/page"}],"author":[{"embeddable":true,"href":"https:\/\/alps2riviera.it\/de\/wp-json\/wp\/v2\/users\/1"}],"replies":[{"embeddable":true,"href":"https:\/\/alps2riviera.it\/de\/wp-json\/wp\/v2\/comments?post=8947"}],"version-history":[{"count":1,"href":"https:\/\/alps2riviera.it\/de\/wp-json\/wp\/v2\/pages\/8947\/revisions"}],"predecessor-version":[{"id":9256,"href":"https:\/\/alps2riviera.it\/de\/wp-json\/wp\/v2\/pages\/8947\/revisions\/9256"}],"up":[{"embeddable":true,"href":"https:\/\/alps2riviera.it\/de\/wp-json\/wp\/v2\/pages\/8944"}],"wp:attachment":[{"href":"https:\/\/alps2riviera.it\/de\/wp-json\/wp\/v2\/media?parent=8947"}],"curies":[{"name":"wp","href":"https:\/\/api.w.org\/{rel}","templated":true}]}}