{"id":8946,"date":"2018-06-11T09:43:46","date_gmt":"2018-06-11T09:43:46","guid":{"rendered":"http:\/\/alps2riviera.it\/alps2riviera-tour\/etappe-1\/"},"modified":"2018-09-19T10:37:01","modified_gmt":"2018-09-19T10:37:01","slug":"stage-1","status":"publish","type":"page","link":"https:\/\/alps2riviera.it\/de\/alps2riviera-tour\/stage-1\/","title":{"rendered":"Etappe 1 Alps2Riviera"},"content":{"rendered":"<h2>Die erste Etappe der Alps2Riviera Randonn\u00e9e findet entlang der Biella zwischen Bielmonte und Sandigliano statt.<\/h2>\n<h3>Bielmonte (Oasi Zegna) \u2013 Sandigliano (BI)<br \/>\nKm 82,00<br \/>\nH\u00f6henunterschied: +1250 m &#8211; 2410 m<\/h3>\n\n\t\t<style type=\"text\/css\">\n\t\t\t#gallery-1 {\n\t\t\t\tmargin: auto;\n\t\t\t}\n\t\t\t#gallery-1 .gallery-item {\n\t\t\t\tfloat: left;\n\t\t\t\tmargin-top: 10px;\n\t\t\t\ttext-align: center;\n\t\t\t\twidth: 25%;\n\t\t\t}\n\t\t\t#gallery-1 img {\n\t\t\t\tborder: 2px solid #cfcfcf;\n\t\t\t}\n\t\t\t#gallery-1 .gallery-caption {\n\t\t\t\tmargin-left: 0;\n\t\t\t}\n\t\t\t\/* see gallery_shortcode() in wp-includes\/media.php *\/\n\t\t<\/style>\n\t\t<div id='gallery-1' class='gallery galleryid-8946 gallery-columns-4 gallery-size-thumbnail'><dl class='gallery-item'>\n\t\t\t<dt class='gallery-icon landscape'>\n\t\t\t\t<a onclick=\"javascript:pageTracker._trackPageview('\/outgoing\/alps2riviera.it\/wp-content\/uploads\/2018\/06\/22s.jpg');\"  href='https:\/\/alps2riviera.it\/wp-content\/uploads\/2018\/06\/22s.jpg'><img width=\"150\" height=\"150\" src=\"https:\/\/alps2riviera.it\/wp-content\/uploads\/2018\/06\/22s-150x150.jpg\" class=\"attachment-thumbnail size-thumbnail\" alt=\"\" decoding=\"async\" loading=\"lazy\" \/><\/a>\n\t\t\t<\/dt><\/dl><dl class='gallery-item'>\n\t\t\t<dt class='gallery-icon landscape'>\n\t\t\t\t<a onclick=\"javascript:pageTracker._trackPageview('\/outgoing\/alps2riviera.it\/wp-content\/uploads\/2018\/06\/3330389771_fe37bdaecb.jpg');\"  href='https:\/\/alps2riviera.it\/wp-content\/uploads\/2018\/06\/3330389771_fe37bdaecb.jpg'><img width=\"150\" height=\"150\" src=\"https:\/\/alps2riviera.it\/wp-content\/uploads\/2018\/06\/3330389771_fe37bdaecb-150x150.jpg\" class=\"attachment-thumbnail size-thumbnail\" alt=\"\" decoding=\"async\" loading=\"lazy\" \/><\/a>\n\t\t\t<\/dt><\/dl><dl class='gallery-item'>\n\t\t\t<dt class='gallery-icon landscape'>\n\t\t\t\t<a onclick=\"javascript:pageTracker._trackPageview('\/outgoing\/alps2riviera.it\/wp-content\/uploads\/2018\/06\/alps-2-riviera-tappe-le-dure-rampe-galleria-rosazza-.jpg');\"  href='https:\/\/alps2riviera.it\/wp-content\/uploads\/2018\/06\/alps-2-riviera-tappe-le-dure-rampe-galleria-rosazza-.jpg'><img width=\"150\" height=\"150\" src=\"https:\/\/alps2riviera.it\/wp-content\/uploads\/2018\/06\/alps-2-riviera-tappe-le-dure-rampe-galleria-rosazza--150x150.jpg\" class=\"attachment-thumbnail size-thumbnail\" alt=\"\" decoding=\"async\" loading=\"lazy\" \/><\/a>\n\t\t\t<\/dt><\/dl><dl class='gallery-item'>\n\t\t\t<dt class='gallery-icon landscape'>\n\t\t\t\t<a onclick=\"javascript:pageTracker._trackPageview('\/outgoing\/alps2riviera.it\/wp-content\/uploads\/2018\/06\/Bucaneve-stanze.jpg');\"  href='https:\/\/alps2riviera.it\/wp-content\/uploads\/2018\/06\/Bucaneve-stanze.jpg'><img width=\"150\" height=\"150\" src=\"https:\/\/alps2riviera.it\/wp-content\/uploads\/2018\/06\/Bucaneve-stanze-150x150.jpg\" class=\"attachment-thumbnail size-thumbnail\" alt=\"\" decoding=\"async\" loading=\"lazy\" \/><\/a>\n\t\t\t<\/dt><\/dl><br style=\"clear: both\" \/><dl class='gallery-item'>\n\t\t\t<dt class='gallery-icon landscape'>\n\t\t\t\t<a onclick=\"javascript:pageTracker._trackPageview('\/outgoing\/alps2riviera.it\/wp-content\/uploads\/2018\/06\/CASTELLENGO-Aerea-FL.jpg');\"  href='https:\/\/alps2riviera.it\/wp-content\/uploads\/2018\/06\/CASTELLENGO-Aerea-FL.jpg'><img width=\"150\" height=\"150\" src=\"https:\/\/alps2riviera.it\/wp-content\/uploads\/2018\/06\/CASTELLENGO-Aerea-FL-150x150.jpg\" class=\"attachment-thumbnail size-thumbnail\" alt=\"\" decoding=\"async\" loading=\"lazy\" \/><\/a>\n\t\t\t<\/dt><\/dl><dl class='gallery-item'>\n\t\t\t<dt class='gallery-icon landscape'>\n\t\t\t\t<a onclick=\"javascript:pageTracker._trackPageview('\/outgoing\/alps2riviera.it\/wp-content\/uploads\/2018\/06\/le-dure-rampe-galleria-rosazza.jpg');\"  href='https:\/\/alps2riviera.it\/wp-content\/uploads\/2018\/06\/le-dure-rampe-galleria-rosazza.jpg'><img width=\"150\" height=\"150\" src=\"https:\/\/alps2riviera.it\/wp-content\/uploads\/2018\/06\/le-dure-rampe-galleria-rosazza-150x150.jpg\" class=\"attachment-thumbnail size-thumbnail\" alt=\"\" decoding=\"async\" loading=\"lazy\" \/><\/a>\n\t\t\t<\/dt><\/dl><dl class='gallery-item'>\n\t\t\t<dt class='gallery-icon landscape'>\n\t\t\t\t<a onclick=\"javascript:pageTracker._trackPageview('\/outgoing\/alps2riviera.it\/wp-content\/uploads\/2018\/06\/Oropa-bici1.jpg');\"  href='https:\/\/alps2riviera.it\/wp-content\/uploads\/2018\/06\/Oropa-bici1.jpg'><img width=\"150\" height=\"150\" src=\"https:\/\/alps2riviera.it\/wp-content\/uploads\/2018\/06\/Oropa-bici1-150x150.jpg\" class=\"attachment-thumbnail size-thumbnail\" alt=\"\" decoding=\"async\" loading=\"lazy\" \/><\/a>\n\t\t\t<\/dt><\/dl><dl class='gallery-item'>\n\t\t\t<dt class='gallery-icon portrait'>\n\t\t\t\t<a onclick=\"javascript:pageTracker._trackPageview('\/outgoing\/alps2riviera.it\/wp-content\/uploads\/2018\/06\/POLENTA-concia1-FL-Copia.jpg');\"  href='https:\/\/alps2riviera.it\/wp-content\/uploads\/2018\/06\/POLENTA-concia1-FL-Copia.jpg'><img width=\"150\" height=\"150\" src=\"https:\/\/alps2riviera.it\/wp-content\/uploads\/2018\/06\/POLENTA-concia1-FL-Copia-150x150.jpg\" class=\"attachment-thumbnail size-thumbnail\" alt=\"\" decoding=\"async\" loading=\"lazy\" \/><\/a>\n\t\t\t<\/dt><\/dl><br style=\"clear: both\" \/><dl class='gallery-item'>\n\t\t\t<dt class='gallery-icon landscape'>\n\t\t\t\t<a onclick=\"javascript:pageTracker._trackPageview('\/outgoing\/alps2riviera.it\/wp-content\/uploads\/2018\/06\/rosazza_w.jpg');\"  href='https:\/\/alps2riviera.it\/wp-content\/uploads\/2018\/06\/rosazza_w.jpg'><img width=\"150\" height=\"150\" src=\"https:\/\/alps2riviera.it\/wp-content\/uploads\/2018\/06\/rosazza_w-150x150.jpg\" class=\"attachment-thumbnail size-thumbnail\" alt=\"\" decoding=\"async\" loading=\"lazy\" \/><\/a>\n\t\t\t<\/dt><\/dl>\n\t\t\t<br style='clear: both' \/>\n\t\t<\/div>\n\n<p>&nbsp;<\/p>\n<p>Wir fahren los! Von Bielmonte in Oasi Zegna aus startet die Alps2Riviera vom Hauptplatz aus, mit einem herrlichen Blick auf die Ebenen und die H\u00fcgel des Monferrato im Hintergrund, die wir in den n\u00e4chsten Etappen \u00fcberqueren werden. Der erste Teil verl\u00e4uft bergab (14 km) in Richtung Valle Cervo und dem Dorf Rosazza, dem geheimnisvollsten Dorf in Biella, voller architektonischer Symbole, in Zusammenhang mit faszinierenden Geheimnissen.<\/p>\n<p>Von hier aus f\u00fchrt die Stra\u00dfe auf der gegen\u00fcberliegenden Talseite durch das erste der zahlreichen Heiligt\u00fcmer, denen wir begegnen werden, das Heiligtum von San Giovanni. Schwere Auffahrt (7,8 km \u2013 D + 655 m durchschnittliche Steigung 7,8%), jedoch entsch\u00e4digt der Blick von oben auf das Heiligtum von Oropa, das gr\u00f6\u00dfte Marienheiligtum der Alpen.<\/p>\n<p>Nach einer Kaffeepause oder einer hei\u00dfen Schokolade fahren wir weiter auf der Stra\u00dfe &#8222;Il Tracciolino&#8220;, mit einem fortw\u00e4hrenden, grandiosen Blick auf die Ebene zu unseren F\u00fc\u00dfen. In einer bergigen und wilden Umgebung kommen wir dann in La Bossola an und fahren geradeaus bis zu einer Abzweigung auf der linken Seite, die uns bergab nach Netro f\u00fchrt, wo wir eine weitere wundersch\u00f6ne Panoramastra\u00dfe erreichen, die uns durch h\u00fcbsche D\u00f6rfer nach Graglia, Muzzano und dann bergab nach Biella f\u00fchrt.<\/p>\n<p>Aber bevor wir in der Stadt ankommen, verlassen wir die Hauptstra\u00dfe und fahren links hinauf nach Sordevolo, wo alle 5 Jahre eine ber\u00fchmte Darstellung der Passion Christi stattfindet, anschlie\u00dfend nach Pollone. Durch dieses h\u00fcbsche Dorf erreichen wir den Eingang zum Naturpark Burcina. \u00dcber die H\u00fcgel von Biella fahren wir nach Biella, vorbei an den mittelalterlichen Gassen und den historischen Geb\u00e4uden des Piazzo, dem \u00e4ltesten Teil der Stadt. Die Etappe endet in Sandigliano f\u00fcr eine wohlverdiente Rast in einem Hotel in der Gegend.<\/p>\n<p>&nbsp;<\/p>\n<div style=\"position: relative; padding-bottom: 75%; height: 0; overflow: hidden;\"><iframe style=\"border: 0; position: absolute; top: 0; left: 0; width: 100%; height: 100%;\" src=\"https:\/\/www.openrunner.com\/route\/8547241\/embed\/fr\/6c347048753133695a6330426c3466556e53394c697771786856356c556f4644636b2b7065746d7a384c733d3a3af541183d2f3ed2d675cd95edef9b5690\" frameborder=\"0\" scrolling=\"no\" allowfullscreen=\"allowfullscreen\"><\/iframe><\/div>\n<p>&nbsp;<\/p>\n","protected":false},"excerpt":{"rendered":"<p>Die erste Etappe der Alps2Riviera Randonn\u00e9e findet entlang der Biella zwischen Bielmonte und Sandigliano statt. Bielmonte (Oasi Zegna) \u2013 Sandigliano (BI) Km 82,00 H\u00f6henunterschied: +1250 m &#8211; 2410 m &nbsp; Wir fahren los! Von Bielmonte in Oasi Zegna aus startet die Alps2Riviera vom Hauptplatz aus, mit einem herrlichen Blick auf die Ebenen und die H\u00fcgel [&hellip;]<\/p>\n","protected":false},"author":1,"featured_media":0,"parent":8944,"menu_order":0,"comment_status":"closed","ping_status":"closed","template":"","meta":[],"yoast_head":"<!-- This site is optimized with the Yoast SEO plugin v20.13 - https:\/\/yoast.com\/wordpress\/plugins\/seo\/ -->\n<title>Etappe 1 Alps2Riviera - ALPS 2 RIVIERA Randonn\u00e9e ciclistica<\/title>\n<meta name=\"description\" content=\"Die erste Etappe der Alps2Riviera Randonn\u00e9e findet entlang der Biella zwischen Bielmonte und Sandigliano statt. Online Anmeldung!\" \/>\n<meta name=\"robots\" content=\"index, follow, max-snippet:-1, max-image-preview:large, max-video-preview:-1\" \/>\n<link rel=\"canonical\" href=\"https:\/\/alps2riviera.it\/de\/alps2riviera-tour\/stage-1\/\" \/>\n<meta property=\"og:locale\" content=\"de_DE\" \/>\n<meta property=\"og:type\" content=\"article\" \/>\n<meta property=\"og:title\" content=\"Etappe 1 Alps2Riviera - ALPS 2 RIVIERA Randonn\u00e9e ciclistica\" \/>\n<meta property=\"og:description\" content=\"Die erste Etappe der Alps2Riviera Randonn\u00e9e findet entlang der Biella zwischen Bielmonte und Sandigliano statt. Online Anmeldung!\" \/>\n<meta property=\"og:url\" content=\"https:\/\/alps2riviera.it\/de\/alps2riviera-tour\/stage-1\/\" \/>\n<meta property=\"og:site_name\" content=\"ALPS 2 RIVIERA Randonn\u00e9e ciclistica\" \/>\n<meta property=\"article:modified_time\" content=\"2018-09-19T10:37:01+00:00\" \/>\n<meta property=\"og:image\" content=\"https:\/\/alps2riviera.it\/wp-content\/uploads\/2018\/06\/22s-150x150.jpg\" \/>\n<meta name=\"twitter:label1\" content=\"Gesch\u00e4tzte Lesezeit\" \/>\n\t<meta name=\"twitter:data1\" content=\"2 Minuten\" \/>\n<script type=\"application\/ld+json\" class=\"yoast-schema-graph\">{\"@context\":\"https:\/\/schema.org\",\"@graph\":[{\"@type\":\"WebPage\",\"@id\":\"https:\/\/alps2riviera.it\/de\/alps2riviera-tour\/stage-1\/\",\"url\":\"https:\/\/alps2riviera.it\/de\/alps2riviera-tour\/stage-1\/\",\"name\":\"Etappe 1 Alps2Riviera - ALPS 2 RIVIERA Randonn\u00e9e ciclistica\",\"isPartOf\":{\"@id\":\"https:\/\/alps2riviera.it\/#website\"},\"datePublished\":\"2018-06-11T09:43:46+00:00\",\"dateModified\":\"2018-09-19T10:37:01+00:00\",\"description\":\"Die erste Etappe der Alps2Riviera Randonn\u00e9e findet entlang der Biella zwischen Bielmonte und Sandigliano statt. Online Anmeldung!\",\"breadcrumb\":{\"@id\":\"https:\/\/alps2riviera.it\/de\/alps2riviera-tour\/stage-1\/#breadcrumb\"},\"inLanguage\":\"de-DE\",\"potentialAction\":[{\"@type\":\"ReadAction\",\"target\":[\"https:\/\/alps2riviera.it\/de\/alps2riviera-tour\/stage-1\/\"]}]},{\"@type\":\"BreadcrumbList\",\"@id\":\"https:\/\/alps2riviera.it\/de\/alps2riviera-tour\/stage-1\/#breadcrumb\",\"itemListElement\":[{\"@type\":\"ListItem\",\"position\":1,\"name\":\"Home\",\"item\":\"https:\/\/alps2riviera.it\/de\/\"},{\"@type\":\"ListItem\",\"position\":2,\"name\":\"Alps2Riviera Randonn\u00e9e\",\"item\":\"https:\/\/alps2riviera.it\/de\/alps2riviera-tour\/\"},{\"@type\":\"ListItem\",\"position\":3,\"name\":\"Etappe 1 Alps2Riviera\"}]},{\"@type\":\"WebSite\",\"@id\":\"https:\/\/alps2riviera.it\/#website\",\"url\":\"https:\/\/alps2riviera.it\/\",\"name\":\"ALPS 2 RIVIERA Randonn\u00e9e ciclistica\",\"description\":\"12-19 maggio 2019 | tour ciclistico attraverso Piemonte e Liguria\",\"potentialAction\":[{\"@type\":\"SearchAction\",\"target\":{\"@type\":\"EntryPoint\",\"urlTemplate\":\"https:\/\/alps2riviera.it\/?s={search_term_string}\"},\"query-input\":\"required name=search_term_string\"}],\"inLanguage\":\"de-DE\"}]}<\/script>\n<!-- \/ Yoast SEO plugin. -->","yoast_head_json":{"title":"Etappe 1 Alps2Riviera - ALPS 2 RIVIERA Randonn\u00e9e ciclistica","description":"Die erste Etappe der Alps2Riviera Randonn\u00e9e findet entlang der Biella zwischen Bielmonte und Sandigliano statt. Online Anmeldung!","robots":{"index":"index","follow":"follow","max-snippet":"max-snippet:-1","max-image-preview":"max-image-preview:large","max-video-preview":"max-video-preview:-1"},"canonical":"https:\/\/alps2riviera.it\/de\/alps2riviera-tour\/stage-1\/","og_locale":"de_DE","og_type":"article","og_title":"Etappe 1 Alps2Riviera - ALPS 2 RIVIERA Randonn\u00e9e ciclistica","og_description":"Die erste Etappe der Alps2Riviera Randonn\u00e9e findet entlang der Biella zwischen Bielmonte und Sandigliano statt. Online Anmeldung!","og_url":"https:\/\/alps2riviera.it\/de\/alps2riviera-tour\/stage-1\/","og_site_name":"ALPS 2 RIVIERA Randonn\u00e9e ciclistica","article_modified_time":"2018-09-19T10:37:01+00:00","og_image":[{"url":"https:\/\/alps2riviera.it\/wp-content\/uploads\/2018\/06\/22s-150x150.jpg"}],"twitter_misc":{"Gesch\u00e4tzte Lesezeit":"2 Minuten"},"schema":{"@context":"https:\/\/schema.org","@graph":[{"@type":"WebPage","@id":"https:\/\/alps2riviera.it\/de\/alps2riviera-tour\/stage-1\/","url":"https:\/\/alps2riviera.it\/de\/alps2riviera-tour\/stage-1\/","name":"Etappe 1 Alps2Riviera - ALPS 2 RIVIERA Randonn\u00e9e ciclistica","isPartOf":{"@id":"https:\/\/alps2riviera.it\/#website"},"datePublished":"2018-06-11T09:43:46+00:00","dateModified":"2018-09-19T10:37:01+00:00","description":"Die erste Etappe der Alps2Riviera Randonn\u00e9e findet entlang der Biella zwischen Bielmonte und Sandigliano statt. Online Anmeldung!","breadcrumb":{"@id":"https:\/\/alps2riviera.it\/de\/alps2riviera-tour\/stage-1\/#breadcrumb"},"inLanguage":"de-DE","potentialAction":[{"@type":"ReadAction","target":["https:\/\/alps2riviera.it\/de\/alps2riviera-tour\/stage-1\/"]}]},{"@type":"BreadcrumbList","@id":"https:\/\/alps2riviera.it\/de\/alps2riviera-tour\/stage-1\/#breadcrumb","itemListElement":[{"@type":"ListItem","position":1,"name":"Home","item":"https:\/\/alps2riviera.it\/de\/"},{"@type":"ListItem","position":2,"name":"Alps2Riviera Randonn\u00e9e","item":"https:\/\/alps2riviera.it\/de\/alps2riviera-tour\/"},{"@type":"ListItem","position":3,"name":"Etappe 1 Alps2Riviera"}]},{"@type":"WebSite","@id":"https:\/\/alps2riviera.it\/#website","url":"https:\/\/alps2riviera.it\/","name":"ALPS 2 RIVIERA Randonn\u00e9e ciclistica","description":"12-19 maggio 2019 | tour ciclistico attraverso Piemonte e Liguria","potentialAction":[{"@type":"SearchAction","target":{"@type":"EntryPoint","urlTemplate":"https:\/\/alps2riviera.it\/?s={search_term_string}"},"query-input":"required name=search_term_string"}],"inLanguage":"de-DE"}]}},"_links":{"self":[{"href":"https:\/\/alps2riviera.it\/de\/wp-json\/wp\/v2\/pages\/8946"}],"collection":[{"href":"https:\/\/alps2riviera.it\/de\/wp-json\/wp\/v2\/pages"}],"about":[{"href":"https:\/\/alps2riviera.it\/de\/wp-json\/wp\/v2\/types\/page"}],"author":[{"embeddable":true,"href":"https:\/\/alps2riviera.it\/de\/wp-json\/wp\/v2\/users\/1"}],"replies":[{"embeddable":true,"href":"https:\/\/alps2riviera.it\/de\/wp-json\/wp\/v2\/comments?post=8946"}],"version-history":[{"count":6,"href":"https:\/\/alps2riviera.it\/de\/wp-json\/wp\/v2\/pages\/8946\/revisions"}],"predecessor-version":[{"id":9234,"href":"https:\/\/alps2riviera.it\/de\/wp-json\/wp\/v2\/pages\/8946\/revisions\/9234"}],"up":[{"embeddable":true,"href":"https:\/\/alps2riviera.it\/de\/wp-json\/wp\/v2\/pages\/8944"}],"wp:attachment":[{"href":"https:\/\/alps2riviera.it\/de\/wp-json\/wp\/v2\/media?parent=8946"}],"curies":[{"name":"wp","href":"https:\/\/api.w.org\/{rel}","templated":true}]}}