{"id":8944,"date":"2018-08-11T13:27:21","date_gmt":"2018-08-11T13:27:21","guid":{"rendered":"http:\/\/alps2riviera.it\/alps2riviera-tour\/"},"modified":"2018-09-20T10:51:20","modified_gmt":"2018-09-20T10:51:20","slug":"alps2riviera-tour","status":"publish","type":"page","link":"https:\/\/alps2riviera.it\/de\/alps2riviera-tour\/","title":{"rendered":"Alps2Riviera Randonn\u00e9e"},"content":{"rendered":"<h2>Die Alps2Riviera Randonn\u00e9e erstreckt sich \u00fcber ca. 600 km von den Bielleser Alpen bis zum Ligurischen Meer.<\/h2>\n<p>Von den Alpen gegen\u00fcber dem Monte Rose bis zum Meer entlang der ligurischen Riviera, entdecken Sie Piemont und Ligurien: die Vielfalt ihrer Landschaften, Speisen und Weine, die Geschichten von Radsport-Champions und legend\u00e4ren Rennen (Pantani, Coppi, MilanoSanremo&#8230;), die Kultur und erleben Sie den Kontakt mit Einheimischen.<\/p>\n<p>Ein Bike-Erlebnis auf 6 Etappen, das Sie mit Ihren Freunden, Ihrer Familie und Ihren Mitfahrern genie\u00dfen k\u00f6nnen&#8230; Oder kommen Sie allein und treffen Sie neue Freunde entlang der Strecke!<\/p>\n<p>Entdecken Sie die Bergstra\u00dfen, die von den mythischen Errungenschaften des &#8222;Piraten&#8220; (Pantani) gepr\u00e4gt sind, im n\u00f6rdlichen Piemont, das &#8222;quadratische Meer&#8220; der Reisfelder in den Provinzen Vercelli und Novara, die H\u00fcgel von Monferrato, wo Fausto Coppi geboren und aufgewachsen ist, Langhe, die gro\u00dfen Barolo und Barbaresco Rotweine und die wei\u00dfen Tr\u00fcffel von Alba, das Cuneo Gebiet und das Tanaro Tal, die Festungen des Nava Passes. Genie\u00dfen Sie den letzten Abstieg zum Ligurischen Meer und entspannen Sie sich am Meer!<\/p>\n<p>Jede Etappe: eine neue Landschaft, eine neue Herausforderung, eine neue Erfahrung, jeden Tag!<\/p>\n<p><iframe loading=\"lazy\" src=\"https:\/\/www.google.com\/maps\/d\/embed?mid=1Muo0Z7XSyvQO4ExREz_ugVhSJACsWeCk\" width=\"800\" height=\"600\" data-mce-fragment=\"1\"><\/iframe><\/p>\n<div>\n<table class=\"easy-table easy-table-default \" style=\"width: 100%;\" border=\"0\">\n<caption>ETAPPEN<\/caption>\n<tbody>\n<tr>\n<td style=\"text-align: center;\">\n<div>stage<\/div>\n<\/td>\n<td style=\"text-align: center;\">von<\/td>\n<td style=\"text-align: center;\">nach<\/td>\n<td style=\"text-align: center;\">km<\/td>\n<\/tr>\n<tr>\n<td style=\"text-align: center;\">\n<div>1<\/div>\n<\/td>\n<td style=\"text-align: center;\">Falletti-Guelpa<\/td>\n<td style=\"text-align: center;\">Sandigliano<\/td>\n<td style=\"text-align: center;\">82<\/td>\n<\/tr>\n<tr>\n<td style=\"text-align: center;\">\n<div>2<\/div>\n<\/td>\n<td style=\"text-align: center;\">Sandigliano<\/td>\n<td style=\"text-align: center;\">Cantone Cerreto<\/td>\n<td style=\"text-align: center;\">110<\/td>\n<\/tr>\n<tr>\n<td style=\"text-align: center;\">\n<div>3<\/div>\n<\/td>\n<td style=\"text-align: center;\">Cantone Cerreto<\/td>\n<td style=\"text-align: center;\">Zerbe Superiori<\/td>\n<td style=\"text-align: center;\">139<\/td>\n<\/tr>\n<tr>\n<td style=\"text-align: center;\">\n<div>4<\/div>\n<\/td>\n<td style=\"text-align: center;\">Fabbricone<\/td>\n<td style=\"text-align: center;\">Alba<\/td>\n<td style=\"text-align: center;\">122<\/td>\n<\/tr>\n<tr>\n<td style=\"text-align: center;\">\n<div>5<\/div>\n<\/td>\n<td style=\"text-align: center;\">Alba<\/td>\n<td style=\"text-align: center;\">Bossieta<\/td>\n<td style=\"text-align: center;\">97<\/td>\n<\/tr>\n<tr>\n<td style=\"text-align: center;\">\n<div>6<\/div>\n<\/td>\n<td style=\"text-align: center;\">Bossieta<\/td>\n<td style=\"text-align: center;\">San Remo<\/td>\n<td style=\"text-align: center;\">79<\/td>\n<\/tr>\n<\/tbody>\n<\/table>\n<\/div>\n","protected":false},"excerpt":{"rendered":"<p>Die Alps2Riviera Randonn\u00e9e erstreckt sich \u00fcber ca. 600 km von den Bielleser Alpen bis zum Ligurischen Meer. Von den Alpen gegen\u00fcber dem Monte Rose bis zum Meer entlang der ligurischen Riviera, entdecken Sie Piemont und Ligurien: die Vielfalt ihrer Landschaften, Speisen und Weine, die Geschichten von Radsport-Champions und legend\u00e4ren Rennen (Pantani, Coppi, MilanoSanremo&#8230;), die Kultur [&hellip;]<\/p>\n","protected":false},"author":1,"featured_media":0,"parent":0,"menu_order":0,"comment_status":"closed","ping_status":"closed","template":"","meta":[],"yoast_head":"<!-- This site is optimized with the Yoast SEO plugin v20.13 - https:\/\/yoast.com\/wordpress\/plugins\/seo\/ -->\n<title>Alps2Riviera Randonn\u00e9e - ALPS 2 RIVIERA Randonn\u00e9e ciclistica<\/title>\n<meta name=\"description\" content=\"Die Alps2Riviera Randonn\u00e9e erstreckt sich \u00fcber ca. 600 km von den Bielleser Alpen bis zum Ligurischen Meer. Ein Bike-Erlebnis auf 6 Etappen\" \/>\n<meta name=\"robots\" content=\"index, follow, max-snippet:-1, max-image-preview:large, max-video-preview:-1\" \/>\n<link rel=\"canonical\" href=\"https:\/\/alps2riviera.it\/de\/alps2riviera-tour\/\" \/>\n<meta property=\"og:locale\" content=\"de_DE\" \/>\n<meta property=\"og:type\" content=\"article\" \/>\n<meta property=\"og:title\" content=\"Alps2Riviera Randonn\u00e9e - ALPS 2 RIVIERA Randonn\u00e9e ciclistica\" \/>\n<meta property=\"og:description\" content=\"Die Alps2Riviera Randonn\u00e9e erstreckt sich \u00fcber ca. 600 km von den Bielleser Alpen bis zum Ligurischen Meer. Ein Bike-Erlebnis auf 6 Etappen\" \/>\n<meta property=\"og:url\" content=\"https:\/\/alps2riviera.it\/de\/alps2riviera-tour\/\" \/>\n<meta property=\"og:site_name\" content=\"ALPS 2 RIVIERA Randonn\u00e9e ciclistica\" \/>\n<meta property=\"article:modified_time\" content=\"2018-09-20T10:51:20+00:00\" \/>\n<meta name=\"twitter:label1\" content=\"Gesch\u00e4tzte Lesezeit\" \/>\n\t<meta name=\"twitter:data1\" content=\"1 Minute\" \/>\n<script type=\"application\/ld+json\" class=\"yoast-schema-graph\">{\"@context\":\"https:\/\/schema.org\",\"@graph\":[{\"@type\":\"WebPage\",\"@id\":\"https:\/\/alps2riviera.it\/de\/alps2riviera-tour\/\",\"url\":\"https:\/\/alps2riviera.it\/de\/alps2riviera-tour\/\",\"name\":\"Alps2Riviera Randonn\u00e9e - ALPS 2 RIVIERA Randonn\u00e9e ciclistica\",\"isPartOf\":{\"@id\":\"https:\/\/alps2riviera.it\/#website\"},\"datePublished\":\"2018-08-11T13:27:21+00:00\",\"dateModified\":\"2018-09-20T10:51:20+00:00\",\"description\":\"Die Alps2Riviera Randonn\u00e9e erstreckt sich \u00fcber ca. 600 km von den Bielleser Alpen bis zum Ligurischen Meer. Ein Bike-Erlebnis auf 6 Etappen\",\"breadcrumb\":{\"@id\":\"https:\/\/alps2riviera.it\/de\/alps2riviera-tour\/#breadcrumb\"},\"inLanguage\":\"de-DE\",\"potentialAction\":[{\"@type\":\"ReadAction\",\"target\":[\"https:\/\/alps2riviera.it\/de\/alps2riviera-tour\/\"]}]},{\"@type\":\"BreadcrumbList\",\"@id\":\"https:\/\/alps2riviera.it\/de\/alps2riviera-tour\/#breadcrumb\",\"itemListElement\":[{\"@type\":\"ListItem\",\"position\":1,\"name\":\"Home\",\"item\":\"https:\/\/alps2riviera.it\/de\/\"},{\"@type\":\"ListItem\",\"position\":2,\"name\":\"Alps2Riviera Randonn\u00e9e\"}]},{\"@type\":\"WebSite\",\"@id\":\"https:\/\/alps2riviera.it\/#website\",\"url\":\"https:\/\/alps2riviera.it\/\",\"name\":\"ALPS 2 RIVIERA Randonn\u00e9e ciclistica\",\"description\":\"12-19 maggio 2019 | tour ciclistico attraverso Piemonte e Liguria\",\"potentialAction\":[{\"@type\":\"SearchAction\",\"target\":{\"@type\":\"EntryPoint\",\"urlTemplate\":\"https:\/\/alps2riviera.it\/?s={search_term_string}\"},\"query-input\":\"required name=search_term_string\"}],\"inLanguage\":\"de-DE\"}]}<\/script>\n<!-- \/ Yoast SEO plugin. -->","yoast_head_json":{"title":"Alps2Riviera Randonn\u00e9e - ALPS 2 RIVIERA Randonn\u00e9e ciclistica","description":"Die Alps2Riviera Randonn\u00e9e erstreckt sich \u00fcber ca. 600 km von den Bielleser Alpen bis zum Ligurischen Meer. Ein Bike-Erlebnis auf 6 Etappen","robots":{"index":"index","follow":"follow","max-snippet":"max-snippet:-1","max-image-preview":"max-image-preview:large","max-video-preview":"max-video-preview:-1"},"canonical":"https:\/\/alps2riviera.it\/de\/alps2riviera-tour\/","og_locale":"de_DE","og_type":"article","og_title":"Alps2Riviera Randonn\u00e9e - ALPS 2 RIVIERA Randonn\u00e9e ciclistica","og_description":"Die Alps2Riviera Randonn\u00e9e erstreckt sich \u00fcber ca. 600 km von den Bielleser Alpen bis zum Ligurischen Meer. Ein Bike-Erlebnis auf 6 Etappen","og_url":"https:\/\/alps2riviera.it\/de\/alps2riviera-tour\/","og_site_name":"ALPS 2 RIVIERA Randonn\u00e9e ciclistica","article_modified_time":"2018-09-20T10:51:20+00:00","twitter_misc":{"Gesch\u00e4tzte Lesezeit":"1 Minute"},"schema":{"@context":"https:\/\/schema.org","@graph":[{"@type":"WebPage","@id":"https:\/\/alps2riviera.it\/de\/alps2riviera-tour\/","url":"https:\/\/alps2riviera.it\/de\/alps2riviera-tour\/","name":"Alps2Riviera Randonn\u00e9e - ALPS 2 RIVIERA Randonn\u00e9e ciclistica","isPartOf":{"@id":"https:\/\/alps2riviera.it\/#website"},"datePublished":"2018-08-11T13:27:21+00:00","dateModified":"2018-09-20T10:51:20+00:00","description":"Die Alps2Riviera Randonn\u00e9e erstreckt sich \u00fcber ca. 600 km von den Bielleser Alpen bis zum Ligurischen Meer. Ein Bike-Erlebnis auf 6 Etappen","breadcrumb":{"@id":"https:\/\/alps2riviera.it\/de\/alps2riviera-tour\/#breadcrumb"},"inLanguage":"de-DE","potentialAction":[{"@type":"ReadAction","target":["https:\/\/alps2riviera.it\/de\/alps2riviera-tour\/"]}]},{"@type":"BreadcrumbList","@id":"https:\/\/alps2riviera.it\/de\/alps2riviera-tour\/#breadcrumb","itemListElement":[{"@type":"ListItem","position":1,"name":"Home","item":"https:\/\/alps2riviera.it\/de\/"},{"@type":"ListItem","position":2,"name":"Alps2Riviera Randonn\u00e9e"}]},{"@type":"WebSite","@id":"https:\/\/alps2riviera.it\/#website","url":"https:\/\/alps2riviera.it\/","name":"ALPS 2 RIVIERA Randonn\u00e9e ciclistica","description":"12-19 maggio 2019 | tour ciclistico attraverso Piemonte e Liguria","potentialAction":[{"@type":"SearchAction","target":{"@type":"EntryPoint","urlTemplate":"https:\/\/alps2riviera.it\/?s={search_term_string}"},"query-input":"required name=search_term_string"}],"inLanguage":"de-DE"}]}},"_links":{"self":[{"href":"https:\/\/alps2riviera.it\/de\/wp-json\/wp\/v2\/pages\/8944"}],"collection":[{"href":"https:\/\/alps2riviera.it\/de\/wp-json\/wp\/v2\/pages"}],"about":[{"href":"https:\/\/alps2riviera.it\/de\/wp-json\/wp\/v2\/types\/page"}],"author":[{"embeddable":true,"href":"https:\/\/alps2riviera.it\/de\/wp-json\/wp\/v2\/users\/1"}],"replies":[{"embeddable":true,"href":"https:\/\/alps2riviera.it\/de\/wp-json\/wp\/v2\/comments?post=8944"}],"version-history":[{"count":5,"href":"https:\/\/alps2riviera.it\/de\/wp-json\/wp\/v2\/pages\/8944\/revisions"}],"predecessor-version":[{"id":9271,"href":"https:\/\/alps2riviera.it\/de\/wp-json\/wp\/v2\/pages\/8944\/revisions\/9271"}],"wp:attachment":[{"href":"https:\/\/alps2riviera.it\/de\/wp-json\/wp\/v2\/media?parent=8944"}],"curies":[{"name":"wp","href":"https:\/\/api.w.org\/{rel}","templated":true}]}}