{"id":8942,"date":"2018-08-11T12:52:27","date_gmt":"2018-08-11T12:52:27","guid":{"rendered":"http:\/\/alps2riviera.it\/datenblatt\/"},"modified":"2018-09-26T10:51:10","modified_gmt":"2018-09-26T10:51:10","slug":"datenblatt","status":"publish","type":"page","link":"https:\/\/alps2riviera.it\/de\/datenblatt\/","title":{"rendered":"Datenblatt Pauschalpaket"},"content":{"rendered":"<h1>\u00a0&#8222;ALPS2RIVIERA&#8220; PAUSCHALPAKET<\/h1>\n<p>8 Tage \/ 7 N\u00e4chte<\/p>\n<h3><span style=\"color: #ff0000;\">Einzelpreis: 1299,00 \u20ac im Doppelzimmer<\/span><\/h3>\n<h4><span style=\"color: #ff0000;\">Einzelzimmer-Zuschlag: 265,00 \u20ac<br \/>\n<\/span><\/h4>\n<h4><span style=\"color: #ff0000;\">Fr\u00fchbucherrabatt: 100,00 \u20ac bei Buchung bis zum 15. Dezember 2018<\/span><\/h4>\n<h3>Die Kosten beinhalten<\/h3>\n<ul>\n<li>7 \u00dcbernachtungen in Hotels<\/li>\n<li>Halbpension (Fr\u00fchst\u00fcck und Abendessen)<\/li>\n<li>Nachmittagssnack<\/li>\n<li>Gep\u00e4cktransport von einer Etappe zur n\u00e4chsten (maximale Abmessungen 60 x 45 x 25 cm)<\/li>\n<li>Mechanische Unterst\u00fctzung und Bergung entlang der Strecke<\/li>\n<li>GPS-Tracking der Route jeder Etappe<\/li>\n<li>Roadbook der Strecke jeder Etappe<\/li>\n<\/ul>\n<h3>Die Kosten beinhalten nicht<\/h3>\n<ul>\n<li>die An- und Abreise zu Ihrem Aufenthaltsort in die Stadt, in der die Veranstaltung beginnt und endet<\/li>\n<li>Zuwendungen und sonstige Eink\u00e4ufe pers\u00f6nlicher Art<\/li>\n<li>alles, was nicht ausdr\u00fccklich in &#8222;Die Kosten beinhalten&#8220; beschrieben ist<\/li>\n<\/ul>\n<h3>Dienstleistungen auf Anfrage gegen Bezahlung m\u00f6glich<\/h3>\n<ul>\n<li>Transport von Fahrradtaschen und -gep\u00e4ck vom Hotel der ersten Etappe zum Hotel der letzten Etappe<\/li>\n<li>Transfers vom Flughafen und Bahnhof zum Hotel der ersten Etappe<\/li>\n<li>Transfer vom Hotel der letzten Etappe zum Flughafen oder Bahnhof der Abreise<\/li>\n<li>Reiseversicherung<\/li>\n<\/ul>\n<h3>Buchungspolitik und Vertragsbedingungen<\/h3>\n<p>Das Paket unterliegt den <a onclick=\"javascript:pageTracker._trackPageview('\/outgoing\/www.nyalatravel.com\/condizioni-generali-di-contratto-per-la-vendita-di-pacchetti-turistici\/');\"  href=\"https:\/\/www.nyalatravel.com\/condizioni-generali-di-contratto-per-la-vendita-di-pacchetti-turistici\/\" target=\"_blank\" rel=\"noopener\">Allgemeinen Gesch\u00e4ftsbedingungen f\u00fcr den Verkauf von Pauschalreisen<\/a>, die auf der Website der Agentur zur Verf\u00fcgung gestellt werden, ge\u00e4ndert durch die folgende Buchungspolitik, da es sich um eine besondere Art der Veranstaltung handelt, mit der das Paket verbunden ist:<\/p>\n<ul>\n<li>Anzahlung bei der Anmeldung zur Veranstaltung in H\u00f6he von 25% des Teilnahmepreises<\/li>\n<li>Der Restbetrag ist 60 Tage vor Veranstaltungsbeginn zu \u00fcberweisen<\/li>\n<\/ul>\n<p>Im Falle einer Stornierung durch den Verbraucher gelten die folgenden Stornogeb\u00fchren:<\/p>\n<ul>\n<li>Kostenlose Stornierung, abz\u00fcglich Bankgeb\u00fchren, bis 120 Tage vor Veranstaltungsbeginn<\/li>\n<li>Strafe in H\u00f6he von 25% der Teilnahmekosten, bis 60 Tage vor Veranstaltungsbeginn<\/li>\n<li>Strafe in H\u00f6he von 50% der Teilnahmekosten, bis 30 Tage vor Veranstaltungsbeginn<\/li>\n<li>Strafe in H\u00f6he von 100% der Teilnahmekosten innerhalb von 29 Tagen vor Veranstaltungsbeginn<\/li>\n<\/ul>\n<h3>Versicherung<\/h3>\n<ul>\n<li>Eine g\u00fcltige, von ACSI anerkannte Sportlizenz ist erforderlich, mit dem entsprechenden Versicherungsschutz f\u00fcr die Aus\u00fcbung des Stra\u00dfenradsports<\/li>\n<li>Es wird auch dringend empfohlen, eine Reisegep\u00e4ckversicherung und eine allgemeine Reiseversicherung abzuschlie\u00dfen<\/li>\n<li>Es wird au\u00dferdem dringend empfohlen, eine Reiser\u00fccktrittsversicherung abzuschlie\u00dfen<\/li>\n<\/ul>\n<h3>Mindestanzahl der Teilnehmer<\/h3>\n<ul>\n<li>Die Mindestteilnehmerzahl zur Best\u00e4tigung der Reise \/ Veranstaltung betr\u00e4gt 30 Personen.<\/li>\n<li>Sollte die Mindestteilnehmerzahl nicht erreicht werden, kann der Veranstalter die Veranstaltung absagen und alle Kosten werden vollumf\u00e4nglich erstattet.<\/li>\n<\/ul>\n<h3>Technische Organisation<\/h3>\n<p>NYALA WONDER TRAVEL<br \/>\nDMC &amp; TOUR OPERATOR<br \/>\nVia Solaro 134<br \/>\n18038 San Remo<br \/>\nTel: 0184 666 986<br \/>\nFax: 0184 696 672<br \/>\nEigentum: NWT S.r.l.<br \/>\nFirmensitz in TORINO \u2013 Corso Palestro 9<br \/>\nSteuerkennzeichen und USt-Nr. 10925080011<br \/>\nC.C.I.A.A. Torino R.E.A n. 1173522<br \/>\nSAI-Versicherungspolice 1124800004977<br \/>\nReiseb\u00fcro-Lizenz Region Ligurien n. 244<br \/>\nMitglied des Reisegarantiefonds<\/p>\n","protected":false},"excerpt":{"rendered":"<p>\u00a0&#8222;ALPS2RIVIERA&#8220; PAUSCHALPAKET 8 Tage \/ 7 N\u00e4chte Einzelpreis: 1299,00 \u20ac im Doppelzimmer Einzelzimmer-Zuschlag: 265,00 \u20ac Fr\u00fchbucherrabatt: 100,00 \u20ac bei Buchung bis zum 15. Dezember 2018 Die Kosten beinhalten 7 \u00dcbernachtungen in Hotels Halbpension (Fr\u00fchst\u00fcck und Abendessen) Nachmittagssnack Gep\u00e4cktransport von einer Etappe zur n\u00e4chsten (maximale Abmessungen 60 x 45 x 25 cm) Mechanische Unterst\u00fctzung und Bergung [&hellip;]<\/p>\n","protected":false},"author":1,"featured_media":0,"parent":0,"menu_order":0,"comment_status":"closed","ping_status":"closed","template":"","meta":[],"yoast_head":"<!-- This site is optimized with the Yoast SEO plugin v20.13 - https:\/\/yoast.com\/wordpress\/plugins\/seo\/ -->\n<title>Datenblatt Pauschalpaket - ALPS 2 RIVIERA Randonn\u00e9e ciclistica<\/title>\n<meta name=\"robots\" content=\"index, follow, max-snippet:-1, max-image-preview:large, max-video-preview:-1\" \/>\n<link rel=\"canonical\" href=\"https:\/\/alps2riviera.it\/de\/datenblatt\/\" \/>\n<meta property=\"og:locale\" content=\"de_DE\" \/>\n<meta property=\"og:type\" content=\"article\" \/>\n<meta property=\"og:title\" content=\"Datenblatt Pauschalpaket - ALPS 2 RIVIERA Randonn\u00e9e ciclistica\" \/>\n<meta property=\"og:description\" content=\"\u00a0&#8222;ALPS2RIVIERA&#8220; PAUSCHALPAKET 8 Tage \/ 7 N\u00e4chte Einzelpreis: 1299,00 \u20ac im Doppelzimmer Einzelzimmer-Zuschlag: 265,00 \u20ac Fr\u00fchbucherrabatt: 100,00 \u20ac bei Buchung bis zum 15. Dezember 2018 Die Kosten beinhalten 7 \u00dcbernachtungen in Hotels Halbpension (Fr\u00fchst\u00fcck und Abendessen) Nachmittagssnack Gep\u00e4cktransport von einer Etappe zur n\u00e4chsten (maximale Abmessungen 60 x 45 x 25 cm) Mechanische Unterst\u00fctzung und Bergung [&hellip;]\" \/>\n<meta property=\"og:url\" content=\"https:\/\/alps2riviera.it\/de\/datenblatt\/\" \/>\n<meta property=\"og:site_name\" content=\"ALPS 2 RIVIERA Randonn\u00e9e ciclistica\" \/>\n<meta property=\"article:modified_time\" content=\"2018-09-26T10:51:10+00:00\" \/>\n<meta name=\"twitter:label1\" content=\"Gesch\u00e4tzte Lesezeit\" \/>\n\t<meta name=\"twitter:data1\" content=\"2 Minuten\" \/>\n<script type=\"application\/ld+json\" class=\"yoast-schema-graph\">{\"@context\":\"https:\/\/schema.org\",\"@graph\":[{\"@type\":\"WebPage\",\"@id\":\"https:\/\/alps2riviera.it\/de\/datenblatt\/\",\"url\":\"https:\/\/alps2riviera.it\/de\/datenblatt\/\",\"name\":\"Datenblatt Pauschalpaket - ALPS 2 RIVIERA Randonn\u00e9e ciclistica\",\"isPartOf\":{\"@id\":\"https:\/\/alps2riviera.it\/#website\"},\"datePublished\":\"2018-08-11T12:52:27+00:00\",\"dateModified\":\"2018-09-26T10:51:10+00:00\",\"breadcrumb\":{\"@id\":\"https:\/\/alps2riviera.it\/de\/datenblatt\/#breadcrumb\"},\"inLanguage\":\"de-DE\",\"potentialAction\":[{\"@type\":\"ReadAction\",\"target\":[\"https:\/\/alps2riviera.it\/de\/datenblatt\/\"]}]},{\"@type\":\"BreadcrumbList\",\"@id\":\"https:\/\/alps2riviera.it\/de\/datenblatt\/#breadcrumb\",\"itemListElement\":[{\"@type\":\"ListItem\",\"position\":1,\"name\":\"Home\",\"item\":\"https:\/\/alps2riviera.it\/de\/\"},{\"@type\":\"ListItem\",\"position\":2,\"name\":\"Datenblatt Pauschalpaket\"}]},{\"@type\":\"WebSite\",\"@id\":\"https:\/\/alps2riviera.it\/#website\",\"url\":\"https:\/\/alps2riviera.it\/\",\"name\":\"ALPS 2 RIVIERA Randonn\u00e9e ciclistica\",\"description\":\"12-19 maggio 2019 | tour ciclistico attraverso Piemonte e Liguria\",\"potentialAction\":[{\"@type\":\"SearchAction\",\"target\":{\"@type\":\"EntryPoint\",\"urlTemplate\":\"https:\/\/alps2riviera.it\/?s={search_term_string}\"},\"query-input\":\"required name=search_term_string\"}],\"inLanguage\":\"de-DE\"}]}<\/script>\n<!-- \/ Yoast SEO plugin. -->","yoast_head_json":{"title":"Datenblatt Pauschalpaket - ALPS 2 RIVIERA Randonn\u00e9e ciclistica","robots":{"index":"index","follow":"follow","max-snippet":"max-snippet:-1","max-image-preview":"max-image-preview:large","max-video-preview":"max-video-preview:-1"},"canonical":"https:\/\/alps2riviera.it\/de\/datenblatt\/","og_locale":"de_DE","og_type":"article","og_title":"Datenblatt Pauschalpaket - ALPS 2 RIVIERA Randonn\u00e9e ciclistica","og_description":"\u00a0&#8222;ALPS2RIVIERA&#8220; PAUSCHALPAKET 8 Tage \/ 7 N\u00e4chte Einzelpreis: 1299,00 \u20ac im Doppelzimmer Einzelzimmer-Zuschlag: 265,00 \u20ac Fr\u00fchbucherrabatt: 100,00 \u20ac bei Buchung bis zum 15. Dezember 2018 Die Kosten beinhalten 7 \u00dcbernachtungen in Hotels Halbpension (Fr\u00fchst\u00fcck und Abendessen) Nachmittagssnack Gep\u00e4cktransport von einer Etappe zur n\u00e4chsten (maximale Abmessungen 60 x 45 x 25 cm) Mechanische Unterst\u00fctzung und Bergung [&hellip;]","og_url":"https:\/\/alps2riviera.it\/de\/datenblatt\/","og_site_name":"ALPS 2 RIVIERA Randonn\u00e9e ciclistica","article_modified_time":"2018-09-26T10:51:10+00:00","twitter_misc":{"Gesch\u00e4tzte Lesezeit":"2 Minuten"},"schema":{"@context":"https:\/\/schema.org","@graph":[{"@type":"WebPage","@id":"https:\/\/alps2riviera.it\/de\/datenblatt\/","url":"https:\/\/alps2riviera.it\/de\/datenblatt\/","name":"Datenblatt Pauschalpaket - ALPS 2 RIVIERA Randonn\u00e9e ciclistica","isPartOf":{"@id":"https:\/\/alps2riviera.it\/#website"},"datePublished":"2018-08-11T12:52:27+00:00","dateModified":"2018-09-26T10:51:10+00:00","breadcrumb":{"@id":"https:\/\/alps2riviera.it\/de\/datenblatt\/#breadcrumb"},"inLanguage":"de-DE","potentialAction":[{"@type":"ReadAction","target":["https:\/\/alps2riviera.it\/de\/datenblatt\/"]}]},{"@type":"BreadcrumbList","@id":"https:\/\/alps2riviera.it\/de\/datenblatt\/#breadcrumb","itemListElement":[{"@type":"ListItem","position":1,"name":"Home","item":"https:\/\/alps2riviera.it\/de\/"},{"@type":"ListItem","position":2,"name":"Datenblatt Pauschalpaket"}]},{"@type":"WebSite","@id":"https:\/\/alps2riviera.it\/#website","url":"https:\/\/alps2riviera.it\/","name":"ALPS 2 RIVIERA Randonn\u00e9e ciclistica","description":"12-19 maggio 2019 | tour ciclistico attraverso Piemonte e Liguria","potentialAction":[{"@type":"SearchAction","target":{"@type":"EntryPoint","urlTemplate":"https:\/\/alps2riviera.it\/?s={search_term_string}"},"query-input":"required name=search_term_string"}],"inLanguage":"de-DE"}]}},"_links":{"self":[{"href":"https:\/\/alps2riviera.it\/de\/wp-json\/wp\/v2\/pages\/8942"}],"collection":[{"href":"https:\/\/alps2riviera.it\/de\/wp-json\/wp\/v2\/pages"}],"about":[{"href":"https:\/\/alps2riviera.it\/de\/wp-json\/wp\/v2\/types\/page"}],"author":[{"embeddable":true,"href":"https:\/\/alps2riviera.it\/de\/wp-json\/wp\/v2\/users\/1"}],"replies":[{"embeddable":true,"href":"https:\/\/alps2riviera.it\/de\/wp-json\/wp\/v2\/comments?post=8942"}],"version-history":[{"count":2,"href":"https:\/\/alps2riviera.it\/de\/wp-json\/wp\/v2\/pages\/8942\/revisions"}],"predecessor-version":[{"id":9293,"href":"https:\/\/alps2riviera.it\/de\/wp-json\/wp\/v2\/pages\/8942\/revisions\/9293"}],"wp:attachment":[{"href":"https:\/\/alps2riviera.it\/de\/wp-json\/wp\/v2\/media?parent=8942"}],"curies":[{"name":"wp","href":"https:\/\/api.w.org\/{rel}","templated":true}]}}